
{"id":49796,"date":"2023-03-15T17:15:31","date_gmt":"2023-03-15T17:15:39","guid":{"rendered":"https:\/\/marshallradio.com\/eu\/?post_type=product&#038;p=49796"},"modified":"2023-03-15T18:20:55","modified_gmt":"2023-03-15T18:20:55","slug":"rt-trasmettitore-vhf","status":"publish","type":"product","link":"https:\/\/marshallradio.com\/eu\/product\/rt-trasmettitore-vhf\/?lang=it","title":{"rendered":"RT Trasmettitore VHF"},"content":{"rendered":"<p>&nbsp;<\/p>\n<p><b>METODI DI MONTAGGIO \u2013 Convertibile per la massima versatilit\u00e0<\/b><\/p>\n<p>Utilizzando la molla di coda inclusa, l&#8217;RT pu\u00f2 essere fissato al ponte utilizzando l&#8217;opportunamente dimensionato <a href=\"https:\/\/marshallradio.com\/eu\/prodotto\/coda-parti-marshall-alluminio\/?lang=it\">cordiera<\/a> o montato sul <a href=\"https:\/\/marshallradio.com\/eu\/prodotto\/trackpack-montaggio-sistema\/?lang=it\">TrackPack<\/a>.<\/p>\n<p>\u00c8 inoltre possibile specificare il supporto per le gambe (coperchio in stile Bewitt, adatto anche per il montaggio sul collo); o il sistema di torsione Marshall EZ per il montaggio della gamba con una sola mano senza problemi sul tuo rapace. Le molle di coda possono essere facilmente rimosse\/installate per passare dalla configurazione di coda a quella di gamba. Anche le molle di coda e le antenne sono facilmente sostituibili per mantenere il tuo trasmettitore in perfetto stato di funzionamento per gli anni a venire.<\/p>\n<p><strong>LED A COLORI COMPLETI<\/strong><\/p>\n<p>Super efficiente, RT utilizza la pi\u00f9 recente tecnologia LED multicolore per darti lo stato del trasmettitore a colpo d&#8217;occhio.<\/p>\n<p>Ogni colore indica:<\/p>\n<ul>\n<li>VERDE = alimentazione e funzionamento regolari<\/li>\n<li>GIALLO = Modalit\u00e0 batteria scarica, \u00e8 ora di sostituire la batteria<\/li>\n<li>ROSSO = batteria quasi scarica (meno di 24 ore rimanenti)<\/li>\n<\/ul>\n<p><strong>INTERRUTTORE MAGNETICO<\/strong><\/p>\n<p>Con l&#8217;interruttore magnetico On\/Off, le batterie possono essere lasciate all&#8217;interno dei trasmettitori, fino a quando non devono essere sostituite. Per accenderlo, tocca semplicemente il magnete sul coperchio o sul corpo del trasmettitore fino a quando non vedi tre rapidi lampeggi del LED (insieme a 3 segnali acustici sul ricevitore UHF), che indicano che il trasmettitore \u00e8 acceso e in funzione. Fare lo stesso per spegnere il trasmettitore. In caso di smarrimento del magnete, il trasmettitore pu\u00f2 comunque essere acceso e spento manualmente rimuovendo la batteria.<strong><br \/>\n<\/strong><\/p>\n<p><strong>ANTENNA<\/strong><\/p>\n<p>L&#8217;RT VHF \u00e8 sintonizzato per un&#8217;antenna di media lunghezza da 9,5&#8243;, offrendo il miglior equilibrio tra portata ottimale e lunghezza ridotta per la sicurezza.<\/p>\n<p>&nbsp;<\/p>\n<p><strong>I trasmettitori di telemetria VHF RT sono compatibili con le nostre batterie ricaricabili.<\/strong><\/p>\n<p>L&#8217;utilizzo di batterie ricaricabili con il tuo RT fornisce un raggio di tracciamento ancora maggiore e consente a ogni volo di iniziare con una batteria carica, offrendo il massimo tempo di recupero in caso di necessit\u00e0. Per acquistare questa opzione, <a href=\"https:\/\/marshallradio.com\/eu\/prodotto\/rt-gps-rechargeable-battery-kit\/?lang=it\">clicca qui per i nostri kit caricabatterie.<\/a> Nelle note alla cassa si prega di notare se il kit caricabatterie \u00e8 per il tuo RT in modo che possiamo abbinare al meglio il colore del tuo trasmettitore. Se hai gi\u00e0 una base di ricarica puoi semplicemente acquistare una singola batteria ricaricabile<a href=\"https:\/\/marshallradio.com\/eu\/prodotto\/batterie-ricaricabili-aggiuntive\/?lang=it\">Qui.<\/a> Se hai gi\u00e0 le batterie ricaricabili per il tuo GPS, la stessa batteria pu\u00f2 essere utilizzata con il tuo RT. La durata della batteria \u00e8 di 7-10 giorni.<\/p>\n<p>&nbsp;<\/p>\n<p><strong>CHE TIPO DI GAMMA PUOI ASPETTARTI?<\/strong><\/p>\n<p>Abbiamo testato questi trasmettitori con una buona linea di vista del segnale fino a oltre 70 miglia. Ma le misurazioni importanti sono sul terreno e nel terreno di caccia vero e proprio dove ci sono ostacoli e altre condizioni che influenzano negativamente il segnale. E in ogni situazione che incontrerai, il VHF RT fornir\u00e0 la migliore portata possibile.<\/p>\n","protected":false},"excerpt":{"rendered":"<p>Definendo il nuovo standard per la telemetria VHF, il nuovo RT VHF \u00e8 il nostro trasmettitore di telemetria tradizionale pi\u00f9 robusto e versatile. Fornisce la massima sicurezza durante il recupero del tuo uccello. Disponibile per l&#8217;uso in qualsiasi configurazione di montaggio (gamba, coda, zaino o collo), l&#8217;RT pu\u00f2 essere ordinato sul canale scelto all&#8217;interno della banda 216-218 MHz.<\/p>\n<p>Il nuovo RT sostituisce il vecchio RT Plus e il PowerMax, fornendo un&#8217;autonomia pari al PowerMax, con una durata della batteria superiore, opzioni per gambe\/coda, robustezza superiore e caratteristiche moderne come LED a colori e maggiore efficienza.<\/p>\n<p>Per falchi e falchi di grandi dimensioni, consigliamo l&#8217;RT per l&#8217;uso come trasmettitore di tracciamento principale o come trasmettitore secondario ideale a lunga durata\/lungo raggio se utilizzato in combinazione con il GPS Marshall.<\/p>\n<div class=\"read-more\"><a href=\"https:\/\/marshallradio.com\/eu\/product\/rt-trasmettitore-vhf\/?lang=it\">Read more <span class=\"screen-reader-text\">RT Trasmettitore VHF<\/span><span class=\"meta-nav\"> &#8250;<\/span><\/a><\/div>\n<p><!-- end of .read-more --><\/p>\n","protected":false},"featured_media":49851,"template":"","meta":{"_acf_changed":false},"product_brand":[],"product_cat":[89],"product_tag":[],"class_list":{"0":"post-49796","1":"product","2":"type-product","3":"status-publish","4":"has-post-thumbnail","6":"product_cat-trasmettitori","8":"first","9":"instock","10":"taxable","11":"shipping-taxable","12":"purchasable","13":"product-type-variable"},"acf":[],"_links":{"self":[{"href":"https:\/\/marshallradio.com\/eu\/wp-json\/wp\/v2\/product\/49796","targetHints":{"allow":["GET"]}}],"collection":[{"href":"https:\/\/marshallradio.com\/eu\/wp-json\/wp\/v2\/product"}],"about":[{"href":"https:\/\/marshallradio.com\/eu\/wp-json\/wp\/v2\/types\/product"}],"wp:featuredmedia":[{"embeddable":true,"href":"https:\/\/marshallradio.com\/eu\/wp-json\/wp\/v2\/media\/49851"}],"wp:attachment":[{"href":"https:\/\/marshallradio.com\/eu\/wp-json\/wp\/v2\/media?parent=49796"}],"wp:term":[{"taxonomy":"product_brand","embeddable":true,"href":"https:\/\/marshallradio.com\/eu\/wp-json\/wp\/v2\/product_brand?post=49796"},{"taxonomy":"product_cat","embeddable":true,"href":"https:\/\/marshallradio.com\/eu\/wp-json\/wp\/v2\/product_cat?post=49796"},{"taxonomy":"product_tag","embeddable":true,"href":"https:\/\/marshallradio.com\/eu\/wp-json\/wp\/v2\/product_tag?post=49796"}],"curies":[{"name":"wp","href":"https:\/\/api.w.org\/{rel}","templated":true}]}}