
{"id":50300,"date":"2023-05-10T16:29:37","date_gmt":"2023-05-10T16:29:45","guid":{"rendered":"https:\/\/marshallradio.com\/eu\/?post_type=product&#038;p=50300"},"modified":"2024-07-18T21:47:15","modified_gmt":"2024-07-18T21:47:15","slug":"micro-emetteur-petit-perroquet","status":"publish","type":"product","link":"https:\/\/marshallradio.com\/eu\/product\/micro-emetteur-petit-perroquet\/?lang=fr","title":{"rendered":"Micro \u00e9metteur (petit perroquet)"},"content":{"rendered":"<p><strong>LA PLUS PETITE TAILLE, LE PLUS L\u00c9GER<\/strong><br \/>\nLe Micro est notre plus petit mod\u00e8le d&#8217;\u00e9metteur, ne pesant que 3,5 grammes avec la minuscule pile bouton au lithium 1225 3v install\u00e9e. Pourtant, sa port\u00e9e d\u00e9passe celle de la plupart des \u00e9metteurs deux ou trois fois sa taille et son poids.<\/p>\n<p><strong>COUDI\u00c8RES DE TAILLE MICRO ET OUTIL D&#8217;INSTALLATION CORRESPONDANT<\/strong><br \/>\nLe petit morceau de plume de queue est utilis\u00e9 avec l&#8217;outil d&#8217;installation correspondant pour installer rapidement le morceau de queue sur la plume du pont de votre oiseau. Le processus est simple et rapide, causant tr\u00e8s peu de stress \u00e0 l&#8217;oiseau.<\/p>\n<p><strong>PLUS DE PUISSANCE POSSIBLE AVEC UNE PETITE BATTERIE<\/strong><\/p>\n<p>Utilisant des piles boutons au lithium tr\u00e8s petites et l\u00e9g\u00e8res, le micro-\u00e9metteur est con\u00e7u pour \u00e9mettre le plus de puissance possible tout en exploitant les r\u00e9serves de la batterie le plus efficacement possible. A temp\u00e9rature ambiante, le Micro \u00e9mettra en continu pendant 30 heures d&#8217;utilisation normale (30 vols d&#8217;une heure, un mois) avant de vous dire de changer la pile avec un double bip toutes les dix impulsions. Apr\u00e8s cela, la batterie fonctionne environ 70 heures de plus pour une dur\u00e9e totale d&#8217;environ 100 heures. En utilisant le commutateur Mag pour activer et d\u00e9sactiver chaque vol, cela peut se traduire par un ou deux mois d&#8217;utilisation normale par changement de batterie, tout en conservant toujours une marge de s\u00e9curit\u00e9 de trois jours pour rechercher un oiseau perdu.<\/p>\n<p>Vous pouvez laisser votre batterie dans le Micro jusqu&#8217;\u00e0 six mois. L&#8217;\u00e9metteur garde une trace du temps de transmission cumul\u00e9 pour estimer la dur\u00e9e de vie restante de la batterie, m\u00eame lorsqu&#8217;il ne transmet pas.<\/p>\n<p>Si vous recevez un avertissement pr\u00e9coce par double bip, il est possible que la m\u00e9moire \u00e0 l&#8217;int\u00e9rieur de l&#8217;\u00e9metteur n&#8217;ait pas \u00e9t\u00e9 r\u00e9initialis\u00e9e lors du dernier changement de pile. Pour r\u00e9initialiser la m\u00e9moire, il suffit soit<\/p>\n<p>a) allumez l&#8217;\u00e9metteur avec l&#8217;aimant avant de changer la pile ou<\/p>\n<p>b) court-circuiter les contacts \u00e0 chaque changement de pile.<\/p>\n<p>Cela assurera une r\u00e9initialisation compl\u00e8te de la minuterie de la batterie et vous donnera le temps de fonctionnement correct avant que le double bip ne se produise.<\/p>\n<p><strong>OPTION DE MONTAGE SUR JAMBES OU SUR LA QUEUE<\/strong><br \/>\nIl existe deux mod\u00e8les de corps\u00a0: 1) le bo\u00eetier de montage sur jambe avec une petite boucle de fixation Bewit en haut et un dos lisse. Cela rend la version Leg Mount \u00e9galement id\u00e9ale pour le montage sur le cou, et 2) le bo\u00eetier de montage arri\u00e8re qui a trois minuscules poteaux \u00e0 l&#8217;arri\u00e8re pour maintenir le ressort arri\u00e8re et le rendre \u00e9galement rempla\u00e7able sur le terrain.<\/p>\n<p>Pour garder le poids au minimum absolu, nous les fabriquons d&#8217;une mani\u00e8re ou d&#8217;une autre.<\/p>\n<p><strong>FONCTIONNE A FROID\u00a0<\/strong><b>TEMP\u00c9RATURES<\/b><\/p>\n<p>Avec une nouvelle batterie, le Micro fonctionnera jusqu&#8217;\u00e0 des temp\u00e9ratures extr\u00eamement froides (-40F). Cependant, la batterie du Micro est tr\u00e8s petite et sa capacit\u00e9 \u00e0 fournir de l&#8217;\u00e9nergie \u00e0 l&#8217;\u00e9metteur est limit\u00e9e \u00e0 ces temp\u00e9ratures (r\u00e9duisant ainsi la dur\u00e9e de fonctionnement). Nous vous recommandons d&#8217;utiliser une nouvelle batterie chaque jour lorsque vous volez par des temp\u00e9ratures extr\u00eamement froides.<\/p>\n","protected":false},"excerpt":{"rendered":"<p><strong>Ce micro peut \u00eatre utilis\u00e9 avec votre petit syst\u00e8me de t\u00e9l\u00e9m\u00e9trie bip perroquet d\u00e9j\u00e0 existant et\/ou votre r\u00e9cepteur de t\u00e9l\u00e9m\u00e9trie UHF (bip). Pour petits perroquets seulement. Le micro n&#8217;est pas compatible GPS.<\/strong><\/p>\n<p>Ce petit \u00e9metteur est le \u00ab support de queue id\u00e9al \u00bb pour les oiseaux de toutes tailles. Il ne p\u00e8se que 3,5 grammes avec la batterie, mais il s&#8217;agit d&#8217;un design plat de gamme moyenne ne mettant que 1\/3 du poids sur une seule plume de queue.<\/p>\n<p>Contrairement \u00e0 d&#8217;autres \u00e9metteurs utilisant de tr\u00e8s petites piles, le Micro ne s&#8217;\u00e9teint pas ou ne meurt pas dans des situations de basse temp\u00e9rature.<\/p>\n<p>Il est parfait pour les petits oiseaux sp\u00e9cialis\u00e9s : conures du soleil, gris d&#8217;Afrique et autres perroquets extr\u00eamement petits.<\/p>\n<p>Le Micro contient \u00e9galement l&#8217;interrupteur magn\u00e9tique &#8220;tap on\/tap off&#8221;, une antenne demi-longueur de 8,5 pouces avec une puissance et une efficacit\u00e9 incroyables. Chaque unit\u00e9 est br\u00fbl\u00e9e pendant cinq jours et test\u00e9e par l&#8217;environnement de +150F \u00e0 -40F avant l&#8217;exp\u00e9dition. Fr\u00e9quences disponibles : 433 et 434 (pour \u00eatre compatible avec votre r\u00e9cepteur UHF d\u00e9j\u00e0 existant).<\/p>\n<div class=\"read-more\"><a href=\"https:\/\/marshallradio.com\/eu\/product\/micro-emetteur-petit-perroquet\/?lang=fr\">Read more <span class=\"screen-reader-text\">Micro \u00e9metteur (petit perroquet)<\/span><span class=\"meta-nav\"> &#8250;<\/span><\/a><\/div>\n<p><!-- end of .read-more --><\/p>\n","protected":false},"featured_media":44117,"template":"","meta":{"_acf_changed":false},"product_brand":[],"product_cat":[153],"product_tag":[],"class_list":{"0":"post-50300","1":"product","2":"type-product","3":"status-publish","4":"has-post-thumbnail","6":"product_cat-produits-parrot","7":"product_shipping_class-combine-small-items","9":"first","10":"instock","11":"taxable","12":"shipping-taxable","13":"purchasable","14":"product-type-variable"},"acf":[],"_links":{"self":[{"href":"https:\/\/marshallradio.com\/eu\/wp-json\/wp\/v2\/product\/50300","targetHints":{"allow":["GET"]}}],"collection":[{"href":"https:\/\/marshallradio.com\/eu\/wp-json\/wp\/v2\/product"}],"about":[{"href":"https:\/\/marshallradio.com\/eu\/wp-json\/wp\/v2\/types\/product"}],"wp:featuredmedia":[{"embeddable":true,"href":"https:\/\/marshallradio.com\/eu\/wp-json\/wp\/v2\/media\/44117"}],"wp:attachment":[{"href":"https:\/\/marshallradio.com\/eu\/wp-json\/wp\/v2\/media?parent=50300"}],"wp:term":[{"taxonomy":"product_brand","embeddable":true,"href":"https:\/\/marshallradio.com\/eu\/wp-json\/wp\/v2\/product_brand?post=50300"},{"taxonomy":"product_cat","embeddable":true,"href":"https:\/\/marshallradio.com\/eu\/wp-json\/wp\/v2\/product_cat?post=50300"},{"taxonomy":"product_tag","embeddable":true,"href":"https:\/\/marshallradio.com\/eu\/wp-json\/wp\/v2\/product_tag?post=50300"}],"curies":[{"name":"wp","href":"https:\/\/api.w.org\/{rel}","templated":true}]}}