
{"id":28319,"date":"2019-05-31T19:31:30","date_gmt":"2019-05-31T19:31:30","guid":{"rendered":"http:\/\/marshallradio.com\/ww\/world-wide-products\/"},"modified":"2020-03-31T16:58:26","modified_gmt":"2020-03-31T16:58:26","slug":"world-wide-products","status":"publish","type":"page","link":"https:\/\/marshallradio.com\/ww\/world-wide-products\/?lang=es","title":{"rendered":"Productos"},"content":{"rendered":"\n<p class=\"container\">Marshall produce productos de telemetr\u00eda de primera calidad y accesorios utilizados por los haladores en todo el mundo. En los \u00faltimos diez a\u00f1os, hemos trabajado y invertido fuertemente para elevar el estado de la telemetr\u00eda radioel\u00e9ctrica a nuevos niveles de rendimiento, dise\u00f1o y seguridad: transmisores potentes con antenas cortas y seguras. Nuevos e innovadores dise\u00f1os y herramientas de montaje. S\u00faper sensibles pero robustos receptores de rastreo que se pliegan para llevarlos contigo directamente al campo.<\/p>\n\n\n\n<p class=\"container\">La telemetr\u00eda de radio ha cambiado la pr\u00e1ctica de la cetrer\u00eda de manera fundamental. En segundo lugar s\u00f3lo para la cr\u00eda en cautividad, la capacidad de rastrear las aves perdidas utilizando la telemetr\u00eda es, sin duda, la innovaci\u00f3n m\u00e1s importante jam\u00e1s desarrollada para este deporte de campo antiguo. Y como los haladores, tener un papel importante en el avance del dise\u00f1o de telemetr\u00eda radioel\u00e9ctrica y luego facilitar su uso generalizado y seguro es lo que nos motiva.<\/p>\n\n\n\n<p class=\"container\">A trav\u00e9s de las edades, y hasta mediados de los a\u00f1os 1970, siempre hab\u00eda un lamento familiar entre los antiguos Ceperos: &#8220;ten\u00eda un gran Halc\u00f3n joven, uno de los que sue\u00f1as, pero se perdi\u00f3 en su primer a\u00f1o. Siempre parece que son las mejores aves que se pierden. &#8221; Pero los halcones ahora son capaces de mantener sus mejores p\u00e1jaros durante muchos a\u00f1os, permiti\u00e9ndoles desarrollar y emerger m\u00e1s plenamente en atletas capaces y halcones de juego efectivos.<\/p>\n\n\n\n<p class=\"container\">En estas p\u00e1ginas de productos, ver\u00e1 que dise\u00f1amos y producimos m\u00e1s que solo transmisores y receptores. Hay una l\u00ednea de productos completa que incluye fundas y funda acolchadas personalizadas para proteger sus receptores, nuevos dise\u00f1os de piezas de cola y herramientas especiales de emparejamiento para instalarlos de forma r\u00e1pida y segura, el arn\u00e9s de montaje TrackPack, un localizador de veh\u00edculos, collares para perros y otros accesorios como antenas y auriculares OMNI para que pueda construir un sistema de telemetr\u00eda completo para cubrir todas las contingencias.<\/p>\n\n\n\n<div style=\"height:42px\" aria-hidden=\"true\" class=\"wp-block-spacer\"><\/div>\n\n\n\n<div class=\"container\">\n<div class=\"row\">\n<div class=\"col-md-4 containers\">\n<p style=\"text-align: center;\"><img decoding=\"async\" class=\"image\" src=\"http:\/\/marshallradio.com\/ww\/wp-content\/uploads\/sites\/2\/2019\/10\/GPSSystem.jpg\"><\/p>\n\n<div class=\"middle\">\n<div class=\"text\"><i class=\"fas fa-cart-arrow-down\"><\/i> <a href=\"\/ww\/categoria-producto\/sistema-gps\/?lang=es\">Tienda<\/a><\/div>\n<\/div>\n<h3 style=\"text-align: center;\"><strong>Sistemas GPS<\/strong><\/h3>\n<\/div>\n<div class=\"col-md-4 containers\">\n<p style=\"text-align: center;\"><img decoding=\"async\" class=\"image\" src=\"http:\/\/marshallradio.com\/uk\/wp-content\/uploads\/sites\/3\/2019\/06\/TransmitterPhoto.jpg\"><\/p>\n\n<div class=\"middle\">\n<div class=\"text\"><i class=\"fas fa-cart-arrow-down\"><\/i> <a href=\"\/ww\/categoria-producto\/transmisores\/?lang=es\">Tienda<\/a><\/div>\n<\/div>\n<h3 style=\"text-align: center;\"><strong>Transmisores<\/strong><\/h3>\n<\/div>\n<div class=\"col-md-4 containers\">\n<p style=\"text-align: center;\"><img decoding=\"async\" class=\"image\" src=\"\/ww\/wp-content\/uploads\/sites\/2\/2019\/10\/Receivers.jpg\"><\/p>\n\n<div class=\"middle\">\n<div class=\"text\"><i class=\"fas fa-cart-arrow-down\"><\/i> <a href=\"\/ww\/categoria-producto\/receptores\/?lang=es\">Tienda<\/a><\/div>\n<\/div>\n<h3 style=\"text-align: center;\"><strong>Receptores<\/strong><\/h3>\n<\/div>\n<\/div>\n&nbsp;\n\n&nbsp;\n\n&nbsp;\n<div class=\"row\">\n<div class=\"col-md-4 containers\">\n<p style=\"text-align: center;\"><img decoding=\"async\" class=\"image\" src=\"\/ww\/wp-content\/uploads\/sites\/2\/2019\/10\/DogProducts.jpg\"><\/p>\n\n<div class=\"middle\">\n<div class=\"text\"><i class=\"fas fa-cart-arrow-down\"><\/i> <a href=\"\/ww\/categoria-producto\/perros-deportivos\/?lang=es\">Tienda<\/a><\/div>\n<\/div>\n<h3 style=\"text-align: center;\"><strong>Productos para perros<\/strong><\/h3>\n<\/div>\n<div class=\"col-md-4 containers\">\n<p style=\"text-align: center;\"><img decoding=\"async\" class=\"image\" src=\"\/ww\/wp-content\/uploads\/sites\/2\/2019\/10\/Accessories1.jpg\"><\/p>\n\n<div class=\"middle\">\n<div class=\"text\"><i class=\"fas fa-cart-arrow-down\"><\/i> <a href=\"\/ww\/categoria-producto\/mundial-accesorios\/?lang=es\">Tienda<\/a><\/div>\n<\/div>\n<h3 style=\"text-align: center;\"><strong>Accesorios<\/strong><\/h3>\n<\/div>\n<div class=\"col-md-4 containers\">\n<p style=\"text-align: center;\"><img decoding=\"async\" class=\"image\" src=\"\/ww\/wp-content\/uploads\/sites\/2\/2019\/07\/ApparelPhoto.jpg\"><\/p>\n\n<div class=\"middle\">\n<div class=\"text\"><i class=\"fas fa-cart-arrow-down\"><\/i> <a href=\"\/ww\/categoria-producto\/vestir\/?lang=es\">Shop<\/a><\/div>\n<\/div>\n<h3 style=\"text-align: center;\"><strong>Vestir<\/strong><\/h3>\n<\/div>\n<\/div>\n<\/div>\n","protected":false},"excerpt":{"rendered":"<p>Marshall produce productos de telemetr\u00eda de primera calidad y accesorios utilizados por los haladores en todo el mundo. En los \u00faltimos diez a\u00f1os, hemos trabajado y invertido fuertemente para elevar el estado de la telemetr\u00eda radioel\u00e9ctrica a nuevos niveles de<span class=\"ellipsis\">&hellip;<\/span><\/p>\n<div class=\"read-more\"><a href=\"https:\/\/marshallradio.com\/ww\/world-wide-products\/?lang=es\">Read more <span class=\"screen-reader-text\">Productos<\/span><span class=\"meta-nav\"> &#8250;<\/span><\/a><\/div>\n<p><!-- end of .read-more --><\/p>\n","protected":false},"author":1,"featured_media":33777,"parent":0,"menu_order":0,"comment_status":"closed","ping_status":"closed","template":"page-home-template.php","meta":{"_acf_changed":false,"footnotes":""},"class_list":["post-28319","page","type-page","status-publish","has-post-thumbnail","hentry"],"acf":[],"_links":{"self":[{"href":"https:\/\/marshallradio.com\/ww\/wp-json\/wp\/v2\/pages\/28319","targetHints":{"allow":["GET"]}}],"collection":[{"href":"https:\/\/marshallradio.com\/ww\/wp-json\/wp\/v2\/pages"}],"about":[{"href":"https:\/\/marshallradio.com\/ww\/wp-json\/wp\/v2\/types\/page"}],"author":[{"embeddable":true,"href":"https:\/\/marshallradio.com\/ww\/wp-json\/wp\/v2\/users\/1"}],"replies":[{"embeddable":true,"href":"https:\/\/marshallradio.com\/ww\/wp-json\/wp\/v2\/comments?post=28319"}],"version-history":[{"count":31,"href":"https:\/\/marshallradio.com\/ww\/wp-json\/wp\/v2\/pages\/28319\/revisions"}],"predecessor-version":[{"id":33817,"href":"https:\/\/marshallradio.com\/ww\/wp-json\/wp\/v2\/pages\/28319\/revisions\/33817"}],"wp:featuredmedia":[{"embeddable":true,"href":"https:\/\/marshallradio.com\/ww\/wp-json\/wp\/v2\/media\/33777"}],"wp:attachment":[{"href":"https:\/\/marshallradio.com\/ww\/wp-json\/wp\/v2\/media?parent=28319"}],"curies":[{"name":"wp","href":"https:\/\/api.w.org\/{rel}","templated":true}]}}