
{"id":30094,"date":"2019-06-14T17:42:53","date_gmt":"2019-06-14T17:42:53","guid":{"rendered":"http:\/\/marshallradio.com\/ww\/gente-clave\/"},"modified":"2022-12-20T20:25:26","modified_gmt":"2022-12-20T20:25:26","slug":"gente-clave","status":"publish","type":"page","link":"https:\/\/marshallradio.com\/ww\/empresa\/gente-clave\/?lang=es","title":{"rendered":"Gente clave"},"content":{"rendered":"\n<p class=\"has-text-align-left\">\nLos responsables de hacer las cosas en Marshall Radio son un grupo de personas \u00fanicas y talentosas que se divierten haciendo lo que hacen. Han trabajado juntos durante muchos a\u00f1os para crear la sinergia \u00fanica que impulsa el dise\u00f1o y la producci\u00f3n de telemetr\u00eda a nuevos niveles.\n\n<\/p>\n","protected":false},"excerpt":{"rendered":"<p>Los responsables de hacer las cosas en Marshall Radio son un grupo de personas \u00fanicas y talentosas que se divierten haciendo lo que hacen. Han trabajado juntos durante muchos a\u00f1os para crear la sinergia \u00fanica que impulsa el dise\u00f1o y<span class=\"ellipsis\">&hellip;<\/span><\/p>\n<div class=\"read-more\"><a href=\"https:\/\/marshallradio.com\/ww\/empresa\/gente-clave\/?lang=es\">Read more <span class=\"screen-reader-text\">Gente clave<\/span><span class=\"meta-nav\"> &#8250;<\/span><\/a><\/div>\n<p><!-- end of .read-more --><\/p>\n","protected":false},"author":1,"featured_media":35747,"parent":30368,"menu_order":0,"comment_status":"closed","ping_status":"closed","template":"page-keyPeople.php","meta":{"_acf_changed":false,"footnotes":""},"class_list":["post-30094","page","type-page","status-publish","has-post-thumbnail","hentry"],"acf":[],"_links":{"self":[{"href":"https:\/\/marshallradio.com\/ww\/wp-json\/wp\/v2\/pages\/30094","targetHints":{"allow":["GET"]}}],"collection":[{"href":"https:\/\/marshallradio.com\/ww\/wp-json\/wp\/v2\/pages"}],"about":[{"href":"https:\/\/marshallradio.com\/ww\/wp-json\/wp\/v2\/types\/page"}],"author":[{"embeddable":true,"href":"https:\/\/marshallradio.com\/ww\/wp-json\/wp\/v2\/users\/1"}],"replies":[{"embeddable":true,"href":"https:\/\/marshallradio.com\/ww\/wp-json\/wp\/v2\/comments?post=30094"}],"version-history":[{"count":18,"href":"https:\/\/marshallradio.com\/ww\/wp-json\/wp\/v2\/pages\/30094\/revisions"}],"predecessor-version":[{"id":49078,"href":"https:\/\/marshallradio.com\/ww\/wp-json\/wp\/v2\/pages\/30094\/revisions\/49078"}],"up":[{"embeddable":true,"href":"https:\/\/marshallradio.com\/ww\/wp-json\/wp\/v2\/pages\/30368"}],"wp:featuredmedia":[{"embeddable":true,"href":"https:\/\/marshallradio.com\/ww\/wp-json\/wp\/v2\/media\/35747"}],"wp:attachment":[{"href":"https:\/\/marshallradio.com\/ww\/wp-json\/wp\/v2\/media?parent=30094"}],"curies":[{"name":"wp","href":"https:\/\/api.w.org\/{rel}","templated":true}]}}