
{"id":30125,"date":"2019-06-14T18:15:44","date_gmt":"2019-06-14T18:15:44","guid":{"rendered":"http:\/\/marshallradio.com\/ww\/nuestra-mision\/"},"modified":"2020-03-31T16:35:34","modified_gmt":"2020-03-31T16:35:34","slug":"nuestra-mision","status":"publish","type":"page","link":"https:\/\/marshallradio.com\/ww\/empresa\/nuestra-mision\/?lang=es","title":{"rendered":"Nuestra misi\u00f3n"},"content":{"rendered":"\n<p>Nuestra misi\u00f3n es proporcionar los mejores sistemas de seguimiento y recuperaci\u00f3n posibles a los cazadores y competidores de todo el mundo. Puede confiar en que el sistema Marshall es el mejor, el sistema de seguimiento m\u00e1s cuidadosamente dise\u00f1ado y dise\u00f1ado que encontrar\u00e1 en cualquier lugar.<\/p>\n\n<p>Para nosotros, la calidad de la telemetr\u00eda significa tres cosas: confiabilidad, rango y facilidad de uso. Cada uno de estos es importante para recuperar a tu p\u00e1jaro despu\u00e9s de la caza. Sus aves son valiosas no solo en t\u00e9rminos de dinero sino tambi\u00e9n en t\u00e9rminos del tiempo dedicado a la capacitaci\u00f3n y la inversi\u00f3n emocional que tienen en ellas. Entendemos que cuando tu ave se pierde, de repente nada m\u00e1s que lo mejor es aceptable.<\/p>\n\n<p>Marshall Radio Telemetry construye sus transmisores y receptores con los m\u00e1s altos est\u00e1ndares t\u00e9cnicos y los prueba en las condiciones m\u00e1s exigentes. Tenemos la suficiente confianza de que los respaldamos con una garant\u00eda de tres a\u00f1os.<\/p>\n\n<p>No nos detenemos all\u00ed. Queremos que su experiencia con Marshall Radio Telemetry sea positiva al ser r\u00e1pido y orientado al servicio. Pru\u00e9benos llamando al 1-800-729-7123 dentro de los EE. UU. (O 001-801-936-9000 International) para encontrar un distribuidor autorizado en su pa\u00eds y ver si no est\u00e1 satisfecho con la respuesta.<\/p>\n\n<p>\u2013 David L. Marshall<\/p>\n","protected":false},"excerpt":{"rendered":"<p>Nuestra misi\u00f3n es proporcionar los mejores sistemas de seguimiento y recuperaci\u00f3n posibles a los cazadores y competidores de todo el mundo. Puede confiar en que el sistema Marshall es el mejor, el sistema de seguimiento m\u00e1s cuidadosamente dise\u00f1ado y dise\u00f1ado<span class=\"ellipsis\">&hellip;<\/span><\/p>\n<div class=\"read-more\"><a href=\"https:\/\/marshallradio.com\/ww\/empresa\/nuestra-mision\/?lang=es\">Read more <span class=\"screen-reader-text\">Nuestra misi\u00f3n<\/span><span class=\"meta-nav\"> &#8250;<\/span><\/a><\/div>\n<p><!-- end of .read-more --><\/p>\n","protected":false},"author":1,"featured_media":34481,"parent":30368,"menu_order":0,"comment_status":"closed","ping_status":"closed","template":"page-home-template.php","meta":{"_acf_changed":false,"footnotes":""},"class_list":["post-30125","page","type-page","status-publish","has-post-thumbnail","hentry"],"acf":[],"_links":{"self":[{"href":"https:\/\/marshallradio.com\/ww\/wp-json\/wp\/v2\/pages\/30125","targetHints":{"allow":["GET"]}}],"collection":[{"href":"https:\/\/marshallradio.com\/ww\/wp-json\/wp\/v2\/pages"}],"about":[{"href":"https:\/\/marshallradio.com\/ww\/wp-json\/wp\/v2\/types\/page"}],"author":[{"embeddable":true,"href":"https:\/\/marshallradio.com\/ww\/wp-json\/wp\/v2\/users\/1"}],"replies":[{"embeddable":true,"href":"https:\/\/marshallradio.com\/ww\/wp-json\/wp\/v2\/comments?post=30125"}],"version-history":[{"count":5,"href":"https:\/\/marshallradio.com\/ww\/wp-json\/wp\/v2\/pages\/30125\/revisions"}],"predecessor-version":[{"id":33168,"href":"https:\/\/marshallradio.com\/ww\/wp-json\/wp\/v2\/pages\/30125\/revisions\/33168"}],"up":[{"embeddable":true,"href":"https:\/\/marshallradio.com\/ww\/wp-json\/wp\/v2\/pages\/30368"}],"wp:featuredmedia":[{"embeddable":true,"href":"https:\/\/marshallradio.com\/ww\/wp-json\/wp\/v2\/media\/34481"}],"wp:attachment":[{"href":"https:\/\/marshallradio.com\/ww\/wp-json\/wp\/v2\/media?parent=30125"}],"curies":[{"name":"wp","href":"https:\/\/api.w.org\/{rel}","templated":true}]}}