
{"id":30359,"date":"2019-06-14T20:36:54","date_gmt":"2019-06-14T20:36:54","guid":{"rendered":"http:\/\/marshallradio.com\/ww\/donde-comprar\/"},"modified":"2022-06-30T20:35:12","modified_gmt":"2022-06-30T20:35:12","slug":"donde-comprar","status":"publish","type":"page","link":"https:\/\/marshallradio.com\/ww\/empresa\/donde-comprar\/?lang=es","title":{"rendered":"Donde comprar"},"content":{"rendered":"\n<h3 class=\"wp-block-heading\">Marshall Radio Telemetria<\/h3>\n\n<p>845 W. Center St. North Salt Lake, UT 84054 Tel\u00e9fono: 1-801-936-9000<\/p>\n\n<h2 class=\"wp-block-heading\">Distribuidores para el mercado americano<\/h2>\n\n<h3 class=\"wp-block-heading\">La cetrer\u00eda de Mike<\/h3>\n\n<p>4700 SE Chase Rd. Gresham, OR 97080 ph: (503) 663-5601 web: <a href=\"https:\/\/www.mikesfalconry.com\/Default.asp\">www.mikesfalconry.com<\/a> correo electr\u00f3nico: <a href=\"mailto:sales@mikesfalconry.com\">sales@mikesfalconry.com<\/a><\/p>\n\n<h3 class=\"wp-block-heading\">Deporte occidental<\/h3>\n\n<p>730 Crook St. Sheridan, WY 82801 ph: (307) 672-0445 web: <a href=\"http:\/\/www.westernsporting.com\/\">www.westernsporting.com<\/a> email: <a href=\"mailto:sales@westernsporting.com\">sales@westernsporting.com<\/a><\/p>\n\n<h3 class=\"wp-block-heading\">Northwoods Ltd.<\/h3>\n\n<p>13749-14th SE Yelm, WA 98597 ph: (360) 446-3212 web:\u00a0<a href=\"https:\/\/northwoodsfalconry.com\/\">www.northwoodsfalconry.com<\/a><a href=\"http:\/\/www.northwoodsfalconry.com\/\">\u00a0<\/a>email:\u00a0<a href=\"mailto:northwoods@northwoodsfalconry.com\">northwoods@northwoodsfalconry.com<\/a><\/p>\n\n<h2 class=\"wp-block-heading\">Distribuidores de equipos para perros en el mercado estadounidense<\/h2>\n\n<h3 class=\"wp-block-heading\">Suministros de caza S&amp;S<\/h3>\n\n<p>126 Morning Star Road&#13;\nCanton, NC 28716-3325&#13;\nweb: <a href=\"http:\/\/stores.sandshuntingsupplies.com\/\">http:\/\/stores.sandshuntingsupplies.com\/<\/a> tel\u00e9fono: 828-646-3646<\/p>\n\n<h2 class=\"wp-block-heading\">Distribuidores en Jap\u00f3n<\/h2>\n\n<h3 class=\"wp-block-heading\">Japon aquaholic<\/h3>\n\n<p>Yukio Asaoka Tel\u00e9fono: + 45-312-2596 Fax: + 45-312-0896 Sitio web: <a href=\"http:\/\/aquaholic.jp\/\">www.aquaholic.jp<\/a> 102, 4-343-4 Sengencho, Nishi-ku Yokohama, Kanagawa, 220-0072Y Jap\u00f3n&#13;\n&#13;\n<\/p>\n\n<h2 class=\"wp-block-heading\">Distribuidores en Rusia<\/h2>\n\n<h3 class=\"wp-block-heading\">Dmitry Rodionov<\/h3>\n\n<p>Email: rodionovd@ya.ru<br\/>Tel\u00e9fono: +79165601143<\/p>\n\n<h2 class=\"wp-block-heading\">Distribuidor en Taiw\u00e1n<\/h2>\n\n<h3 class=\"wp-block-heading\">Centro de cetrer\u00eda de Tommy  \u9802\u5c16\u9df9\u7375\u4ff1\u6a02\u90e8 <\/h3>\n\n<p>No. 100, Guofeng 3rd St., Taoyuan Dist., Taoyuan City 330, Taiwan (R.O.C.)&#13;\nTel\u00e9fono: +886 986 122 112&#13;\nSitio web: <a href=\"https:\/\/www.facebook.com\/groups\/381871765331586\"><strong>\u9802\u5c16\u9df9\u7375\u00a0<\/strong> Tommy&#8217;s Falconry Centre<\/a><\/p>\n\n<h2 class=\"wp-block-heading\">Distribuidor en Indonesia<\/h2>\n\n<h3 class=\"wp-block-heading\">PT. Javareef Indonesia Perkasa<\/h3>\n\n<p>Java Aquatic, Jl Ciledug Raya no. 21, Kebayoran Iama, Jakarta Selatan, Indonesia 12230&#13;\nPhone: +6281282828855&#13;\nWebsite: <a href=\"https:\/\/www.tokopedia.com\/javaaviary\/etalase\/marshall-gps\">Java Aviary<\/a><\/p>\n\n<h2 class=\"wp-block-heading\">Distribuidor en Brasil<\/h2>\n\n<h3 class=\"wp-block-heading\">El granjero y el lobo<\/h3>\n\n<p>Contacto: Miguel P\u00e9rez<br\/>Correo electr\u00f3nico: contact@thefarmerandthewolf.com<br\/>Tel\u00e9fono &amp; WhatsApp: +5549991536714<br\/>Sitio web: <a href=\"https:\/\/www.thefarmerandthewolf.com\/\">El granjero y el lobo<\/a><\/p>\n","protected":false},"excerpt":{"rendered":"<p>Marshall Radio Telemetria 845 W. Center St. North Salt Lake, UT 84054 Tel\u00e9fono: 1-801-936-9000 Distribuidores para el mercado americano La cetrer\u00eda de Mike 4700 SE Chase Rd. Gresham, OR 97080 ph: (503) 663-5601 web: www.mikesfalconry.com correo electr\u00f3nico: sales@mikesfalconry.com Deporte occidental<span class=\"ellipsis\">&hellip;<\/span><\/p>\n<div class=\"read-more\"><a href=\"https:\/\/marshallradio.com\/ww\/empresa\/donde-comprar\/?lang=es\">Read more <span class=\"screen-reader-text\">Donde comprar<\/span><span class=\"meta-nav\"> &#8250;<\/span><\/a><\/div>\n<p><!-- end of .read-more --><\/p>\n","protected":false},"author":1,"featured_media":34466,"parent":30368,"menu_order":0,"comment_status":"closed","ping_status":"closed","template":"page-home-template.php","meta":{"_acf_changed":false,"footnotes":""},"class_list":["post-30359","page","type-page","status-publish","has-post-thumbnail","hentry"],"acf":[],"_links":{"self":[{"href":"https:\/\/marshallradio.com\/ww\/wp-json\/wp\/v2\/pages\/30359","targetHints":{"allow":["GET"]}}],"collection":[{"href":"https:\/\/marshallradio.com\/ww\/wp-json\/wp\/v2\/pages"}],"about":[{"href":"https:\/\/marshallradio.com\/ww\/wp-json\/wp\/v2\/types\/page"}],"author":[{"embeddable":true,"href":"https:\/\/marshallradio.com\/ww\/wp-json\/wp\/v2\/users\/1"}],"replies":[{"embeddable":true,"href":"https:\/\/marshallradio.com\/ww\/wp-json\/wp\/v2\/comments?post=30359"}],"version-history":[{"count":15,"href":"https:\/\/marshallradio.com\/ww\/wp-json\/wp\/v2\/pages\/30359\/revisions"}],"predecessor-version":[{"id":47160,"href":"https:\/\/marshallradio.com\/ww\/wp-json\/wp\/v2\/pages\/30359\/revisions\/47160"}],"up":[{"embeddable":true,"href":"https:\/\/marshallradio.com\/ww\/wp-json\/wp\/v2\/pages\/30368"}],"wp:featuredmedia":[{"embeddable":true,"href":"https:\/\/marshallradio.com\/ww\/wp-json\/wp\/v2\/media\/34466"}],"wp:attachment":[{"href":"https:\/\/marshallradio.com\/ww\/wp-json\/wp\/v2\/media?parent=30359"}],"curies":[{"name":"wp","href":"https:\/\/api.w.org\/{rel}","templated":true}]}}