
{"id":30851,"date":"2019-06-27T21:25:53","date_gmt":"2019-06-27T21:25:53","guid":{"rendered":"http:\/\/marshallradio.com\/ww\/?page_id=30851"},"modified":"2026-03-03T22:59:39","modified_gmt":"2026-03-03T22:59:39","slug":"owners-manual","status":"publish","type":"page","link":"https:\/\/marshallradio.com\/ww\/customer-support\/owners-manual\/","title":{"rendered":"Owners Manual"},"content":{"rendered":"<p>Transmitter Manuals can be printed out in color on your end from the PDF files listed below. Check back from time to time for updated manuals.<\/p>\n\n\n<div class=\"container\">\n  <a href=\"#Receiver\" class=\"btn btn-info manualButton\" data-toggle=\"collapse\">Receiver Manuals <i class=\"fas fa-chevron-circle-down\"><\/i><\/a>\n  <div id=\"Receiver\" class=\"collapse\">\n   <p><a href=\"\/ww\/wp-content\/uploads\/sites\/3\/2019\/07\/Field_Marshall_Owners_Manual_2008_Rev_7.pdf\" target=\"_blank\" rel=\"noopener noreferrer\">Digital Field Marshall 100-5000<\/a><\/p>\n<p><a href=\"\/ww\/wp-content\/uploads\/sites\/3\/2019\/07\/Field_Marshall_510_Manual_-small.pdf\" target=\"_blank\" rel=\"noopener noreferrer\">Field Marshall Receiver 5\/10<\/a><\/p>\n<p><a href=\"\/wp-content\/uploads\/sites\/3\/2019\/07\/st-manual-sm.pdf\" target=\"_blank\" rel=\"noopener noreferrer\">Stealth Receiver G2<\/a><\/p>\n  <\/div>\n<\/div>\n\n\n\n<div style=\"height:20px\" aria-hidden=\"true\" class=\"wp-block-spacer\"><\/div>\n\n\n\n<div class=\"container\">\n  <a href=\"#Transmitter\" class=\"btn btn-info manualButton\" data-toggle=\"collapse\">Transmitter Manuals <i class=\"fas fa-chevron-circle-down\"><\/i><\/a>\n  <div id=\"Transmitter\" class=\"collapse\">\n<div class=\"col-md-6\">\n   <p><a href=\"http:\/\/marshallradio.com\/ww\/wp-content\/uploads\/sites\/2\/2026\/03\/Scout-User-Guide-Combined-2026-Mar.pdf\" target=\"_blank\" rel=\"noopener noreferrer\">Scout<\/a><\/p>\n<p><a href=\"https:\/\/marshallradio.com\/uk\/wp-content\/uploads\/sites\/2\/2022\/04\/RT-User-Guide-2022-Apr.pdf\" target=\"_blank\" rel=\"noopener noreferrer\">RT Plus<\/a><\/p>\n<p><a href=\"https:\/\/marshallradio.com\/uk\/wp-content\/uploads\/sites\/2\/2022\/05\/RT-User-Guide-2022-Update.pdf\" target=\"_blank\" rel=\"noopener noreferrer\">RT \/ RT XP<\/a><\/p>\n<p><a href=\"http:\/\/marshallradio.com\/ww\/wp-content\/uploads\/sites\/2\/2026\/03\/Micro-User-Guide-2026-March.pdf\" target=\"_blank\" rel=\"noopener noreferrer\">Micro<\/a><\/p>\n<p><a href=\"\/ww\/wp-content\/uploads\/sites\/3\/2019\/07\/PowerMax.pdf\" target=\"_blank\" rel=\"noopener noreferrer\">PowerMax<\/a><\/p>\n<p><a href=\"https:\/\/marshallradio.com\/uk\/wp-content\/uploads\/sites\/2\/2022\/05\/Turbo-User-Guide-2022-UPDATE.pdf\" target=\"_blank\" rel=\"noopener noreferrer\">RT Turbo<\/a><\/p>\n<\/div>\n<div class=\"col-md-6\">\n<h4>Dog Collars<\/h4>\n<p><a href=\"\/ww\/wp-content\/uploads\/sites\/2\/2019\/07\/PPHP_NonLighted.pdf\" target=\"_blank\" rel=\"noopener noreferrer\">PPHP NonLighted<\/a><\/p>\n<p><a href=\"\/ww\/wp-content\/uploads\/sites\/2\/2019\/07\/PPHP_Lighted.pdf\" target=\"_blank\" rel=\"noopener noreferrer\">PPHP Lighted<\/a><\/p>\n<p><a href=\"\/ww\/wp-content\/uploads\/sites\/2\/2019\/07\/H3K_NonLighted.pdf\" target=\"_blank\" rel=\"noopener noreferrer\">H3K NonLighted<\/a><\/p>\n<p><a href=\"\/ww\/wp-content\/uploads\/sites\/2\/2019\/07\/H3K_Lighted.pdf\" target=\"_blank\" rel=\"noopener noreferrer\">H3K Lighted<\/a><\/p>\n<\/div>\n  <\/div>\n<\/div>\n\n\n\n<div style=\"height:20px\" aria-hidden=\"true\" class=\"wp-block-spacer\"><\/div>\n\n\n\n<div class=\"container\">\n  <a href=\"#GPS\" class=\"btn btn-info\" data-toggle=\"collapse\">GPS Manuals <i class=\"fas fa-chevron-circle-down\"><\/i><\/a>\n  <div id=\"GPS\" class=\"collapse\">\n   <p><a href=\"http:\/\/marshallradio.com\/eu\/wp-content\/uploads\/sites\/4\/2020\/06\/2020-GPS-NEW-USER-START-UP-NOTES.pdf\" target=\"_blank\" rel=\"noopener noreferrer\">GPS English<\/a><\/p>\n<p><a href=\"http:\/\/marshallradio.com\/eu\/wp-content\/uploads\/sites\/4\/2020\/06\/SPANISH-GPS-NEW-USER-START-UP-NOTES.pdf\" target=\"_blank\" rel=\"noopener noreferrer\">GPS Espa\u00f1ol<\/a><\/p>\n<p><a href=\"http:\/\/marshallradio.com\/ww\/wp-content\/uploads\/sites\/2\/2020\/06\/Japanese-GPS-NEW-USER-START-UP-NOTES.pdf\" target=\"_blank\" rel=\"noopener noreferrer\">GPS\u65e5\u672c\u8a9e<\/a><\/p>\n<p><a href=\"replace with link here\" target=\"_blank\" rel=\"noopener noreferrer\">GPS \u0420\u0443\u0441\u0441\u043a\u0438\u0439 \u0441\u043a\u043e\u0440\u043e \u0431\u0443\u0434\u0435\u0442!<\/a><\/p>\n<p><a href=\"http:\/\/marshallradio.com\/eu\/wp-content\/uploads\/sites\/4\/2020\/06\/ITALIAN-GPS-NEW-USER-START-UP-NOTES.pdf\" target=\"_blank\" rel=\"noopener noreferrer\">GPS Italiano<\/a><\/p>\n<p><a href=\"replace with link here\" target=\"_blank\" rel=\"noopener noreferrer\">GPS Fran\u00e7ais \u00e0 venir!<\/a><\/p>\n<p><a href=\"http:\/\/marshallradio.com\/eu\/wp-content\/uploads\/sites\/4\/2020\/06\/GERMAN-GPS-NEW-USER-START-UP-NOTES.pdf\" target=\"_blank\" rel=\"noopener noreferrer\">GPS Deutsche<\/a><\/p>\n<p><a href=\"replace with link here\" target=\"_blank\" rel=\"noopener noreferrer\">GPS \u010cesk\u00fd ji\u017e brzy!<\/a><\/p>\n<p><a href=\"replace with link here\" target=\"_blank\" rel=\"noopener noreferrer\">GPS Nederlands Binnenkort!<\/a><\/p>\n  <\/div>\n<\/div>\n","protected":false},"excerpt":{"rendered":"<p>Transmitter Manuals can be printed out in color on your end from the PDF files listed below. Check back from time to time for updated manuals. Receiver Manuals Digital Field Marshall 100-5000 Field Marshall Receiver 5\/10 Stealth Receiver G2 Transmitter<span class=\"ellipsis\">&hellip;<\/span><\/p>\n<div class=\"read-more\"><a href=\"https:\/\/marshallradio.com\/ww\/customer-support\/owners-manual\/\">Read more <span class=\"screen-reader-text\">Owners Manual<\/span><span class=\"meta-nav\"> &#8250;<\/span><\/a><\/div>\n<p><!-- end of .read-more --><\/p>\n","protected":false},"author":1,"featured_media":42933,"parent":632,"menu_order":0,"comment_status":"closed","ping_status":"closed","template":"page-home-template.php","meta":{"_acf_changed":false,"footnotes":""},"class_list":["post-30851","page","type-page","status-publish","has-post-thumbnail","hentry"],"acf":[],"_links":{"self":[{"href":"https:\/\/marshallradio.com\/ww\/wp-json\/wp\/v2\/pages\/30851","targetHints":{"allow":["GET"]}}],"collection":[{"href":"https:\/\/marshallradio.com\/ww\/wp-json\/wp\/v2\/pages"}],"about":[{"href":"https:\/\/marshallradio.com\/ww\/wp-json\/wp\/v2\/types\/page"}],"author":[{"embeddable":true,"href":"https:\/\/marshallradio.com\/ww\/wp-json\/wp\/v2\/users\/1"}],"replies":[{"embeddable":true,"href":"https:\/\/marshallradio.com\/ww\/wp-json\/wp\/v2\/comments?post=30851"}],"version-history":[{"count":23,"href":"https:\/\/marshallradio.com\/ww\/wp-json\/wp\/v2\/pages\/30851\/revisions"}],"predecessor-version":[{"id":60910,"href":"https:\/\/marshallradio.com\/ww\/wp-json\/wp\/v2\/pages\/30851\/revisions\/60910"}],"up":[{"embeddable":true,"href":"https:\/\/marshallradio.com\/ww\/wp-json\/wp\/v2\/pages\/632"}],"wp:featuredmedia":[{"embeddable":true,"href":"https:\/\/marshallradio.com\/ww\/wp-json\/wp\/v2\/media\/42933"}],"wp:attachment":[{"href":"https:\/\/marshallradio.com\/ww\/wp-json\/wp\/v2\/media?parent=30851"}],"curies":[{"name":"wp","href":"https:\/\/api.w.org\/{rel}","templated":true}]}}