
{"id":30858,"date":"2019-06-27T21:33:50","date_gmt":"2019-06-27T21:33:50","guid":{"rendered":"http:\/\/marshallradio.com\/ww\/%e9%a1%a7%e5%ae%a2%e3%82%b5%e3%83%bc%e3%83%93%e3%82%b9\/garantias\/"},"modified":"2020-05-29T22:26:19","modified_gmt":"2020-05-29T22:26:19","slug":"garantias","status":"publish","type":"page","link":"https:\/\/marshallradio.com\/ww\/atencion-al-cliente\/garantias\/?lang=es","title":{"rendered":"Garant\u00edas"},"content":{"rendered":"<div class=\"et_pb_row et_pb_row_1\">\n<div class=\"et_pb_column et_pb_column_4_4 et_pb_column_2 et_pb_css_mix_blend_mode_passthrough et-last-child\">\n<div class=\"et_pb_module et_pb_text et_pb_text_1 et_pb_bg_layout_light et_pb_text_align_left\">\n<div class=\"et_pb_text_inner\">\n<h3>Receptores<\/h3>\n<p> Marshall Radio Telemetry garantiza que sus receptores y Pocketlinks estar\u00e1n libres de defectos de mano de obra y materiales durante tres (3) a\u00f1os en piezas mec\u00e1nicas y m\u00f3viles, y tres (3) a\u00f1os en electr\u00f3nica a partir de la fecha de compra. <\/p>\n<p>Si su receptor Marshall est\u00e1 defectuoso, devu\u00e9lvalo a Marshall Radio oa uno de sus Distribuidores autorizados y lo repararemos o reemplazaremos sin cargo. Sin embargo, no seremos responsables por los da\u00f1os causados \u200b\u200bpor el mal uso, el abuso f\u00edsico o por el desgaste normal ocasionado por el uso regular.<\/p>\n<p>Bajo ninguna circunstancia Marshall Radio ser\u00e1 responsable por da\u00f1os o p\u00e9rdidas que excedan el valor del receptor, incluida la p\u00e9rdida de un ave o el tiempo perdido.<\/p>\n<p>La unidad completa debe devolverse, con el transporte prepagado, a un Centro de servicio autorizado de Marshall Radio.<\/p>\n<\/div>\n<\/div>\n<\/div>\n<\/div>\n<div class=\"et_pb_row et_pb_row_2\">\n<div class=\"et_pb_column et_pb_column_4_4 et_pb_column_3 et_pb_css_mix_blend_mode_passthrough et-last-child\">\n<div class=\"et_pb_module et_pb_text et_pb_text_2 et_pb_bg_layout_light et_pb_text_align_left\">\n<div class=\"et_pb_text_inner\">\n<h3>Collares<\/h3>\n<p>Marshall Radio Telemetry garantiza al propietario original que sus transmisores de collar de perro estar\u00e1n libres de defectos de mano de obra y materiales durante tres (3) a\u00f1os a partir de la fecha de compra.<\/p>\n<p>Si su collar Marshall est\u00e1 defectuoso, devu\u00e9lvalo a Marshall Radio o a uno de sus Distribuidores autorizados y lo repararemos o reemplazaremos sin cargo. Sin embargo, no seremos responsables por los da\u00f1os causados \u200b\u200bpor el mal uso o el desgaste normal que se espera del uso regular.<\/p>\n<p>Bajo ninguna circunstancia Marshall Radio ser\u00e1 responsable por da\u00f1os o p\u00e9rdidas que superen el valor del collar, incluida la p\u00e9rdida de un perro o el tiempo perdido.<\/p>\n<p>La unidad completa debe devolverse, con el transporte prepagado, a un Centro de servicio autorizado de Marshall Radio.<\/p>\n<\/div>\n<\/div>\n<\/div>\n<\/div>\n<div class=\"et_pb_row et_pb_row_3\">\n<div class=\"et_pb_column et_pb_column_4_4 et_pb_column_4 et_pb_css_mix_blend_mode_passthrough et-last-child\">\n<div class=\"et_pb_module et_pb_text et_pb_text_3 et_pb_bg_layout_light et_pb_text_align_left\">\n<div class=\"et_pb_text_inner\">\n<h3>Transmisores<\/h3>\n<p>Marshall Radio Telemetry garantiza que sus transmisores estar\u00e1n libres de defectos de mano de obra y materiales durante un a\u00f1o (Scout); tres a\u00f1os (Turbo GPS, RT GPS, Micro, RT Plus,, RT, PowerMax) y cinco a\u00f1os (Turbo), a partir de la fecha de compra. Nuestra garant\u00eda es para el propietario original. Si su transmisor Marshall est\u00e1 defectuoso, devu\u00e9lvalo a Marshall Radio oa uno de sus Distribuidores autorizados y lo repararemos o reemplazaremos sin cargo. Sin embargo, no seremos responsables por los da\u00f1os causados \u200b\u200bpor el mal uso o por el desgaste normal ocasionado por el uso regular. Bajo ninguna circunstancia Marshall Radio ser\u00e1 responsable por da\u00f1os o p\u00e9rdidas que superen el valor del transmisor, incluida la p\u00e9rdida de un ave o el tiempo perdido. La unidad completa debe devolverse, con el transporte prepagado, a un Centro de servicio autorizado de Marshall Radio.<\/p>\n<\/div>\n<h3>Accesorios<\/h3>\n<p>Marshall Radio Telemetry garantiza que sus accesorios (recargables, estuches para el desierto y cualquier art\u00edculo que se encuentre en la p\u00e1gina de accesorios) estar\u00e1n libres de defectos de mano de obra y materiales durante un a\u00f1o a partir de la fecha de compra. Nuestra garant\u00eda es para el propietario original. Si su producto Marshall est\u00e1 defectuoso, devu\u00e9lvalo a Marshall Radio o a uno de sus Distribuidores autorizados y lo repararemos o reemplazaremos sin cargo. Sin embargo, no seremos responsables por da\u00f1os por mal uso o por el desgaste normal incurrido por el uso regular. Bajo ninguna circunstancia Marshall Radio ser\u00e1 responsable por da\u00f1os o p\u00e9rdidas m\u00e1s all\u00e1 del valor del producto en s\u00ed, incluida la p\u00e9rdida de un p\u00e1jaro o el tiempo perdido. La unidad completa debe devolverse, con transporte prepago, a un Centro de Servicio de Radio Marshall autorizado.<\/p>\n<\/div>\n<\/div>\n<\/div>\n<\/div>\n<div class=\"et_pb_row et_pb_row_4\">\n<div class=\"et_pb_column et_pb_column_4_4 et_pb_column_5 et_pb_css_mix_blend_mode_passthrough et-last-child\">\n<div class=\"et_pb_module et_pb_text et_pb_text_4 et_pb_bg_layout_light et_pb_text_align_left\">\n<div class=\"et_pb_text_inner\">\n<p><strong>NOTA ESPECIAL:<\/strong> &nbsp;Es en la naturaleza de cualquier dispositivo de transmisi\u00f3n de radiofrecuencia, incluidos los transmisores usados \u200b\u200ben cetrer\u00eda, que la propagaci\u00f3n de la se\u00f1al (rango de transmisi\u00f3n de la se\u00f1al) puede reducirse considerablemente si el transmisor o la antena se tocan o se encuentran en el suelo. Marshall Radio, y todos nuestros puntos de venta minoristas en todo el mundo, le recomendamos encarecidamente que use una mochila, montaje en la cola o soporte para el cuello (solo banda de goma # 16) para un transmisor, y use un segundo transmisor montado en una ubicaci\u00f3n alternativa, como Como el cuello, cola, pierna o mochila. DOS TRANSMISORES SON MEJORES PARA TODOS LOS TALLERES Y FALCONES GRANDES. Si usa solo un transmisor, considere montarlo solo en el cuello, la espalda (a trav\u00e9s de la mochila) o la cola, donde la probabilidad de una buena propagaci\u00f3n de la se\u00f1al es mayor cuando su halc\u00f3n est\u00e1 en o cerca del suelo.<\/p>\n<\/div>\n<\/div>\n<\/div>\n<\/div>\n<div class=\"container\">\n<div class=\"wpcf7 no-js\" id=\"wpcf7-f30863-o1\" lang=\"en-US\" dir=\"ltr\" data-wpcf7-id=\"30863\">\n<div class=\"screen-reader-response\"><p role=\"status\" aria-live=\"polite\" aria-atomic=\"true\"><\/p> <ul><\/ul><\/div>\n<form action=\"\/ww\/wp-json\/wp\/v2\/pages\/30858#wpcf7-f30863-o1\" method=\"post\" class=\"wpcf7-form init\" aria-label=\"Contact form\" novalidate=\"novalidate\" data-status=\"init\">\n<fieldset class=\"hidden-fields-container\"><input type=\"hidden\" name=\"_wpcf7\" value=\"30863\" \/><input type=\"hidden\" name=\"_wpcf7_version\" value=\"6.1.5\" \/><input type=\"hidden\" name=\"_wpcf7_locale\" value=\"en_US\" \/><input type=\"hidden\" name=\"_wpcf7_unit_tag\" value=\"wpcf7-f30863-o1\" \/><input type=\"hidden\" name=\"_wpcf7_container_post\" value=\"0\" \/><input type=\"hidden\" name=\"_wpcf7_posted_data_hash\" value=\"\" \/><input type=\"hidden\" name=\"_wpcf7_recaptcha_response\" value=\"\" \/>\n<\/fieldset>\n<div class=\"warrantyForm\">\n\t<h2 class=\"text-center\">Warranty Service Request\n\t<\/h2>\n\t<div class=\"col-md-6\">\n\t\t<p><label> Your first and last name*<br \/>\n<span class=\"wpcf7-form-control-wrap\" data-name=\"Your-first-and-last-name\"><input size=\"40\" maxlength=\"400\" class=\"wpcf7-form-control wpcf7-text wpcf7-validates-as-required\" aria-required=\"true\" aria-invalid=\"false\" value=\"\" type=\"text\" name=\"Your-first-and-last-name\" \/><\/span> <\/label>\n\t\t<\/p>\n\t\t<p><label> Your email*<br \/>\n<span class=\"wpcf7-form-control-wrap\" data-name=\"your-email\"><input size=\"40\" maxlength=\"400\" class=\"wpcf7-form-control wpcf7-email wpcf7-validates-as-required wpcf7-text wpcf7-validates-as-email\" aria-required=\"true\" aria-invalid=\"false\" value=\"\" type=\"email\" name=\"your-email\" \/><\/span> <\/label>\n\t\t<\/p>\n\t\t<p><label> Phone number*<br \/>\n<span class=\"wpcf7-form-control-wrap\" data-name=\"PhoneNumber\"><input size=\"40\" maxlength=\"400\" class=\"wpcf7-form-control wpcf7-tel wpcf7-validates-as-required wpcf7-text wpcf7-validates-as-tel\" aria-required=\"true\" aria-invalid=\"false\" value=\"\" type=\"tel\" name=\"PhoneNumber\" \/><\/span> <\/label>\n\t\t<\/p>\n\t\t<p><label> Address*<br \/>\n<span class=\"wpcf7-form-control-wrap\" data-name=\"address\"><textarea cols=\"40\" rows=\"10\" maxlength=\"2000\" class=\"wpcf7-form-control wpcf7-textarea wpcf7-validates-as-required\" aria-required=\"true\" aria-invalid=\"false\" name=\"address\"><\/textarea><\/span> <\/label>\n\t\t<\/p>\n\t<\/div>\n\t<div class=\"col-md-6\">\n\t\t<p><label> Date of purchase*<br \/>\n<span class=\"wpcf7-form-control-wrap\" data-name=\"Dateofpurchase\"><input class=\"wpcf7-form-control wpcf7-date wpcf7-validates-as-required wpcf7-validates-as-date\" aria-required=\"true\" aria-invalid=\"false\" value=\"Date of purchase\" type=\"date\" name=\"Dateofpurchase\" \/><\/span> <\/label>\n\t\t<\/p>\n\t\t<p><label> Serial number*<br \/>\n<span class=\"wpcf7-form-control-wrap\" data-name=\"Serial-Number\"><input size=\"40\" maxlength=\"400\" class=\"wpcf7-form-control wpcf7-text wpcf7-validates-as-required\" aria-required=\"true\" aria-invalid=\"false\" value=\"\" type=\"text\" name=\"Serial-Number\" \/><\/span> <\/label>\n\t\t<\/p>\n\t\t<p><label> How long has the issue been happening?*<br \/>\n<span class=\"wpcf7-form-control-wrap\" data-name=\"How-long-has-the-issue-been-happening\"><input size=\"40\" maxlength=\"400\" class=\"wpcf7-form-control wpcf7-text wpcf7-validates-as-required\" aria-required=\"true\" aria-invalid=\"false\" value=\"\" type=\"text\" name=\"How-long-has-the-issue-been-happening\" \/><\/span> <\/label>\n\t\t<\/p>\n\t\t<p><label> Description of issue*<br \/>\n<span class=\"wpcf7-form-control-wrap\" data-name=\"Description-of-issue\"><textarea cols=\"40\" rows=\"10\" maxlength=\"2000\" class=\"wpcf7-form-control wpcf7-textarea wpcf7-validates-as-required\" aria-required=\"true\" aria-invalid=\"false\" name=\"Description-of-issue\"><\/textarea><\/span> <\/label>\n\t\t<\/p>\n\t<\/div>\n\t<p>[cf7sr-simple-recaptcha]<br \/>\n<input class=\"wpcf7-form-control wpcf7-submit has-spinner\" type=\"submit\" value=\"Send\" \/>\n\t<\/p>\n<\/div><div class=\"wpcf7-response-output\" aria-hidden=\"true\"><\/div>\n<\/form>\n<\/div>\n<\/div>","protected":false},"excerpt":{"rendered":"<p>Receptores Marshall Radio Telemetry garantiza que sus receptores y Pocketlinks estar\u00e1n libres de defectos de mano de obra y materiales durante tres (3) a\u00f1os en piezas mec\u00e1nicas y m\u00f3viles, y tres (3) a\u00f1os en electr\u00f3nica a partir de la fecha<span class=\"ellipsis\">&hellip;<\/span><\/p>\n<div class=\"read-more\"><a href=\"https:\/\/marshallradio.com\/ww\/atencion-al-cliente\/garantias\/?lang=es\">Read more <span class=\"screen-reader-text\">Garant\u00edas<\/span><span class=\"meta-nav\"> &#8250;<\/span><\/a><\/div>\n<p><!-- end of .read-more --><\/p>\n","protected":false},"author":1,"featured_media":34552,"parent":30374,"menu_order":0,"comment_status":"closed","ping_status":"closed","template":"page-home-template.php","meta":{"_acf_changed":false,"footnotes":""},"class_list":["post-30858","page","type-page","status-publish","has-post-thumbnail","hentry"],"acf":[],"_links":{"self":[{"href":"https:\/\/marshallradio.com\/ww\/wp-json\/wp\/v2\/pages\/30858","targetHints":{"allow":["GET"]}}],"collection":[{"href":"https:\/\/marshallradio.com\/ww\/wp-json\/wp\/v2\/pages"}],"about":[{"href":"https:\/\/marshallradio.com\/ww\/wp-json\/wp\/v2\/types\/page"}],"author":[{"embeddable":true,"href":"https:\/\/marshallradio.com\/ww\/wp-json\/wp\/v2\/users\/1"}],"replies":[{"embeddable":true,"href":"https:\/\/marshallradio.com\/ww\/wp-json\/wp\/v2\/comments?post=30858"}],"version-history":[{"count":12,"href":"https:\/\/marshallradio.com\/ww\/wp-json\/wp\/v2\/pages\/30858\/revisions"}],"predecessor-version":[{"id":36434,"href":"https:\/\/marshallradio.com\/ww\/wp-json\/wp\/v2\/pages\/30858\/revisions\/36434"}],"up":[{"embeddable":true,"href":"https:\/\/marshallradio.com\/ww\/wp-json\/wp\/v2\/pages\/30374"}],"wp:featuredmedia":[{"embeddable":true,"href":"https:\/\/marshallradio.com\/ww\/wp-json\/wp\/v2\/media\/34552"}],"wp:attachment":[{"href":"https:\/\/marshallradio.com\/ww\/wp-json\/wp\/v2\/media?parent=30858"}],"curies":[{"name":"wp","href":"https:\/\/api.w.org\/{rel}","templated":true}]}}