
{"id":31855,"date":"2019-07-18T19:19:08","date_gmt":"2019-07-18T19:19:08","guid":{"rendered":"http:\/\/marshallradio.com\/ww\/%e9%a1%a7%e5%ae%a2%e3%82%b5%e3%83%bc%e3%83%93%e3%82%b9\/%e5%8f%96%e6%89%b1%e8%aa%ac%e6%98%8e%e6%9b%b8\/"},"modified":"2022-07-05T20:54:02","modified_gmt":"2022-07-05T20:54:02","slug":"%e5%8f%96%e6%89%b1%e8%aa%ac%e6%98%8e%e6%9b%b8","status":"publish","type":"page","link":"https:\/\/marshallradio.com\/ww\/%e9%a1%a7%e5%ae%a2%e3%82%b5%e3%83%bc%e3%83%93%e3%82%b9\/%e5%8f%96%e6%89%b1%e8%aa%ac%e6%98%8e%e6%9b%b8\/?lang=ja","title":{"rendered":"\u53d6\u6271\u8aac\u660e\u66f8"},"content":{"rendered":"<p>\u9001\u4fe1\u6a5f\u306e\u30de\u30cb\u30e5\u30a2\u30eb\u306f\u3001\u4ee5\u4e0b\u306ePDF\u30d5\u30a1\u30a4\u30eb\u304b\u3089\u30ab\u30e9\u30fc\u3067\u5370\u5237\u3067\u304d\u307e\u3059\u3002\u66f4\u65b0\u3055\u308c\u305f\u30de\u30cb\u30e5\u30a2\u30eb\u306b\u3064\u3044\u3066\u306f\u3001\u6642\u3005\u78ba\u8a8d\u3057\u3066\u304f\u3060\u3055\u3044\u3002<\/p>\n<div class=\"container\">&#13;\n&#13;\n<a class=\"btn btn-info\" href=\"#Receiver\" data-toggle=\"collapse\">\u53d7\u4fe1\u6a5f\u30de\u30cb\u30e5\u30a2\u30eb <i class=\"fas fa-chevron-circle-down\"\/><\/a>&#13;\n<div id=\"Receiver\" class=\"collapse\">&#13;\n&#13;\n<a href=\"\/uk\/wp-content\/uploads\/sites\/3\/2019\/07\/Field_Marshall_Owners_Manual_2008_Rev_7.pdf\" target=\"_blank\" rel=\"noopener noreferrer\">\u30c7\u30b8\u30bf\u30eb\u30d5\u30a3\u30fc\u30eb\u30c9\u30de\u30fc\u30b7\u30e3\u30eb100-5000<\/a>&#13;\n&#13;\n<a href=\"\/uk\/wp-content\/uploads\/sites\/3\/2019\/07\/Field_Marshall_510_Manual_-small.pdf\" target=\"_blank\" rel=\"noopener noreferrer\">\u30d5\u30a3\u30fc\u30eb\u30c9\u30de\u30fc\u30b7\u30e3\u30eb\u30ec\u30b7\u30fc\u30d0\u30fc5\/10<\/a>&#13;\n&#13;\n<a href=\"\/wp-content\/uploads\/sites\/3\/2019\/07\/st-manual-sm.pdf\" target=\"_blank\" rel=\"noopener noreferrer\">\u30b9\u30c6\u30eb\u30b9\u30ec\u30b7\u30fc\u30d0\u30fcG2<\/a>&#13;\n&#13;\n<\/div>&#13;\n<\/div>\n<div style=\"height:20px\" aria-hidden=\"true\" class=\"wp-block-spacer\"><\/div>\n<div class=\"container\">&#13;\n  <a href=\"#Transmitter\" class=\"btn btn-info manualButton\" data-toggle=\"collapse\">Transmitter Manuals <i class=\"fas fa-chevron-circle-down\"\/><\/a>&#13;\n  <div id=\"Transmitter\" class=\"collapse\">&#13;\n<div class=\"col-md-6\">&#13;\n   <p><a href=\"https:\/\/marshallradio.com\/uk\/wp-content\/uploads\/sites\/2\/2022\/05\/Scout-User-Guide-Combined-2022-Apr.pdf\" target=\"_blank\" rel=\"noopener noreferrer\">Scout<\/a><\/p>&#13;\n<p><a href=\"https:\/\/marshallradio.com\/uk\/wp-content\/uploads\/sites\/2\/2022\/04\/RT-User-Guide-2022-Apr.pdf\" target=\"_blank\" rel=\"noopener noreferrer\">RT Plus<\/a><\/p>&#13;\n<p><a href=\"https:\/\/marshallradio.com\/uk\/wp-content\/uploads\/sites\/2\/2022\/05\/RT-User-Guide-2022-Update.pdf\" target=\"_blank\" rel=\"noopener noreferrer\">RT \/ RT XP<\/a><\/p>&#13;\n<p><a href=\"http:\/\/marshallradio.com\/ww\/wp-content\/uploads\/sites\/2\/2022\/04\/Micro-User-Guide-2022-April-2.pdf\" target=\"_blank\" rel=\"noopener noreferrer\">Micro<\/a><\/p>&#13;\n<p><a href=\"\/ww\/wp-content\/uploads\/sites\/3\/2019\/07\/PowerMax.pdf\" target=\"_blank\" rel=\"noopener noreferrer\">PowerMax<\/a><\/p>&#13;\n<p><a href=\"https:\/\/marshallradio.com\/uk\/wp-content\/uploads\/sites\/2\/2022\/05\/Turbo-User-Guide-2022-UPDATE.pdf\" target=\"_blank\" rel=\"noopener noreferrer\">RT Turbo<\/a><\/p>&#13;\n<\/div>&#13;\n<div class=\"col-md-6\">&#13;\n<h4>Dog Collars<\/h4>&#13;\n<p><a href=\"\/ww\/wp-content\/uploads\/sites\/2\/2019\/07\/PPHP_NonLighted.pdf\" target=\"_blank\" rel=\"noopener noreferrer\">PPHP NonLighted<\/a><\/p>&#13;\n<p><a href=\"\/ww\/wp-content\/uploads\/sites\/2\/2019\/07\/PPHP_Lighted.pdf\" target=\"_blank\" rel=\"noopener noreferrer\">PPHP Lighted<\/a><\/p>&#13;\n<p><a href=\"\/ww\/wp-content\/uploads\/sites\/2\/2019\/07\/H3K_NonLighted.pdf\" target=\"_blank\" rel=\"noopener noreferrer\">H3K NonLighted<\/a><\/p>&#13;\n<p><a href=\"\/ww\/wp-content\/uploads\/sites\/2\/2019\/07\/H3K_Lighted.pdf\" target=\"_blank\" rel=\"noopener noreferrer\">H3K Lighted<\/a><\/p>&#13;\n<\/div>&#13;\n  <\/div>&#13;\n<\/div>&#13;\n\n<div style=\"height:20px\" aria-hidden=\"true\" class=\"wp-block-spacer\"><\/div>\n<div class=\"container\">&#13;\n  <a href=\"#GPS\" class=\"btn btn-info\" data-toggle=\"collapse\">GPS Manuals <i class=\"fas fa-chevron-circle-down\"\/><\/a>&#13;\n  <div id=\"GPS\" class=\"collapse\">&#13;\n   <p><a href=\"http:\/\/marshallradio.com\/eu\/wp-content\/uploads\/sites\/4\/2020\/06\/2020-GPS-NEW-USER-START-UP-NOTES.pdf\" target=\"_blank\" rel=\"noopener noreferrer\">GPS English<\/a><\/p>&#13;\n<p><a href=\"http:\/\/marshallradio.com\/eu\/wp-content\/uploads\/sites\/4\/2020\/06\/SPANISH-GPS-NEW-USER-START-UP-NOTES.pdf\" target=\"_blank\" rel=\"noopener noreferrer\">GPS Espa\u00f1ol<\/a><\/p>&#13;\n<p><a href=\"http:\/\/marshallradio.com\/ww\/wp-content\/uploads\/sites\/2\/2020\/06\/Japanese-GPS-NEW-USER-START-UP-NOTES.pdf\" target=\"_blank\" rel=\"noopener noreferrer\">GPS\u65e5\u672c\u8a9e<\/a><\/p>&#13;\n<p><a href=\"replace with link here\" target=\"_blank\" rel=\"noopener noreferrer\">GPS \u0420\u0443\u0441\u0441\u043a\u0438\u0439 \u0441\u043a\u043e\u0440\u043e \u0431\u0443\u0434\u0435\u0442!<\/a><\/p>&#13;\n<p><a href=\"http:\/\/marshallradio.com\/eu\/wp-content\/uploads\/sites\/4\/2020\/06\/ITALIAN-GPS-NEW-USER-START-UP-NOTES.pdf\" target=\"_blank\" rel=\"noopener noreferrer\">GPS Italiano<\/a><\/p>&#13;\n<p><a href=\"replace with link here\" target=\"_blank\" rel=\"noopener noreferrer\">GPS Fran\u00e7ais \u00e0 venir!<\/a><\/p>&#13;\n<p><a href=\"http:\/\/marshallradio.com\/eu\/wp-content\/uploads\/sites\/4\/2020\/06\/GERMAN-GPS-NEW-USER-START-UP-NOTES.pdf\" target=\"_blank\" rel=\"noopener noreferrer\">GPS Deutsche<\/a><\/p>&#13;\n<p><a href=\"replace with link here\" target=\"_blank\" rel=\"noopener noreferrer\">GPS \u010cesk\u00fd ji\u017e brzy!<\/a><\/p>&#13;\n<p><a href=\"replace with link here\" target=\"_blank\" rel=\"noopener noreferrer\">GPS Nederlands Binnenkort!<\/a><\/p>&#13;\n  <\/div>&#13;\n<\/div>&#13;\n","protected":false},"excerpt":{"rendered":"<p>\u9001\u4fe1\u6a5f\u306e\u30de\u30cb\u30e5\u30a2\u30eb\u306f\u3001\u4ee5\u4e0b\u306ePDF\u30d5\u30a1\u30a4\u30eb\u304b\u3089\u30ab\u30e9\u30fc\u3067\u5370\u5237\u3067\u304d\u307e\u3059\u3002\u66f4\u65b0\u3055\u308c\u305f\u30de\u30cb\u30e5\u30a2\u30eb\u306b\u3064\u3044\u3066\u306f\u3001\u6642\u3005\u78ba\u8a8d\u3057\u3066\u304f\u3060\u3055\u3044\u3002 &#13; &#13; \u53d7\u4fe1\u6a5f\u30de\u30cb\u30e5\u30a2\u30eb &#13; &#13; &#13; \u30c7\u30b8\u30bf\u30eb\u30d5\u30a3\u30fc\u30eb\u30c9\u30de\u30fc\u30b7\u30e3\u30eb100-5000&#13; &#13; \u30d5\u30a3\u30fc\u30eb\u30c9\u30de\u30fc\u30b7\u30e3\u30eb\u30ec\u30b7\u30fc\u30d0\u30fc5\/10&#13; &#13; \u30b9\u30c6\u30eb\u30b9\u30ec\u30b7\u30fc\u30d0\u30fcG2&#13; &#13; &#13; &#13; Transmitter Manuals &#13; &#13; &#13; Scout &#13; RT Plus &#13; RT \/ RT XP &#13; Micro &#13; PowerMax &#13; RT Turbo &#13; &#13; &#13; Dog<span class=\"ellipsis\">&hellip;<\/span><\/p>\n<div class=\"read-more\"><a href=\"https:\/\/marshallradio.com\/ww\/%e9%a1%a7%e5%ae%a2%e3%82%b5%e3%83%bc%e3%83%93%e3%82%b9\/%e5%8f%96%e6%89%b1%e8%aa%ac%e6%98%8e%e6%9b%b8\/?lang=ja\">Read more <span class=\"screen-reader-text\">\u53d6\u6271\u8aac\u660e\u66f8<\/span><span class=\"meta-nav\"> &#8250;<\/span><\/a><\/div>\n<p><!-- end of .read-more --><\/p>\n","protected":false},"author":1,"featured_media":42934,"parent":30372,"menu_order":0,"comment_status":"closed","ping_status":"closed","template":"page-home-template.php","meta":{"_acf_changed":false,"footnotes":""},"class_list":["post-31855","page","type-page","status-publish","has-post-thumbnail","hentry"],"acf":[],"_links":{"self":[{"href":"https:\/\/marshallradio.com\/ww\/wp-json\/wp\/v2\/pages\/31855","targetHints":{"allow":["GET"]}}],"collection":[{"href":"https:\/\/marshallradio.com\/ww\/wp-json\/wp\/v2\/pages"}],"about":[{"href":"https:\/\/marshallradio.com\/ww\/wp-json\/wp\/v2\/types\/page"}],"author":[{"embeddable":true,"href":"https:\/\/marshallradio.com\/ww\/wp-json\/wp\/v2\/users\/1"}],"replies":[{"embeddable":true,"href":"https:\/\/marshallradio.com\/ww\/wp-json\/wp\/v2\/comments?post=31855"}],"version-history":[{"count":19,"href":"https:\/\/marshallradio.com\/ww\/wp-json\/wp\/v2\/pages\/31855\/revisions"}],"predecessor-version":[{"id":47218,"href":"https:\/\/marshallradio.com\/ww\/wp-json\/wp\/v2\/pages\/31855\/revisions\/47218"}],"up":[{"embeddable":true,"href":"https:\/\/marshallradio.com\/ww\/wp-json\/wp\/v2\/pages\/30372"}],"wp:featuredmedia":[{"embeddable":true,"href":"https:\/\/marshallradio.com\/ww\/wp-json\/wp\/v2\/media\/42934"}],"wp:attachment":[{"href":"https:\/\/marshallradio.com\/ww\/wp-json\/wp\/v2\/media?parent=31855"}],"curies":[{"name":"wp","href":"https:\/\/api.w.org\/{rel}","templated":true}]}}