
{"id":31859,"date":"2019-07-18T19:20:49","date_gmt":"2019-07-18T19:20:49","guid":{"rendered":""},"modified":"2022-07-05T20:54:38","modified_gmt":"2022-07-05T20:54:38","slug":"%d1%80%d1%83%d0%ba%d0%be%d0%b2%d0%be%d0%b4%d1%81%d1%82%d0%b2%d0%be-%d0%bf%d0%be%d0%bb%d1%8c%d0%b7%d0%be%d0%b2%d0%b0%d1%82%d0%b5%d0%bb%d1%8f","status":"publish","type":"page","link":"https:\/\/marshallradio.com\/ww\/%d0%be%d0%b1%d1%81%d0%bb%d1%83%d0%b6%d0%b8%d0%b2%d0%b0%d0%bd%d0%b8%d0%b5-%d0%ba%d0%bb%d0%b8%d0%b5%d0%bd%d1%82%d0%be%d0%b2\/%d1%80%d1%83%d0%ba%d0%be%d0%b2%d0%be%d0%b4%d1%81%d1%82%d0%b2%d0%be-%d0%bf%d0%be%d0%bb%d1%8c%d0%b7%d0%be%d0%b2%d0%b0%d1%82%d0%b5%d0%bb%d1%8f\/?lang=ru","title":{"rendered":"\u0420\u0443\u043a\u043e\u0432\u043e\u0434\u0441\u0442\u0432\u043e \u043f\u043e\u043b\u044c\u0437\u043e\u0432\u0430\u0442\u0435\u043b\u044f"},"content":{"rendered":"<p>\u0420\u0443\u043a\u043e\u0432\u043e\u0434\u0441\u0442\u0432\u0430 \u043f\u043e \u0442\u0440\u0430\u043d\u0441\u043c\u0438\u0442\u0442\u0435\u0440\u0430\u043c \u043c\u043e\u0433\u0443\u0442 \u0431\u044b\u0442\u044c \u0440\u0430\u0441\u043f\u0435\u0447\u0430\u0442\u0430\u043d\u044b \u0432 \u0446\u0432\u0435\u0442\u0435 \u0441 \u0432\u0430\u0448\u0435\u0439 \u0441\u0442\u043e\u0440\u043e\u043d\u044b \u0438\u0437 \u043f\u0435\u0440\u0435\u0447\u0438\u0441\u043b\u0435\u043d\u043d\u044b\u0445 \u043d\u0438\u0436\u0435 PDF-\u0444\u0430\u0439\u043b\u043e\u0432. \u0412\u0440\u0435\u043c\u044f \u043e\u0442 \u0432\u0440\u0435\u043c\u0435\u043d\u0438 \u043f\u0440\u043e\u0432\u0435\u0440\u044f\u0439\u0442\u0435 \u043d\u0430\u043b\u0438\u0447\u0438\u0435 \u043e\u0431\u043d\u043e\u0432\u043b\u0435\u043d\u043d\u044b\u0445 \u0440\u0443\u043a\u043e\u0432\u043e\u0434\u0441\u0442\u0432.<\/p>\n<div class=\"container\">&#13;\n&#13;\n<a class=\"btn btn-info\" href=\"#Receiver\" data-toggle=\"collapse\">\u0420\u0443\u043a\u043e\u0432\u043e\u0434\u0441\u0442\u0432\u0430 \u043f\u0440\u0438\u0435\u043c\u043d\u0438\u043a\u0430 <i class=\"fas fa-chevron-circle-down\"\/><\/a>&#13;\n<div id=\"Receiver\" class=\"collapse\">&#13;\n&#13;\n<a href=\"\/uk\/wp-content\/uploads\/sites\/3\/2019\/07\/Field_Marshall_Owners_Manual_2008_Rev_7.pdf\" target=\"_blank\" rel=\"noopener noreferrer\">\u0426\u0438\u0444\u0440\u043e\u0432\u043e\u0439 \u0444\u0435\u043b\u044c\u0434\u043c\u0430\u0440\u0448\u0430\u043b 100-5000<\/a>&#13;\n&#13;\n<a href=\"\/uk\/wp-content\/uploads\/sites\/3\/2019\/07\/Field_Marshall_510_Manual_-small.pdf\" target=\"_blank\" rel=\"noopener noreferrer\">\u041f\u0440\u0438\u0435\u043c\u043d\u0438\u043a \u0444\u0435\u043b\u044c\u0434\u043c\u0430\u0440\u0448\u0430\u043b\u0430 5\/10<\/a>&#13;\n&#13;\n<a href=\"\/wp-content\/uploads\/sites\/3\/2019\/07\/st-manual-sm.pdf\" target=\"_blank\" rel=\"noopener noreferrer\">\u0421\u0442\u0435\u043b\u0441-\u0440\u0435\u0441\u0438\u0432\u0435\u0440 G2<\/a>&#13;\n&#13;\n<\/div>&#13;\n<\/div>\n<div style=\"height:20px\" aria-hidden=\"true\" class=\"wp-block-spacer\"><\/div>\n<div class=\"container\">&#13;\n  <a href=\"#Transmitter\" class=\"btn btn-info manualButton\" data-toggle=\"collapse\">Transmitter Manuals <i class=\"fas fa-chevron-circle-down\"\/><\/a>&#13;\n  <div id=\"Transmitter\" class=\"collapse\">&#13;\n<div class=\"col-md-6\">&#13;\n   <p><a href=\"https:\/\/marshallradio.com\/uk\/wp-content\/uploads\/sites\/2\/2022\/05\/Scout-User-Guide-Combined-2022-Apr.pdf\" target=\"_blank\" rel=\"noopener noreferrer\">Scout<\/a><\/p>&#13;\n<p><a href=\"https:\/\/marshallradio.com\/uk\/wp-content\/uploads\/sites\/2\/2022\/04\/RT-User-Guide-2022-Apr.pdf\" target=\"_blank\" rel=\"noopener noreferrer\">RT Plus<\/a><\/p>&#13;\n<p><a href=\"https:\/\/marshallradio.com\/uk\/wp-content\/uploads\/sites\/2\/2022\/05\/RT-User-Guide-2022-Update.pdf\" target=\"_blank\" rel=\"noopener noreferrer\">RT \/ RT XP<\/a><\/p>&#13;\n<p><a href=\"http:\/\/marshallradio.com\/ww\/wp-content\/uploads\/sites\/2\/2022\/04\/Micro-User-Guide-2022-April-2.pdf\" target=\"_blank\" rel=\"noopener noreferrer\">Micro<\/a><\/p>&#13;\n<p><a href=\"\/ww\/wp-content\/uploads\/sites\/3\/2019\/07\/PowerMax.pdf\" target=\"_blank\" rel=\"noopener noreferrer\">PowerMax<\/a><\/p>&#13;\n<p><a href=\"https:\/\/marshallradio.com\/uk\/wp-content\/uploads\/sites\/2\/2022\/05\/Turbo-User-Guide-2022-UPDATE.pdf\" target=\"_blank\" rel=\"noopener noreferrer\">RT Turbo<\/a><\/p>&#13;\n<\/div>&#13;\n<div class=\"col-md-6\">&#13;\n<h4>Dog Collars<\/h4>&#13;\n<p><a href=\"\/ww\/wp-content\/uploads\/sites\/2\/2019\/07\/PPHP_NonLighted.pdf\" target=\"_blank\" rel=\"noopener noreferrer\">PPHP NonLighted<\/a><\/p>&#13;\n<p><a href=\"\/ww\/wp-content\/uploads\/sites\/2\/2019\/07\/PPHP_Lighted.pdf\" target=\"_blank\" rel=\"noopener noreferrer\">PPHP Lighted<\/a><\/p>&#13;\n<p><a href=\"\/ww\/wp-content\/uploads\/sites\/2\/2019\/07\/H3K_NonLighted.pdf\" target=\"_blank\" rel=\"noopener noreferrer\">H3K NonLighted<\/a><\/p>&#13;\n<p><a href=\"\/ww\/wp-content\/uploads\/sites\/2\/2019\/07\/H3K_Lighted.pdf\" target=\"_blank\" rel=\"noopener noreferrer\">H3K Lighted<\/a><\/p>&#13;\n<\/div>&#13;\n  <\/div>&#13;\n<\/div>&#13;\n\n<div style=\"height:20px\" aria-hidden=\"true\" class=\"wp-block-spacer\"><\/div>\n<div class=\"container\">&#13;\n  <a href=\"#GPS\" class=\"btn btn-info\" data-toggle=\"collapse\">GPS Manuals <i class=\"fas fa-chevron-circle-down\"\/><\/a>&#13;\n  <div id=\"GPS\" class=\"collapse\">&#13;\n   <p><a href=\"http:\/\/marshallradio.com\/eu\/wp-content\/uploads\/sites\/4\/2020\/06\/2020-GPS-NEW-USER-START-UP-NOTES.pdf\" target=\"_blank\" rel=\"noopener noreferrer\">GPS English<\/a><\/p>&#13;\n<p><a href=\"http:\/\/marshallradio.com\/eu\/wp-content\/uploads\/sites\/4\/2020\/06\/SPANISH-GPS-NEW-USER-START-UP-NOTES.pdf\" target=\"_blank\" rel=\"noopener noreferrer\">GPS Espa\u00f1ol<\/a><\/p>&#13;\n<p><a href=\"http:\/\/marshallradio.com\/ww\/wp-content\/uploads\/sites\/2\/2020\/06\/Japanese-GPS-NEW-USER-START-UP-NOTES.pdf\" target=\"_blank\" rel=\"noopener noreferrer\">GPS\u65e5\u672c\u8a9e<\/a><\/p>&#13;\n<p><a href=\"replace with link here\" target=\"_blank\" rel=\"noopener noreferrer\">GPS \u0420\u0443\u0441\u0441\u043a\u0438\u0439 \u0441\u043a\u043e\u0440\u043e \u0431\u0443\u0434\u0435\u0442!<\/a><\/p>&#13;\n<p><a href=\"http:\/\/marshallradio.com\/eu\/wp-content\/uploads\/sites\/4\/2020\/06\/ITALIAN-GPS-NEW-USER-START-UP-NOTES.pdf\" target=\"_blank\" rel=\"noopener noreferrer\">GPS Italiano<\/a><\/p>&#13;\n<p><a href=\"replace with link here\" target=\"_blank\" rel=\"noopener noreferrer\">GPS Fran\u00e7ais \u00e0 venir!<\/a><\/p>&#13;\n<p><a href=\"http:\/\/marshallradio.com\/eu\/wp-content\/uploads\/sites\/4\/2020\/06\/GERMAN-GPS-NEW-USER-START-UP-NOTES.pdf\" target=\"_blank\" rel=\"noopener noreferrer\">GPS Deutsche<\/a><\/p>&#13;\n<p><a href=\"replace with link here\" target=\"_blank\" rel=\"noopener noreferrer\">GPS \u010cesk\u00fd ji\u017e brzy!<\/a><\/p>&#13;\n<p><a href=\"replace with link here\" target=\"_blank\" rel=\"noopener noreferrer\">GPS Nederlands Binnenkort!<\/a><\/p>&#13;\n  <\/div>&#13;\n<\/div>&#13;\n","protected":false},"excerpt":{"rendered":"<p>\u0420\u0443\u043a\u043e\u0432\u043e\u0434\u0441\u0442\u0432\u0430 \u043f\u043e \u0442\u0440\u0430\u043d\u0441\u043c\u0438\u0442\u0442\u0435\u0440\u0430\u043c \u043c\u043e\u0433\u0443\u0442 \u0431\u044b\u0442\u044c \u0440\u0430\u0441\u043f\u0435\u0447\u0430\u0442\u0430\u043d\u044b \u0432 \u0446\u0432\u0435\u0442\u0435 \u0441 \u0432\u0430\u0448\u0435\u0439 \u0441\u0442\u043e\u0440\u043e\u043d\u044b \u0438\u0437 \u043f\u0435\u0440\u0435\u0447\u0438\u0441\u043b\u0435\u043d\u043d\u044b\u0445 \u043d\u0438\u0436\u0435 PDF-\u0444\u0430\u0439\u043b\u043e\u0432. \u0412\u0440\u0435\u043c\u044f \u043e\u0442 \u0432\u0440\u0435\u043c\u0435\u043d\u0438 \u043f\u0440\u043e\u0432\u0435\u0440\u044f\u0439\u0442\u0435 \u043d\u0430\u043b\u0438\u0447\u0438\u0435 \u043e\u0431\u043d\u043e\u0432\u043b\u0435\u043d\u043d\u044b\u0445 \u0440\u0443\u043a\u043e\u0432\u043e\u0434\u0441\u0442\u0432. &#13; &#13; \u0420\u0443\u043a\u043e\u0432\u043e\u0434\u0441\u0442\u0432\u0430 \u043f\u0440\u0438\u0435\u043c\u043d\u0438\u043a\u0430 &#13; &#13; &#13; \u0426\u0438\u0444\u0440\u043e\u0432\u043e\u0439 \u0444\u0435\u043b\u044c\u0434\u043c\u0430\u0440\u0448\u0430\u043b 100-5000&#13; &#13; \u041f\u0440\u0438\u0435\u043c\u043d\u0438\u043a \u0444\u0435\u043b\u044c\u0434\u043c\u0430\u0440\u0448\u0430\u043b\u0430 5\/10&#13; &#13; \u0421\u0442\u0435\u043b\u0441-\u0440\u0435\u0441\u0438\u0432\u0435\u0440 G2&#13; &#13;<span class=\"ellipsis\">&hellip;<\/span><\/p>\n<div class=\"read-more\"><a href=\"https:\/\/marshallradio.com\/ww\/%d0%be%d0%b1%d1%81%d0%bb%d1%83%d0%b6%d0%b8%d0%b2%d0%b0%d0%bd%d0%b8%d0%b5-%d0%ba%d0%bb%d0%b8%d0%b5%d0%bd%d1%82%d0%be%d0%b2\/%d1%80%d1%83%d0%ba%d0%be%d0%b2%d0%be%d0%b4%d1%81%d1%82%d0%b2%d0%be-%d0%bf%d0%be%d0%bb%d1%8c%d0%b7%d0%be%d0%b2%d0%b0%d1%82%d0%b5%d0%bb%d1%8f\/?lang=ru\">Read more <span class=\"screen-reader-text\">\u0420\u0443\u043a\u043e\u0432\u043e\u0434\u0441\u0442\u0432\u043e \u043f\u043e\u043b\u044c\u0437\u043e\u0432\u0430\u0442\u0435\u043b\u044f<\/span><span class=\"meta-nav\"> &#8250;<\/span><\/a><\/div>\n<p><!-- end of .read-more --><\/p>\n","protected":false},"author":1,"featured_media":42935,"parent":30373,"menu_order":0,"comment_status":"closed","ping_status":"closed","template":"page-home-template.php","meta":{"_acf_changed":false,"footnotes":""},"class_list":["post-31859","page","type-page","status-publish","has-post-thumbnail","hentry"],"acf":[],"_links":{"self":[{"href":"https:\/\/marshallradio.com\/ww\/wp-json\/wp\/v2\/pages\/31859","targetHints":{"allow":["GET"]}}],"collection":[{"href":"https:\/\/marshallradio.com\/ww\/wp-json\/wp\/v2\/pages"}],"about":[{"href":"https:\/\/marshallradio.com\/ww\/wp-json\/wp\/v2\/types\/page"}],"author":[{"embeddable":true,"href":"https:\/\/marshallradio.com\/ww\/wp-json\/wp\/v2\/users\/1"}],"replies":[{"embeddable":true,"href":"https:\/\/marshallradio.com\/ww\/wp-json\/wp\/v2\/comments?post=31859"}],"version-history":[{"count":16,"href":"https:\/\/marshallradio.com\/ww\/wp-json\/wp\/v2\/pages\/31859\/revisions"}],"predecessor-version":[{"id":47219,"href":"https:\/\/marshallradio.com\/ww\/wp-json\/wp\/v2\/pages\/31859\/revisions\/47219"}],"up":[{"embeddable":true,"href":"https:\/\/marshallradio.com\/ww\/wp-json\/wp\/v2\/pages\/30373"}],"wp:featuredmedia":[{"embeddable":true,"href":"https:\/\/marshallradio.com\/ww\/wp-json\/wp\/v2\/media\/42935"}],"wp:attachment":[{"href":"https:\/\/marshallradio.com\/ww\/wp-json\/wp\/v2\/media?parent=31859"}],"curies":[{"name":"wp","href":"https:\/\/api.w.org\/{rel}","templated":true}]}}