
{"id":31863,"date":"2019-07-18T19:22:46","date_gmt":"2019-07-18T19:22:46","guid":{"rendered":"http:\/\/marshallradio.com\/ww\/%e9%a1%a7%e5%ae%a2%e3%82%b5%e3%83%bc%e3%83%93%e3%82%b9\/el-manual-del-propietario\/"},"modified":"2022-07-05T20:55:15","modified_gmt":"2022-07-05T20:55:15","slug":"el-manual-del-propietario","status":"publish","type":"page","link":"https:\/\/marshallradio.com\/ww\/atencion-al-cliente\/el-manual-del-propietario\/?lang=es","title":{"rendered":"El manual del propietario"},"content":{"rendered":"<p>Los manuales del transmisor se pueden imprimir en color de su parte desde los archivos PDF que se enumeran a continuaci\u00f3n. Vuelva a consultar de vez en cuando para ver los manuales actualizados.<\/p>\n<div class=\"container\">&#13;\n&#13;\n<a class=\"btn btn-info\" href=\"#Receiver\" data-toggle=\"collapse\">Manuales de Receptor <i class=\"fas fa-chevron-circle-down\"\/><\/a>&#13;\n<div id=\"Receiver\" class=\"collapse\">&#13;\n&#13;\n<a href=\"\/uk\/wp-content\/uploads\/sites\/3\/2019\/07\/Field_Marshall_Owners_Manual_2008_Rev_7.pdf\" target=\"_blank\" rel=\"noopener noreferrer\">Marshall Field Digital 100-5000<\/a>&#13;\n&#13;\n<a href=\"\/uk\/wp-content\/uploads\/sites\/3\/2019\/07\/Field_Marshall_510_Manual_-small.pdf\" target=\"_blank\" rel=\"noopener noreferrer\">Field Marshall Receiver 5\/10<\/a>&#13;\n&#13;\n<a href=\"\/wp-content\/uploads\/sites\/3\/2019\/07\/st-manual-sm.pdf\" target=\"_blank\" rel=\"noopener noreferrer\">Receptor Stealth G2<\/a>&#13;\n&#13;\n<\/div>&#13;\n<\/div>\n<div style=\"height:20px\" aria-hidden=\"true\" class=\"wp-block-spacer\"><\/div>\n<div class=\"container\">&#13;\n  <a href=\"#Transmitter\" class=\"btn btn-info manualButton\" data-toggle=\"collapse\">Transmitter Manuals <i class=\"fas fa-chevron-circle-down\"\/><\/a>&#13;\n  <div id=\"Transmitter\" class=\"collapse\">&#13;\n<div class=\"col-md-6\">&#13;\n   <p><a href=\"https:\/\/marshallradio.com\/uk\/wp-content\/uploads\/sites\/2\/2022\/05\/Scout-User-Guide-Combined-2022-Apr.pdf\" target=\"_blank\" rel=\"noopener noreferrer\">Scout<\/a><\/p>&#13;\n<p><a href=\"https:\/\/marshallradio.com\/uk\/wp-content\/uploads\/sites\/2\/2022\/04\/RT-User-Guide-2022-Apr.pdf\" target=\"_blank\" rel=\"noopener noreferrer\">RT Plus<\/a><\/p>&#13;\n<p><a href=\"https:\/\/marshallradio.com\/uk\/wp-content\/uploads\/sites\/2\/2022\/05\/RT-User-Guide-2022-Update.pdf\" target=\"_blank\" rel=\"noopener noreferrer\">RT \/ RT XP<\/a><\/p>&#13;\n<p><a href=\"http:\/\/marshallradio.com\/ww\/wp-content\/uploads\/sites\/2\/2022\/04\/Micro-User-Guide-2022-April-2.pdf\" target=\"_blank\" rel=\"noopener noreferrer\">Micro<\/a><\/p>&#13;\n<p><a href=\"\/ww\/wp-content\/uploads\/sites\/3\/2019\/07\/PowerMax.pdf\" target=\"_blank\" rel=\"noopener noreferrer\">PowerMax<\/a><\/p>&#13;\n<p><a href=\"https:\/\/marshallradio.com\/uk\/wp-content\/uploads\/sites\/2\/2022\/05\/Turbo-User-Guide-2022-UPDATE.pdf\" target=\"_blank\" rel=\"noopener noreferrer\">RT Turbo<\/a><\/p>&#13;\n<\/div>&#13;\n<div class=\"col-md-6\">&#13;\n<h4>Dog Collars<\/h4>&#13;\n<p><a href=\"\/ww\/wp-content\/uploads\/sites\/2\/2019\/07\/PPHP_NonLighted.pdf\" target=\"_blank\" rel=\"noopener noreferrer\">PPHP NonLighted<\/a><\/p>&#13;\n<p><a href=\"\/ww\/wp-content\/uploads\/sites\/2\/2019\/07\/PPHP_Lighted.pdf\" target=\"_blank\" rel=\"noopener noreferrer\">PPHP Lighted<\/a><\/p>&#13;\n<p><a href=\"\/ww\/wp-content\/uploads\/sites\/2\/2019\/07\/H3K_NonLighted.pdf\" target=\"_blank\" rel=\"noopener noreferrer\">H3K NonLighted<\/a><\/p>&#13;\n<p><a href=\"\/ww\/wp-content\/uploads\/sites\/2\/2019\/07\/H3K_Lighted.pdf\" target=\"_blank\" rel=\"noopener noreferrer\">H3K Lighted<\/a><\/p>&#13;\n<\/div>&#13;\n  <\/div>&#13;\n<\/div>&#13;\n\n<div style=\"height:20px\" aria-hidden=\"true\" class=\"wp-block-spacer\"><\/div>\n<div class=\"container\">&#13;\n  <a href=\"#GPS\" class=\"btn btn-info\" data-toggle=\"collapse\">GPS Manuals <i class=\"fas fa-chevron-circle-down\"\/><\/a>&#13;\n  <div id=\"GPS\" class=\"collapse\">&#13;\n   <p><a href=\"http:\/\/marshallradio.com\/eu\/wp-content\/uploads\/sites\/4\/2020\/06\/2020-GPS-NEW-USER-START-UP-NOTES.pdf\" target=\"_blank\" rel=\"noopener noreferrer\">GPS English<\/a><\/p>&#13;\n<p><a href=\"http:\/\/marshallradio.com\/eu\/wp-content\/uploads\/sites\/4\/2020\/06\/SPANISH-GPS-NEW-USER-START-UP-NOTES.pdf\" target=\"_blank\" rel=\"noopener noreferrer\">GPS Espa\u00f1ol<\/a><\/p>&#13;\n<p><a href=\"http:\/\/marshallradio.com\/ww\/wp-content\/uploads\/sites\/2\/2020\/06\/Japanese-GPS-NEW-USER-START-UP-NOTES.pdf\" target=\"_blank\" rel=\"noopener noreferrer\">GPS\u65e5\u672c\u8a9e<\/a><\/p>&#13;\n<p><a href=\"replace with link here\" target=\"_blank\" rel=\"noopener noreferrer\">GPS \u0420\u0443\u0441\u0441\u043a\u0438\u0439 \u0441\u043a\u043e\u0440\u043e \u0431\u0443\u0434\u0435\u0442!<\/a><\/p>&#13;\n<p><a href=\"http:\/\/marshallradio.com\/eu\/wp-content\/uploads\/sites\/4\/2020\/06\/ITALIAN-GPS-NEW-USER-START-UP-NOTES.pdf\" target=\"_blank\" rel=\"noopener noreferrer\">GPS Italiano<\/a><\/p>&#13;\n<p><a href=\"replace with link here\" target=\"_blank\" rel=\"noopener noreferrer\">GPS Fran\u00e7ais \u00e0 venir!<\/a><\/p>&#13;\n<p><a href=\"http:\/\/marshallradio.com\/eu\/wp-content\/uploads\/sites\/4\/2020\/06\/GERMAN-GPS-NEW-USER-START-UP-NOTES.pdf\" target=\"_blank\" rel=\"noopener noreferrer\">GPS Deutsche<\/a><\/p>&#13;\n<p><a href=\"replace with link here\" target=\"_blank\" rel=\"noopener noreferrer\">GPS \u010cesk\u00fd ji\u017e brzy!<\/a><\/p>&#13;\n<p><a href=\"replace with link here\" target=\"_blank\" rel=\"noopener noreferrer\">GPS Nederlands Binnenkort!<\/a><\/p>&#13;\n  <\/div>&#13;\n<\/div>&#13;\n","protected":false},"excerpt":{"rendered":"<p>Los manuales del transmisor se pueden imprimir en color de su parte desde los archivos PDF que se enumeran a continuaci\u00f3n. Vuelva a consultar de vez en cuando para ver los manuales actualizados. &#13; &#13; Manuales de Receptor &#13; &#13;<span class=\"ellipsis\">&hellip;<\/span><\/p>\n<div class=\"read-more\"><a href=\"https:\/\/marshallradio.com\/ww\/atencion-al-cliente\/el-manual-del-propietario\/?lang=es\">Read more <span class=\"screen-reader-text\">El manual del propietario<\/span><span class=\"meta-nav\"> &#8250;<\/span><\/a><\/div>\n<p><!-- end of .read-more --><\/p>\n","protected":false},"author":1,"featured_media":42936,"parent":30374,"menu_order":0,"comment_status":"closed","ping_status":"closed","template":"page-home-template.php","meta":{"_acf_changed":false,"footnotes":""},"class_list":["post-31863","page","type-page","status-publish","has-post-thumbnail","hentry"],"acf":[],"_links":{"self":[{"href":"https:\/\/marshallradio.com\/ww\/wp-json\/wp\/v2\/pages\/31863","targetHints":{"allow":["GET"]}}],"collection":[{"href":"https:\/\/marshallradio.com\/ww\/wp-json\/wp\/v2\/pages"}],"about":[{"href":"https:\/\/marshallradio.com\/ww\/wp-json\/wp\/v2\/types\/page"}],"author":[{"embeddable":true,"href":"https:\/\/marshallradio.com\/ww\/wp-json\/wp\/v2\/users\/1"}],"replies":[{"embeddable":true,"href":"https:\/\/marshallradio.com\/ww\/wp-json\/wp\/v2\/comments?post=31863"}],"version-history":[{"count":24,"href":"https:\/\/marshallradio.com\/ww\/wp-json\/wp\/v2\/pages\/31863\/revisions"}],"predecessor-version":[{"id":47220,"href":"https:\/\/marshallradio.com\/ww\/wp-json\/wp\/v2\/pages\/31863\/revisions\/47220"}],"up":[{"embeddable":true,"href":"https:\/\/marshallradio.com\/ww\/wp-json\/wp\/v2\/pages\/30374"}],"wp:featuredmedia":[{"embeddable":true,"href":"https:\/\/marshallradio.com\/ww\/wp-json\/wp\/v2\/media\/42936"}],"wp:attachment":[{"href":"https:\/\/marshallradio.com\/ww\/wp-json\/wp\/v2\/media?parent=31863"}],"curies":[{"name":"wp","href":"https:\/\/api.w.org\/{rel}","templated":true}]}}