
{"id":31876,"date":"2019-07-18T19:24:43","date_gmt":"2019-07-18T19:24:43","guid":{"rendered":"http:\/\/marshallradio.com\/ww\/%e9%a1%a7%e5%ae%a2%e3%82%b5%e3%83%bc%e3%83%93%e3%82%b9\/centro-de-piezas-y-servicios\/"},"modified":"2021-04-20T22:20:51","modified_gmt":"2021-04-20T22:20:51","slug":"centro-de-piezas-y-servicios","status":"publish","type":"page","link":"https:\/\/marshallradio.com\/ww\/atencion-al-cliente\/centro-de-piezas-y-servicios\/?lang=es","title":{"rendered":"Centro de piezas y servicios"},"content":{"rendered":"<p>La mayor\u00eda de las piezas necesarias para el mantenimiento de rutina se encuentran en la p\u00e1gina de accesorios. Si encuentra que necesita otros art\u00edculos espec\u00edficos que no figuran en la lista, ll\u00e1menos para obtener ayuda.<\/p>\n\n\n<div class=\"wp-block-columns has-4-columns is-layout-flex wp-container-core-columns-is-layout-9d6595d7 wp-block-columns-is-layout-flex\">\n<div class=\"wp-block-column is-layout-flow wp-block-column-is-layout-flow\">\n<h3 class=\"wp-block-heading\">ART\u00cdCULOS DEL RECEPTOR:<\/h3>\n\n\n\n<ul class=\"wp-block-list\"><li><a href=\"http:\/\/marshallradio.com\/ww\/producto\/cables-para-receptores\/?lang=es\">Cable coaxial de repuesto<\/a><\/li><li>Adaptador BNC<\/li><li><a href=\"http:\/\/marshallradio.com\/ww\/producto\/tapa-de-bateria-de-recambio-para-receptores\/?lang=es\">Tapa de bater\u00eda de repuesto<\/a><\/li><li><a href=\"http:\/\/marshallradio.com\/ww\/producto\/repuestos-para-yagi-antenna\/?lang=es\">Conjuntos de soporte de antena individual<\/a><\/li><\/ul>\n<\/div>\n\n\n\n<div class=\"wp-block-column is-layout-flow wp-block-column-is-layout-flow\">\n<h3 class=\"wp-block-heading\">ART\u00cdCULOS DE COLLAR:<\/h3>\n\n\n\n<ul class=\"wp-block-list\"><li><a href=\"http:\/\/marshallradio.com\/ww\/producto\/repuestos-para-collares-de-rastreo-de-perros\/?lang=es\">Tapas de repuesto<\/a><\/li><li><a href=\"http:\/\/marshallradio.com\/ww\/producto\/repuestos-para-collares-de-rastreo-de-perros\/?lang=es\">Reemplazo de antena principal<\/a><\/li><li><a href=\"http:\/\/marshallradio.com\/ww\/producto\/repuestos-para-collares-de-rastreo-de-perros\/?lang=es\">Correas de cuello de repuesto.<\/a><\/li><\/ul>\n<\/div>\n\n\n\n<div class=\"wp-block-column is-layout-flow wp-block-column-is-layout-flow\">\n<h3 class=\"wp-block-heading\">ART\u00cdCULOS DEL TRANSMISOR:<\/h3>\n\n\n\n<ul class=\"wp-block-list\"><li><a href=\"http:\/\/marshallradio.com\/ww\/producto\/tapas-de-repuesto-para-transmisores\/?lang=es\">Tapas de bater\u00eda de repuesto<\/a><\/li><li><a href=\"http:\/\/marshallradio.com\/ww\/producto\/aguas-de-cola\/?lang=es\">Resortes de cola de repuesto<\/a><\/li><li><a href=\"http:\/\/marshallradio.com\/ww\/producto\/antena-de-repuesto\/?lang=es\">Antena de repuesto<\/a><\/li><\/ul>\n<\/div>\n\n\n\n<div class=\"wp-block-column is-layout-flow wp-block-column-is-layout-flow\">\n<h3 class=\"wp-block-heading\">SERVICIO Y REPARACI\u00d3N DE ART\u00cdCULOS:<\/h3>\n\n\n\n<ul class=\"wp-block-list\"><li>Marshall ofrece un sistema de &#8220;Servicio de prueba y ajuste para sus productos Marshall. <a href=\"http:\/\/marshallradio.com\/ww\/categoria-producto\/servicios-es\/?lang=es\">Puede obtener m\u00e1s informaci\u00f3n sobre los servicios que brindamos aqu\u00ed.<\/a><\/li><\/ul>\n<\/div>\n<\/div>\n","protected":false},"excerpt":{"rendered":"<p>La mayor\u00eda de las piezas necesarias para el mantenimiento de rutina se encuentran en la p\u00e1gina de accesorios. Si encuentra que necesita otros art\u00edculos espec\u00edficos que no figuran en la lista, ll\u00e1menos para obtener ayuda. ART\u00cdCULOS DEL RECEPTOR: Cable coaxial<span class=\"ellipsis\">&hellip;<\/span><\/p>\n<div class=\"read-more\"><a href=\"https:\/\/marshallradio.com\/ww\/atencion-al-cliente\/centro-de-piezas-y-servicios\/?lang=es\">Read more <span class=\"screen-reader-text\">Centro de piezas y servicios<\/span><span class=\"meta-nav\"> &#8250;<\/span><\/a><\/div>\n<p><!-- end of .read-more --><\/p>\n","protected":false},"author":1,"featured_media":30340,"parent":30374,"menu_order":0,"comment_status":"closed","ping_status":"closed","template":"page-home-template.php","meta":{"_acf_changed":false,"footnotes":""},"class_list":["post-31876","page","type-page","status-publish","has-post-thumbnail","hentry"],"acf":[],"_links":{"self":[{"href":"https:\/\/marshallradio.com\/ww\/wp-json\/wp\/v2\/pages\/31876","targetHints":{"allow":["GET"]}}],"collection":[{"href":"https:\/\/marshallradio.com\/ww\/wp-json\/wp\/v2\/pages"}],"about":[{"href":"https:\/\/marshallradio.com\/ww\/wp-json\/wp\/v2\/types\/page"}],"author":[{"embeddable":true,"href":"https:\/\/marshallradio.com\/ww\/wp-json\/wp\/v2\/users\/1"}],"replies":[{"embeddable":true,"href":"https:\/\/marshallradio.com\/ww\/wp-json\/wp\/v2\/comments?post=31876"}],"version-history":[{"count":6,"href":"https:\/\/marshallradio.com\/ww\/wp-json\/wp\/v2\/pages\/31876\/revisions"}],"predecessor-version":[{"id":42490,"href":"https:\/\/marshallradio.com\/ww\/wp-json\/wp\/v2\/pages\/31876\/revisions\/42490"}],"up":[{"embeddable":true,"href":"https:\/\/marshallradio.com\/ww\/wp-json\/wp\/v2\/pages\/30374"}],"wp:featuredmedia":[{"embeddable":true,"href":"https:\/\/marshallradio.com\/ww\/wp-json\/wp\/v2\/media\/30340"}],"wp:attachment":[{"href":"https:\/\/marshallradio.com\/ww\/wp-json\/wp\/v2\/media?parent=31876"}],"curies":[{"name":"wp","href":"https:\/\/api.w.org\/{rel}","templated":true}]}}