
{"id":32052,"date":"2019-07-26T18:50:14","date_gmt":"2019-07-26T18:50:14","guid":{"rendered":"http:\/\/marshallradio.com\/ww\/?page_id=32052"},"modified":"2020-06-15T22:07:42","modified_gmt":"2020-06-15T22:07:42","slug":"gps-instructions-es","status":"publish","type":"page","link":"https:\/\/marshallradio.com\/ww\/videos\/tutorial-videos-es\/gps-instructions-es\/","title":{"rendered":"GPS &#038; Instructions Espa\u00f1ol"},"content":{"rendered":"\n<p class=\"has-text-align-center\">Haga clic aqu\u00ed para ver nuestra &#8220;<a href=\"http:\/\/marshallradio.com\/ww\/wp-content\/uploads\/sites\/2\/2020\/06\/SPANISH-GPS-NEW-USER-START-UP-NOTES-3.pdf\">GU\u00cdA DE INICIO R\u00c1PIDO GPS<\/a>&#8220;<\/p>\n","protected":false},"excerpt":{"rendered":"<p>Haga clic aqu\u00ed para ver nuestra &#8220;GU\u00cdA DE INICIO R\u00c1PIDO GPS&#8220;<\/p>\n","protected":false},"author":1,"featured_media":30329,"parent":32950,"menu_order":0,"comment_status":"closed","ping_status":"closed","template":"page-video.php","meta":{"_acf_changed":false,"footnotes":""},"class_list":["post-32052","page","type-page","status-publish","has-post-thumbnail","hentry"],"acf":[],"_links":{"self":[{"href":"https:\/\/marshallradio.com\/ww\/wp-json\/wp\/v2\/pages\/32052","targetHints":{"allow":["GET"]}}],"collection":[{"href":"https:\/\/marshallradio.com\/ww\/wp-json\/wp\/v2\/pages"}],"about":[{"href":"https:\/\/marshallradio.com\/ww\/wp-json\/wp\/v2\/types\/page"}],"author":[{"embeddable":true,"href":"https:\/\/marshallradio.com\/ww\/wp-json\/wp\/v2\/users\/1"}],"replies":[{"embeddable":true,"href":"https:\/\/marshallradio.com\/ww\/wp-json\/wp\/v2\/comments?post=32052"}],"version-history":[{"count":8,"href":"https:\/\/marshallradio.com\/ww\/wp-json\/wp\/v2\/pages\/32052\/revisions"}],"predecessor-version":[{"id":36660,"href":"https:\/\/marshallradio.com\/ww\/wp-json\/wp\/v2\/pages\/32052\/revisions\/36660"}],"up":[{"embeddable":true,"href":"https:\/\/marshallradio.com\/ww\/wp-json\/wp\/v2\/pages\/32950"}],"wp:featuredmedia":[{"embeddable":true,"href":"https:\/\/marshallradio.com\/ww\/wp-json\/wp\/v2\/media\/30329"}],"wp:attachment":[{"href":"https:\/\/marshallradio.com\/ww\/wp-json\/wp\/v2\/media?parent=32052"}],"curies":[{"name":"wp","href":"https:\/\/api.w.org\/{rel}","templated":true}]}}