
{"id":38360,"date":"2020-09-24T21:27:47","date_gmt":"2020-09-24T21:27:47","guid":{"rendered":"http:\/\/marshallradio.com\/ww\/productos-de-cetreria\/"},"modified":"2022-04-07T21:33:42","modified_gmt":"2022-04-07T21:33:42","slug":"productos-de-cetreria","status":"publish","type":"page","link":"https:\/\/marshallradio.com\/ww\/productos-de-cetreria\/?lang=es","title":{"rendered":"Productos de cetrer\u00eda"},"content":{"rendered":"\n<div style=\"height:35px\" aria-hidden=\"true\" class=\"wp-block-spacer\"><\/div>\n\n<h2 class=\"has-text-align-center wp-block-heading\"> <strong>Equipo de recuperaci\u00f3n y rastreo de largo alcance GPS premium.  <\/strong> <\/h2>\n\n<p class=\"has-text-align-center\">Tendr\u00e1 el sistema de rastreo m\u00e1s confiable y dise\u00f1ado con m\u00e1s cuidado disponible.<\/p>\n\n<div class=\"wp-block-columns is-layout-flex wp-container-core-columns-is-layout-9d6595d7 wp-block-columns-is-layout-flex\">\n<div class=\"wp-block-column is-layout-flow wp-block-column-is-layout-flow\">\n<div class=\"wp-block-columns is-layout-flex wp-container-core-columns-is-layout-9d6595d7 wp-block-columns-is-layout-flex\">\n<div class=\"wp-block-column is-layout-flow wp-block-column-is-layout-flow\">\n<div class=\"wp-block-image\"><figure class=\"aligncenter size-large\"><a href=\"https:\/\/marshallradio.com\/ww\/categoria-producto\/sistema-gps\/?orderby=price-desc&amp;lang=es\"><img loading=\"lazy\" decoding=\"async\" width=\"597\" height=\"538\" src=\"https:\/\/marshallradio.com\/uk\/wp-content\/uploads\/sites\/2\/2020\/09\/gps-flight.jpg\" alt=\"\" class=\"wp-image-38294\" srcset=\"https:\/\/marshallradio.com\/ww\/wp-content\/uploads\/sites\/2\/2020\/09\/gps-flight.jpg 597w, https:\/\/marshallradio.com\/ww\/wp-content\/uploads\/sites\/2\/2020\/09\/gps-flight-300x270.jpg 300w, https:\/\/marshallradio.com\/ww\/wp-content\/uploads\/sites\/2\/2020\/09\/gps-flight-100x90.jpg 100w, https:\/\/marshallradio.com\/ww\/wp-content\/uploads\/sites\/2\/2020\/09\/gps-flight-150x135.jpg 150w, https:\/\/marshallradio.com\/ww\/wp-content\/uploads\/sites\/2\/2020\/09\/gps-flight-200x180.jpg 200w, https:\/\/marshallradio.com\/ww\/wp-content\/uploads\/sites\/2\/2020\/09\/gps-flight-450x406.jpg 450w\" sizes=\"auto, (max-width: 597px) 100vw, 597px\" \/><\/a><\/figure><\/div>\n\n\n<h3 style=\"text-align: center;\">Sistemas GPS<\/h3>&#13;\n<\/div>\n\n\n\n<div class=\"wp-block-column is-layout-flow wp-block-column-is-layout-flow\">\n<figure class=\"wp-block-image size-large\"><a href=\"https:\/\/marshallradio.com\/ww\/categoria-producto\/transmisores\/?orderby=price-desc&amp;lang=es\"><img loading=\"lazy\" decoding=\"async\" width=\"1024\" height=\"914\" src=\"https:\/\/marshallradio.com\/uk\/wp-content\/uploads\/sites\/2\/2020\/09\/Capture-1024x914.jpg\" alt=\"\" class=\"wp-image-38316\"\/><\/a><\/figure>\n\n<h3 style=\"text-align: center;\">Transmisores<\/h3>&#13;\n<\/div>\n<\/div>\n<\/div>\n\n\n\n<div class=\"wp-block-column is-layout-flow wp-block-column-is-layout-flow\">\n<div class=\"wp-block-columns is-layout-flex wp-container-core-columns-is-layout-9d6595d7 wp-block-columns-is-layout-flex\">\n<div class=\"wp-block-column is-layout-flow wp-block-column-is-layout-flow\">\n<figure class=\"wp-block-image size-large\"><a href=\"https:\/\/marshallradio.com\/ww\/categoria-producto\/receptores\/?orderby=price-desc&amp;lang=es\"><img decoding=\"async\" src=\"https:\/\/marshallradio.com\/uk\/wp-content\/uploads\/sites\/2\/2020\/09\/Capture-1.jpg\" alt=\"\" class=\"wp-image-38321\"\/><\/a><\/figure>\n\n<h3 style=\"text-align: center;\">Receptores<\/h3>&#13;\n<\/div>\n\n\n\n<div class=\"wp-block-column is-layout-flow wp-block-column-is-layout-flow\">\n<figure class=\"wp-block-image size-large\"><a href=\"https:\/\/marshallradio.com\/ww\/categoria-producto\/mundial-accesorios\/?lang=es\"><img decoding=\"async\" src=\"https:\/\/marshallradio.com\/uk\/wp-content\/uploads\/sites\/2\/2019\/01\/antenna-protector-1.jpeg\" alt=\"\" class=\"wp-image-28704\"\/><\/a><\/figure>\n\n<h3 style=\"text-align: center;\">Accesorios<\/h3>&#13;\n<\/div>\n<\/div>\n<\/div>\n<\/div>\n","protected":false},"excerpt":{"rendered":"<p>Equipo de recuperaci\u00f3n y rastreo de largo alcance GPS premium. Tendr\u00e1 el sistema de rastreo m\u00e1s confiable y dise\u00f1ado con m\u00e1s cuidado disponible. Sistemas GPS &#13; Transmisores &#13; Receptores &#13; Accesorios &#13;<\/p>\n","protected":false},"author":2,"featured_media":36197,"parent":0,"menu_order":0,"comment_status":"closed","ping_status":"closed","template":"page-home-template.php","meta":{"_acf_changed":false,"footnotes":""},"class_list":["post-38360","page","type-page","status-publish","has-post-thumbnail","hentry"],"acf":[],"_links":{"self":[{"href":"https:\/\/marshallradio.com\/ww\/wp-json\/wp\/v2\/pages\/38360","targetHints":{"allow":["GET"]}}],"collection":[{"href":"https:\/\/marshallradio.com\/ww\/wp-json\/wp\/v2\/pages"}],"about":[{"href":"https:\/\/marshallradio.com\/ww\/wp-json\/wp\/v2\/types\/page"}],"author":[{"embeddable":true,"href":"https:\/\/marshallradio.com\/ww\/wp-json\/wp\/v2\/users\/2"}],"replies":[{"embeddable":true,"href":"https:\/\/marshallradio.com\/ww\/wp-json\/wp\/v2\/comments?post=38360"}],"version-history":[{"count":3,"href":"https:\/\/marshallradio.com\/ww\/wp-json\/wp\/v2\/pages\/38360\/revisions"}],"predecessor-version":[{"id":46491,"href":"https:\/\/marshallradio.com\/ww\/wp-json\/wp\/v2\/pages\/38360\/revisions\/46491"}],"wp:featuredmedia":[{"embeddable":true,"href":"https:\/\/marshallradio.com\/ww\/wp-json\/wp\/v2\/media\/36197"}],"wp:attachment":[{"href":"https:\/\/marshallradio.com\/ww\/wp-json\/wp\/v2\/media?parent=38360"}],"curies":[{"name":"wp","href":"https:\/\/api.w.org\/{rel}","templated":true}]}}