
{"id":52696,"date":"2023-10-26T21:26:29","date_gmt":"2023-10-26T21:26:29","guid":{"rendered":"https:\/\/marshallradio.com\/ww\/frecuencia-del-sistema\/"},"modified":"2023-10-26T21:26:29","modified_gmt":"2023-10-26T21:26:29","slug":"frecuencia-del-sistema","status":"publish","type":"page","link":"https:\/\/marshallradio.com\/ww\/frecuencia-del-sistema\/?lang=es","title":{"rendered":"Frecuencia del sistema"},"content":{"rendered":"\n<p>La frecuencia del sistema es la comunicaci\u00f3n entre su(s) transmisor(es) GPS y su Pocketlink. La frecuencia del sistema no es la misma que la frecuencia utilizada para realizar el seguimiento con su receptor Marshall de campo UHF &#8220;pitido&#8221;. Para obtener instrucciones para encontrar la frecuencia de sus &#8220;pitidos&#8221;, haga clic aqu\u00ed.<\/p>\n\n<p>Para encontrar la frecuencia de su sistema, vaya a su configuraci\u00f3n en Aerovision y despl\u00e1cese hacia abajo hasta &#8220;Configuraci\u00f3n de emparejamiento&#8221;. Por favor vea la imagen a continuaci\u00f3n. El n\u00famero necesario est\u00e1 al lado de &#8220;Frecuencia del sistema&#8221;.<\/p>\n<div class=\"wp-block-image\">\n<figure class=\"aligncenter size-large\"><img loading=\"lazy\" decoding=\"async\" width=\"473\" height=\"1024\" src=\"https:\/\/marshallradio.com\/uk\/wp-content\/uploads\/sites\/2\/2023\/10\/Pairing-Settings-Android-473x1024.jpg\" alt=\"\" class=\"wp-image-52676\" srcset=\"https:\/\/marshallradio.com\/ww\/wp-content\/uploads\/sites\/2\/2023\/10\/Pairing-Settings-Android-473x1024.jpg 473w, https:\/\/marshallradio.com\/ww\/wp-content\/uploads\/sites\/2\/2023\/10\/Pairing-Settings-Android-138x300.jpg 138w, https:\/\/marshallradio.com\/ww\/wp-content\/uploads\/sites\/2\/2023\/10\/Pairing-Settings-Android-768x1664.jpg 768w, https:\/\/marshallradio.com\/ww\/wp-content\/uploads\/sites\/2\/2023\/10\/Pairing-Settings-Android-709x1536.jpg 709w, https:\/\/marshallradio.com\/ww\/wp-content\/uploads\/sites\/2\/2023\/10\/Pairing-Settings-Android-945x2048.jpg 945w, https:\/\/marshallradio.com\/ww\/wp-content\/uploads\/sites\/2\/2023\/10\/Pairing-Settings-Android-100x217.jpg 100w, https:\/\/marshallradio.com\/ww\/wp-content\/uploads\/sites\/2\/2023\/10\/Pairing-Settings-Android-150x325.jpg 150w, https:\/\/marshallradio.com\/ww\/wp-content\/uploads\/sites\/2\/2023\/10\/Pairing-Settings-Android-200x433.jpg 200w, https:\/\/marshallradio.com\/ww\/wp-content\/uploads\/sites\/2\/2023\/10\/Pairing-Settings-Android-300x650.jpg 300w, https:\/\/marshallradio.com\/ww\/wp-content\/uploads\/sites\/2\/2023\/10\/Pairing-Settings-Android-450x975.jpg 450w, https:\/\/marshallradio.com\/ww\/wp-content\/uploads\/sites\/2\/2023\/10\/Pairing-Settings-Android-600x1300.jpg 600w, https:\/\/marshallradio.com\/ww\/wp-content\/uploads\/sites\/2\/2023\/10\/Pairing-Settings-Android-900x1950.jpg 900w, https:\/\/marshallradio.com\/ww\/wp-content\/uploads\/sites\/2\/2023\/10\/Pairing-Settings-Android.jpg 1080w\" sizes=\"auto, (max-width: 473px) 100vw, 473px\" \/><\/figure><\/div>\n<p>\u00bfPor qu\u00e9 es importante este n\u00famero? La frecuencia del sistema le permite emparejar sus dispositivos como se indic\u00f3 anteriormente. El n\u00famero que se elija es importante si vuela en un \u00e1rea frecuentada por otros usuarios de Marshall GPS. Si est\u00e1 volando en un campo con otro usuario de Marshall GPS y est\u00e1 usando la misma frecuencia del sistema, la ubicaci\u00f3n de su transmisor GPS puede anular la ubicaci\u00f3n de su transmisor GPS (y viceversa). Nuestra oficina aleatoriza la frecuencia del sistema de cada sistema GPS antes de enviarlo para tratar de evitar este problema; sin embargo, no es imposible que esto pueda ocurrir. Si necesita cambiar la frecuencia de su sistema, vaya a la configuraci\u00f3n como se muestra arriba, cambie el n\u00famero de frecuencia del sistema y haga clic en editar, luego siga los pasos cuidadosamente para emparejar sus dispositivos.<\/p>\n\n<p><strong>Usuarios de Android:<\/strong> La aplicaci\u00f3n Aerovision Beta en dispositivos Android no tiene la funci\u00f3n de cambiar la frecuencia del sistema. Si compra un nuevo transmisor GPS, ser\u00e1 importante proporcionar la frecuencia de su sistema, as\u00ed como el n\u00famero del transmisor (del 1 al 5), para que el transmisor pueda programarse y emparejarse al llegar a su Pocketlink existente.<\/p>\n","protected":false},"excerpt":{"rendered":"<p>La frecuencia del sistema es la comunicaci\u00f3n entre su(s) transmisor(es) GPS y su Pocketlink. La frecuencia del sistema no es la misma que la frecuencia utilizada para realizar el seguimiento con su receptor Marshall de campo UHF &#8220;pitido&#8221;. Para obtener<span class=\"ellipsis\">&hellip;<\/span><\/p>\n<div class=\"read-more\"><a href=\"https:\/\/marshallradio.com\/ww\/frecuencia-del-sistema\/?lang=es\">Read more <span class=\"screen-reader-text\">Frecuencia del sistema<\/span><span class=\"meta-nav\"> &#8250;<\/span><\/a><\/div>\n<p><!-- end of .read-more --><\/p>\n","protected":false},"author":2,"featured_media":47744,"parent":0,"menu_order":0,"comment_status":"closed","ping_status":"closed","template":"page-home-template.php","meta":{"_acf_changed":false,"footnotes":""},"class_list":["post-52696","page","type-page","status-publish","has-post-thumbnail","hentry"],"acf":[],"_links":{"self":[{"href":"https:\/\/marshallradio.com\/ww\/wp-json\/wp\/v2\/pages\/52696","targetHints":{"allow":["GET"]}}],"collection":[{"href":"https:\/\/marshallradio.com\/ww\/wp-json\/wp\/v2\/pages"}],"about":[{"href":"https:\/\/marshallradio.com\/ww\/wp-json\/wp\/v2\/types\/page"}],"author":[{"embeddable":true,"href":"https:\/\/marshallradio.com\/ww\/wp-json\/wp\/v2\/users\/2"}],"replies":[{"embeddable":true,"href":"https:\/\/marshallradio.com\/ww\/wp-json\/wp\/v2\/comments?post=52696"}],"version-history":[{"count":1,"href":"https:\/\/marshallradio.com\/ww\/wp-json\/wp\/v2\/pages\/52696\/revisions"}],"predecessor-version":[{"id":52697,"href":"https:\/\/marshallradio.com\/ww\/wp-json\/wp\/v2\/pages\/52696\/revisions\/52697"}],"wp:featuredmedia":[{"embeddable":true,"href":"https:\/\/marshallradio.com\/ww\/wp-json\/wp\/v2\/media\/47744"}],"wp:attachment":[{"href":"https:\/\/marshallradio.com\/ww\/wp-json\/wp\/v2\/media?parent=52696"}],"curies":[{"name":"wp","href":"https:\/\/api.w.org\/{rel}","templated":true}]}}