
{"id":30019,"date":"2019-01-25T21:25:35","date_gmt":"2019-01-25T21:25:35","guid":{"rendered":"http:\/\/marshallradio.com\/ww\/product\/protector-de-antena\/"},"modified":"2020-12-02T23:28:36","modified_gmt":"2020-12-02T23:28:36","slug":"protector-de-antena-estandar","status":"publish","type":"product","link":"https:\/\/marshallradio.com\/ww\/producto\/protector-de-antena-estandar\/?lang=es","title":{"rendered":"Protector de antena est\u00e1ndar"},"content":{"rendered":"<p><a title=\"IMG_0109\" href=\"http:\/\/marshallradio.lamp.i4test.com\/wp-content\/uploads\/2019\/01\/IMG_0109-1.jpeg\"><span class=\"et_portfolio_image\"><img loading=\"lazy\" decoding=\"async\" class=\"attachment-et-pb-portfolio-image \" src=\"http:\/\/marshallradio.lamp.i4test.com\/wp-content\/uploads\/2019\/01\/IMG_0109-1-400x284.jpeg\" alt=\"\" width=\"318\" height=\"215\" \/>\u00a0 \u00a0 \u00a0 \u00a0 \u00a0 \u00a0<\/span><\/a><a title=\"IMG_0112\" href=\"http:\/\/marshallradio.lamp.i4test.com\/wp-content\/uploads\/2019\/01\/IMG_0112.jpeg\"><span class=\"et_portfolio_image\"><img loading=\"lazy\" decoding=\"async\" class=\"attachment-et-pb-portfolio-image \" src=\"http:\/\/marshallradio.lamp.i4test.com\/wp-content\/uploads\/2019\/01\/IMG_0112-400x284.jpeg\" alt=\"\" width=\"320\" height=\"232\" \/>\u00a0 \u00a0 \u00a0 \u00a0 \u00a0 \u00a0 <\/span><\/a><a title=\"IMG_0105\" href=\"http:\/\/marshallradio.lamp.i4test.com\/wp-content\/uploads\/2019\/01\/IMG_0105.jpeg\"><span class=\"et_portfolio_image\"><img loading=\"lazy\" decoding=\"async\" class=\"attachment-et-pb-portfolio-image \" src=\"http:\/\/marshallradio.lamp.i4test.com\/wp-content\/uploads\/2019\/01\/IMG_0105-400x284.jpeg\" alt=\"\" width=\"332\" height=\"229\" \/><\/span><\/a><\/p>\n<p>Tornillos de protecci\u00f3n en la base del transmisor\u00a0 \u00a0 \u00a0Los protectores se piden por separado\u00a0 \u00a0 Cada nuevo transmisor viene con protector instalado<\/p>\n<p><a title=\"IMG_0117\" href=\"http:\/\/marshallradio.lamp.i4test.com\/wp-content\/uploads\/2019\/01\/IMG_0117.jpeg\"><span class=\"et_portfolio_image\"><img loading=\"lazy\" decoding=\"async\" class=\"attachment-et-pb-portfolio-image \" src=\"http:\/\/marshallradio.lamp.i4test.com\/wp-content\/uploads\/2019\/01\/IMG_0117-400x284.jpeg\" alt=\"\" width=\"322\" height=\"235\" \/><\/span><\/a><\/p>\n<p class=\"et_pb_gallery_caption\">Instalaci\u00f3n terminada<\/p>\n","protected":false},"excerpt":{"rendered":"<p>&nbsp;<\/p>\n<p>El protector de antena fue dise\u00f1ado en 2018 para transmisores GPS y RT. Se tuerce a nuevos transmisores construidos en 2018 y m\u00e1s nuevos.<\/p>\n<p>El protector le permite quitar y reemplazar f\u00e1cilmente los resortes de la cola al mismo tiempo que agrega seguridad adicional a su antena.<\/p>\n<p>Este es el protector de antena est\u00e1ndar que viene con todos los transmisores GPS.<\/p>\n<p>* Usuarios de loros: recomendado para especies de loros m\u00e1s peque\u00f1os y guacamayos de temperamento m\u00e1s suave (mordedores no persistentes)<\/p>\n<p>** Transmisor no incluido<\/p>\n<div class=\"read-more\"><a href=\"https:\/\/marshallradio.com\/ww\/producto\/protector-de-antena-estandar\/?lang=es\">Read more <span class=\"screen-reader-text\">Protector de antena est\u00e1ndar<\/span><span class=\"meta-nav\"> &#8250;<\/span><\/a><\/div>\n<p><!-- end of .read-more --><\/p>\n","protected":false},"featured_media":42330,"template":"","meta":{"_acf_changed":false},"product_brand":[],"product_cat":[150,230],"product_tag":[],"class_list":{"0":"post-30019","1":"product","2":"type-product","3":"status-publish","4":"has-post-thumbnail","6":"product_cat-mundial-accesorios","7":"product_cat-productos-para-loros-es","9":"first","10":"instock","11":"taxable","12":"shipping-taxable","13":"purchasable","14":"product-type-simple"},"acf":[],"_links":{"self":[{"href":"https:\/\/marshallradio.com\/ww\/wp-json\/wp\/v2\/product\/30019","targetHints":{"allow":["GET"]}}],"collection":[{"href":"https:\/\/marshallradio.com\/ww\/wp-json\/wp\/v2\/product"}],"about":[{"href":"https:\/\/marshallradio.com\/ww\/wp-json\/wp\/v2\/types\/product"}],"wp:featuredmedia":[{"embeddable":true,"href":"https:\/\/marshallradio.com\/ww\/wp-json\/wp\/v2\/media\/42330"}],"wp:attachment":[{"href":"https:\/\/marshallradio.com\/ww\/wp-json\/wp\/v2\/media?parent=30019"}],"wp:term":[{"taxonomy":"product_brand","embeddable":true,"href":"https:\/\/marshallradio.com\/ww\/wp-json\/wp\/v2\/product_brand?post=30019"},{"taxonomy":"product_cat","embeddable":true,"href":"https:\/\/marshallradio.com\/ww\/wp-json\/wp\/v2\/product_cat?post=30019"},{"taxonomy":"product_tag","embeddable":true,"href":"https:\/\/marshallradio.com\/ww\/wp-json\/wp\/v2\/product_tag?post=30019"}],"curies":[{"name":"wp","href":"https:\/\/api.w.org\/{rel}","templated":true}]}}