
{"id":30530,"date":"2019-01-10T19:47:42","date_gmt":"2019-06-18T20:25:15","guid":{"rendered":"http:\/\/marshallradio.com\/ww\/product\/transmisor-rt-uhf\/"},"modified":"2025-01-29T19:05:27","modified_gmt":"2025-01-29T19:05:27","slug":"rt-uhf-transmitter-worldwide-2","status":"publish","type":"product","link":"https:\/\/marshallradio.com\/ww\/producto\/rt-uhf-transmitter-worldwide-2\/?lang=es","title":{"rendered":"Transmisor RT XP"},"content":{"rendered":"<p>&nbsp;<\/p>\n<p><b>M\u00c9TODOS DE MONTAJE \u2013 M\u00e1xima versatilidad<\/b><\/p>\n<p>Usando el resorte de cola incluido, el RT XP se puede unir a la plataforma usando el tama\u00f1o apropiado <a href=\"https:\/\/marshallradio.com\/ww\/producto\/piezas-de-plumas-de-cola-de-aluminio-marshall\/?lang=es\">ap\u00e9ndice<\/a> o montado en el <a href=\"https:\/\/marshallradio.com\/ww\/producto\/sistema-de-montaje-trackpack\/?lang=es\">TrackPack<\/a>. <\/p>\n<p>Tambi\u00e9n puede especificar el montaje de patas (tapa estilo bewitt, tambi\u00e9n adecuada para el montaje en el cuello); o el sistema de giro Marshall EZ para montar la pierna con una sola mano sin problemas en su raptor.<\/p>\n<p><strong>LED DE COLOR<\/strong><\/p>\n<p>S\u00faper eficiente, el RT XP utiliza la \u00faltima tecnolog\u00eda LED multicolor para brindarle el estado del transmisor de un vistazo.<\/p>\n<p>Cada color indica:<\/p>\n<ul>\n<li>VERDE = encendido y funcionamiento regulares<\/li>\n<li>AMARILLO = Modo de bater\u00eda baja, hora de cambiar la bater\u00eda<\/li>\n<li>ROJO = bater\u00eda casi descargada (quedan menos de 24 horas)<\/li>\n<\/ul>\n<p><strong>INTERRUPTOR MAGN\u00c9TICO<\/strong><\/p>\n<p>Con el interruptor magn\u00e9tico de encendido\/apagado, las bater\u00edas se pueden dejar dentro de los transmisores, hasta que sea necesario cambiarlas. Para encender, simplemente toque el im\u00e1n en la tapa o el cuerpo del transmisor hasta que vea tres destellos LED r\u00e1pidos (junto con 3 pitidos en su receptor UHF), lo que le indica que el transmisor est\u00e1 encendido y funcionando. Haga lo mismo para apagar el transmisor. Si se pierde el im\u00e1n, el transmisor a\u00fan se puede encender y apagar manualmente quitando la bater\u00eda.<strong><br \/>\n<\/strong><\/p>\n<p><strong>\u00bfQU\u00c9 TIPO DE ALCANCE PUEDE ESPERAR?<\/strong><\/p>\n<p>Hemos probado estos transmisores con buena l\u00ednea de visi\u00f3n de se\u00f1al a m\u00e1s de 100 millas. Pero las medidas importantes est\u00e1n en el suelo y en terrenos reales de caza donde hay obstrucciones y otras condiciones que afectan negativamente a la se\u00f1al. Y en cada situaci\u00f3n que encuentre, el RT XP proporcionar\u00e1 el mejor rango absoluto de cualquier transmisor tradicional disponible.<\/p>\n","protected":false},"excerpt":{"rendered":"<p>El nuevo RT XP VHF es nuestro transmisor de telemetr\u00eda tradicional m\u00e1s potente, resistente y vers\u00e1til. Proporciona la m\u00e1xima seguridad a la hora de recuperar a tu p\u00e1jaro. Disponible para su uso en cualquier configuraci\u00f3n de montaje (soporte de pierna, cola, mochila o cuello), el RT XP se puede pedir en el canal de su elecci\u00f3n dentro de la banda de 216-218 y 433-434 MHz. <\/p>\n<p>Para halcones y gavilanes grandes, recomendamos el uso del RT XP como transmisor de seguimiento principal o como transmisor secundario ideal de larga duraci\u00f3n\/largo alcance cuando se utiliza junto con el Marshall GPS.<\/p>\n<p><strong>Los transmisores de telemetr\u00eda RT XP y RT Turbo son compatibles con nuestras bater\u00edas recargables.<\/strong><\/p>\n<p>El uso de bater\u00edas recargables con su RT XP proporciona un rango de seguimiento a\u00fan mayor y permite que cada vuelo comience con una bater\u00eda llena, brindando el tiempo de recuperaci\u00f3n m\u00e1ximo en caso de necesidad. Para comprar esta opci\u00f3n, <a href=\"https:\/\/marshallradio.com\/ww\/producto\/rt-gps-rechargeable-battery-kit\/?lang=es\">haga clic aqu\u00ed para ver nuestros kits de cargador.<\/a> En las notas al finalizar la compra, tenga en cuenta si el kit de cargador es para su RT XP para que podamos igualar el color de su transmisor. Si ya tiene una base de carga, simplemente puede comprar una <a href=\"https:\/\/marshallradio.com\/ww\/producto\/baterias-recargables\/?lang=es\">bater\u00eda recargable \u00fanica aqu\u00ed.<\/a>  Si ya tiene las bater\u00edas recargables para su GPS, puede usar la misma bater\u00eda con su RT XP.<\/p>\n<div class=\"read-more\"><a href=\"https:\/\/marshallradio.com\/ww\/producto\/rt-uhf-transmitter-worldwide-2\/?lang=es\">Read more <span class=\"screen-reader-text\">Transmisor RT XP<\/span><span class=\"meta-nav\"> &#8250;<\/span><\/a><\/div>\n<p><!-- end of .read-more --><\/p>\n","protected":false},"featured_media":50419,"template":"","meta":{"_acf_changed":false},"product_brand":[],"product_cat":[165],"product_tag":[],"class_list":{"0":"post-30530","1":"product","2":"type-product","3":"status-publish","4":"has-post-thumbnail","6":"product_cat-transmisores","8":"first","9":"instock","10":"taxable","11":"shipping-taxable","12":"purchasable","13":"product-type-variable"},"acf":[],"_links":{"self":[{"href":"https:\/\/marshallradio.com\/ww\/wp-json\/wp\/v2\/product\/30530","targetHints":{"allow":["GET"]}}],"collection":[{"href":"https:\/\/marshallradio.com\/ww\/wp-json\/wp\/v2\/product"}],"about":[{"href":"https:\/\/marshallradio.com\/ww\/wp-json\/wp\/v2\/types\/product"}],"wp:featuredmedia":[{"embeddable":true,"href":"https:\/\/marshallradio.com\/ww\/wp-json\/wp\/v2\/media\/50419"}],"wp:attachment":[{"href":"https:\/\/marshallradio.com\/ww\/wp-json\/wp\/v2\/media?parent=30530"}],"wp:term":[{"taxonomy":"product_brand","embeddable":true,"href":"https:\/\/marshallradio.com\/ww\/wp-json\/wp\/v2\/product_brand?post=30530"},{"taxonomy":"product_cat","embeddable":true,"href":"https:\/\/marshallradio.com\/ww\/wp-json\/wp\/v2\/product_cat?post=30530"},{"taxonomy":"product_tag","embeddable":true,"href":"https:\/\/marshallradio.com\/ww\/wp-json\/wp\/v2\/product_tag?post=30530"}],"curies":[{"name":"wp","href":"https:\/\/api.w.org\/{rel}","templated":true}]}}