
{"id":30657,"date":"2019-01-16T23:37:55","date_gmt":"2019-01-16T23:37:55","guid":{"rendered":"http:\/\/marshallradio.com\/ww\/product\/chaqueta-firefly-para-hombre\/"},"modified":"2022-11-10T15:32:46","modified_gmt":"2022-11-10T15:32:46","slug":"chaqueta-firefly-para-hombre","status":"publish","type":"product","link":"https:\/\/marshallradio.com\/ww\/producto\/chaqueta-firefly-para-hombre\/?lang=es","title":{"rendered":"Chaqueta Firefly para hombre"},"content":{"rendered":"<p><img decoding=\"async\" src=\"https:\/\/www.kuhl.com\/media\/uploads\/infographics\/wide\/m_fireflyjacket_2732x1092_10-5-3.gif\" \/><\/p>\n","protected":false},"excerpt":{"rendered":"<p>El aislamiento K\u00dcHL MEN&#8217;S FIREFLY JACKET cuenta con una mayor transpirabilidad, flexibilidad y protecci\u00f3n contra los elementos. Con una excelente relaci\u00f3n entre el peso y el peso y el aislamiento continuo cuando est\u00e1 mojado, la FIREFLY JACKET proporciona calor corporal en condiciones extremas.<\/p>\n<p>El aislamiento agrega un estiramiento de cuatro v\u00edas para una mayor libertad de movimiento. Dise\u00f1ado para actividades aer\u00f3bicas elevadas, este aislante flexible proporciona regulaci\u00f3n de la temperatura y estabilidad: no se desplazar\u00e1 durante una acci\u00f3n intensa. Los paneles de c\u00e1scara blanda se colocan estrat\u00e9gicamente en los codos, los brazos y los paneles laterales sobre el aislamiento para la m\u00e1xima flexibilidad y flexibilidad.<\/p>\n<p>El cuerpo de la CHAQUETA FIREFLY repele el agua y ofrece durabilidad en una cubierta suave y liviana. El legendario patr\u00f3n 3D de K\u00dcHL, el mapeo del cuerpo y las mangas articuladas reducen el volumen y brindan un ajuste perfecto. Estirar los pu\u00f1os tejidos y la uni\u00f3n aseguran el sello en la mu\u00f1eca y el dobladillo inferior, mientras que los ajustes de bloqueo del cord\u00f3n en la abertura de la capucha proporcionan un ajuste personalizado.<\/p>\n<p>La CHAQUETA FIREFLY presenta bolsillos de mano y pecho con bobina inversa y un bolsillo interior de malla. La cinta reflectante personalizada en la solapa de tiro y en los bolsillos interiores previene enganches y aumenta la visibilidad en la oscuridad.<\/p>\n<p>El nombre y el logotipo de MARSHALL RADIO TELEMETRY est\u00e1n parcheados en la manga derecha y cosidos sobre el bolsillo izquierdo del pecho.<\/p>\n<div class=\"read-more\"><a href=\"https:\/\/marshallradio.com\/ww\/producto\/chaqueta-firefly-para-hombre\/?lang=es\">Read more <span class=\"screen-reader-text\">Chaqueta Firefly para hombre<\/span><span class=\"meta-nav\"> &#8250;<\/span><\/a><\/div>\n<p><!-- end of .read-more --><\/p>\n","protected":false},"featured_media":33848,"template":"","meta":{"_acf_changed":false},"product_brand":[],"product_cat":[33],"product_tag":[],"class_list":{"0":"post-30657","1":"product","2":"type-product","3":"status-publish","4":"has-post-thumbnail","6":"product_cat-sin-categorizar","8":"first","9":"instock","10":"taxable","11":"shipping-taxable","12":"purchasable","13":"product-type-variable"},"acf":[],"_links":{"self":[{"href":"https:\/\/marshallradio.com\/ww\/wp-json\/wp\/v2\/product\/30657","targetHints":{"allow":["GET"]}}],"collection":[{"href":"https:\/\/marshallradio.com\/ww\/wp-json\/wp\/v2\/product"}],"about":[{"href":"https:\/\/marshallradio.com\/ww\/wp-json\/wp\/v2\/types\/product"}],"wp:featuredmedia":[{"embeddable":true,"href":"https:\/\/marshallradio.com\/ww\/wp-json\/wp\/v2\/media\/33848"}],"wp:attachment":[{"href":"https:\/\/marshallradio.com\/ww\/wp-json\/wp\/v2\/media?parent=30657"}],"wp:term":[{"taxonomy":"product_brand","embeddable":true,"href":"https:\/\/marshallradio.com\/ww\/wp-json\/wp\/v2\/product_brand?post=30657"},{"taxonomy":"product_cat","embeddable":true,"href":"https:\/\/marshallradio.com\/ww\/wp-json\/wp\/v2\/product_cat?post=30657"},{"taxonomy":"product_tag","embeddable":true,"href":"https:\/\/marshallradio.com\/ww\/wp-json\/wp\/v2\/product_tag?post=30657"}],"curies":[{"name":"wp","href":"https:\/\/api.w.org\/{rel}","templated":true}]}}