
{"id":30738,"date":"2019-01-16T23:12:41","date_gmt":"2019-01-16T23:12:41","guid":{"rendered":"http:\/\/marshallradio.com\/ww\/product\/chaqueta-arktik-para-mujer\/"},"modified":"2022-11-10T15:38:13","modified_gmt":"2022-11-10T15:38:13","slug":"chaqueta-arktik-para-mujer","status":"publish","type":"product","link":"https:\/\/marshallradio.com\/ww\/producto\/chaqueta-arktik-para-mujer\/?lang=es","title":{"rendered":"Chaqueta Arktik para mujer"},"content":{"rendered":"<p><img decoding=\"async\" src=\"https:\/\/www.kuhl.com\/media\/uploads\/infographics\/wide\/w_arktik-jacket_2732x1092_9-23-3.gif\" \/><\/p>\n","protected":false},"excerpt":{"rendered":"<p>&nbsp;<\/p>\n<p>La CHAQUETA ARKTIK PARA MUJERES DE K\u00dcHL es ideal para las cetreras que desean una chaqueta liviana, funcional y elegante.<\/p>\n<p>Esta chaqueta combina telas \u00fanicas, dise\u00f1o de precisi\u00f3n y el estilo y el rendimiento t\u00e9cnico inigualables de K\u00dcHL. La ARKTIC JACKET presenta un tejido corporal encerado que resiste la lluvia y la nieve. El adorno italiano de piel sint\u00e9tica de microfibra crea una apariencia distintiva y refuerza los puntos de tensi\u00f3n.<\/p>\n<p>El borde extra\u00edble de la capucha de piel sint\u00e9tica est\u00e1 reforzado con alambre flexible, mientras que los ajustes de bloqueo del cord\u00f3n en la abertura de la capucha brindan un ajuste personalizado. Nuestro nombre y logo de MARSHALL RADIO TELEMETRY se muestran en un parche en el brazo derecho y se cosen en el pecho izquierdo de la chaqueta. El detalle de las correas proporciona un refuerzo a presi\u00f3n, y el forro, los acentos y los pu\u00f1os de lana de piel de oveja a\u00f1aden calidez.<\/p>\n<p>La ARKTIK JACKET cuenta con dos bolsillos para calentar las manos y un bolsillo interior con cremallera. Dos bolsillos frontales con cierre de bot\u00f3n proporcionan almacenamiento adicional. Perfecto para condiciones y actividades \u00e1rticas.<\/p>\n<div class=\"read-more\"><a href=\"https:\/\/marshallradio.com\/ww\/producto\/chaqueta-arktik-para-mujer\/?lang=es\">Read more <span class=\"screen-reader-text\">Chaqueta Arktik para mujer<\/span><span class=\"meta-nav\"> &#8250;<\/span><\/a><\/div>\n<p><!-- end of .read-more --><\/p>\n","protected":false},"featured_media":921,"template":"","meta":{"_acf_changed":false},"product_brand":[],"product_cat":[33],"product_tag":[],"class_list":{"0":"post-30738","1":"product","2":"type-product","3":"status-publish","4":"has-post-thumbnail","6":"product_cat-sin-categorizar","8":"first","9":"outofstock","10":"taxable","11":"shipping-taxable","12":"purchasable","13":"product-type-variable"},"acf":[],"_links":{"self":[{"href":"https:\/\/marshallradio.com\/ww\/wp-json\/wp\/v2\/product\/30738","targetHints":{"allow":["GET"]}}],"collection":[{"href":"https:\/\/marshallradio.com\/ww\/wp-json\/wp\/v2\/product"}],"about":[{"href":"https:\/\/marshallradio.com\/ww\/wp-json\/wp\/v2\/types\/product"}],"wp:featuredmedia":[{"embeddable":true,"href":"https:\/\/marshallradio.com\/ww\/wp-json\/wp\/v2\/media\/921"}],"wp:attachment":[{"href":"https:\/\/marshallradio.com\/ww\/wp-json\/wp\/v2\/media?parent=30738"}],"wp:term":[{"taxonomy":"product_brand","embeddable":true,"href":"https:\/\/marshallradio.com\/ww\/wp-json\/wp\/v2\/product_brand?post=30738"},{"taxonomy":"product_cat","embeddable":true,"href":"https:\/\/marshallradio.com\/ww\/wp-json\/wp\/v2\/product_cat?post=30738"},{"taxonomy":"product_tag","embeddable":true,"href":"https:\/\/marshallradio.com\/ww\/wp-json\/wp\/v2\/product_tag?post=30738"}],"curies":[{"name":"wp","href":"https:\/\/api.w.org\/{rel}","templated":true}]}}