
{"id":30800,"date":"2019-01-14T18:54:16","date_gmt":"2019-01-14T18:54:16","guid":{"rendered":"http:\/\/marshallradio.com\/ww\/product\/baterias-recargables\/"},"modified":"2023-03-07T23:45:38","modified_gmt":"2023-03-07T23:45:38","slug":"baterias-recargables","status":"publish","type":"product","link":"https:\/\/marshallradio.com\/ww\/producto\/baterias-recargables\/?lang=es","title":{"rendered":"Bater\u00edas recargables"},"content":{"rendered":"<p>&nbsp;<\/p>\n<p>Dise\u00f1o integral<br \/>\nLas bater\u00edas recargables de Marshall Radio se incorporan permanentemente a la tapa, lo que crea un dise\u00f1o simple, robusto y de una sola pieza. Simplemente enrosque su transmisor y ejec\u00fatelo. Atornille a su cargador y espere a que la luz verde indique una carga completa y est\u00e9 lista para ser reutilizada. Un circuito de protecci\u00f3n dentro de la tapa te mantiene a salvo.<\/p>\n<p>M\u00faltiples opciones para que coincida con su m\u00e9todo de montaje preferido<br \/>\nHemos creado tres tipos de tapa de bater\u00eda: 1) tapa de bala, utilizada para el montaje de TrackPack o Tail, 2) estilo Bewit tradicional para el montaje de patas, y 3) el nuevo dise\u00f1o de poste EZ Twist atornillable que ahora utilizan los cetreros el mundo.<\/p>\n<p>Dise\u00f1o de carga r\u00e1pida<br \/>\nEl cargador llenar\u00e1 una bater\u00eda agotada en menos de dos horas, pero para un uso normal en el que la bater\u00eda se utiliza durante menos de una hora, la bater\u00eda se puede cargar en solo unos minutos.<\/p>\n<p>Rendimiento mejorado en clima fr\u00edo<br \/>\n80% de capacidad de la bater\u00eda a -20C.<\/p>\n<p>Sin uso de estr\u00e9s<br \/>\nC\u00fabralos tantas veces como desee (sin memoria) o d\u00e9jelos enchufados, sin riesgo de da\u00f1os.<\/p>\n<p>Tiempo de ejecuci\u00f3n<br \/>\nLa bater\u00eda de pol\u00edmero de litio funciona aproximadamente la misma cantidad de tiempo que la 1 \/ 3N.<\/p>\n","protected":false},"excerpt":{"rendered":"<p>&nbsp;<\/p>\n<p>Las bater\u00edas recargables est\u00e1n dise\u00f1adas espec\u00edficamente para el RT-GPS adem\u00e1s de algunos otros transmisores 2018 o m\u00e1s nuevos.<\/p>\n<p><strong>Nota: Todos los RT-GPS y GPS Turbo ahora vienen de serie con bater\u00eda recargable.<\/strong><\/p>\n<div class=\"read-more\"><a href=\"https:\/\/marshallradio.com\/ww\/producto\/baterias-recargables\/?lang=es\">Read more <span class=\"screen-reader-text\">Bater\u00edas recargables<\/span><span class=\"meta-nav\"> &#8250;<\/span><\/a><\/div>\n<p><!-- end of .read-more --><\/p>\n","protected":false},"featured_media":42291,"template":"","meta":{"_acf_changed":false},"product_brand":[],"product_cat":[150,230,180],"product_tag":[],"class_list":{"0":"post-30800","1":"product","2":"type-product","3":"status-publish","4":"has-post-thumbnail","6":"product_cat-mundial-accesorios","7":"product_cat-productos-para-loros-es","8":"product_cat-sistema-gps","10":"first","11":"instock","12":"taxable","13":"shipping-taxable","14":"purchasable","15":"product-type-variable"},"acf":[],"_links":{"self":[{"href":"https:\/\/marshallradio.com\/ww\/wp-json\/wp\/v2\/product\/30800","targetHints":{"allow":["GET"]}}],"collection":[{"href":"https:\/\/marshallradio.com\/ww\/wp-json\/wp\/v2\/product"}],"about":[{"href":"https:\/\/marshallradio.com\/ww\/wp-json\/wp\/v2\/types\/product"}],"wp:featuredmedia":[{"embeddable":true,"href":"https:\/\/marshallradio.com\/ww\/wp-json\/wp\/v2\/media\/42291"}],"wp:attachment":[{"href":"https:\/\/marshallradio.com\/ww\/wp-json\/wp\/v2\/media?parent=30800"}],"wp:term":[{"taxonomy":"product_brand","embeddable":true,"href":"https:\/\/marshallradio.com\/ww\/wp-json\/wp\/v2\/product_brand?post=30800"},{"taxonomy":"product_cat","embeddable":true,"href":"https:\/\/marshallradio.com\/ww\/wp-json\/wp\/v2\/product_cat?post=30800"},{"taxonomy":"product_tag","embeddable":true,"href":"https:\/\/marshallradio.com\/ww\/wp-json\/wp\/v2\/product_tag?post=30800"}],"curies":[{"name":"wp","href":"https:\/\/api.w.org\/{rel}","templated":true}]}}