
{"id":30872,"date":"2019-01-08T21:21:57","date_gmt":"2019-01-08T21:21:57","guid":{"rendered":"http:\/\/marshallradio.com\/ww\/product\/field-marshall-receptor-de-seguimiento-perro\/"},"modified":"2022-04-04T20:56:00","modified_gmt":"2022-04-04T20:56:00","slug":"field-marshall-receptor-de-seguimiento-perro","status":"publish","type":"product","link":"https:\/\/marshallradio.com\/ww\/producto\/field-marshall-receptor-de-seguimiento-perro\/?lang=es","title":{"rendered":"Field Marshall receptor de seguimiento (perro)"},"content":{"rendered":"<p>&nbsp;<\/p>\n<p><strong>SENSIBILIDAD M\u00c1XIMA<\/strong><br \/>\nObtener el mejor rango requiere tener la mayor &#8220;sensibilidad \u00fatil&#8221; en un receptor. La combinaci\u00f3n del receptor, el cable correspondiente y la antena dise\u00f1ada espec\u00edficamente para \u00e9l constituyen un paquete completo que debe funcionar en armon\u00eda para lograr la mayor sensibilidad posible. El Digital Field Marshall le dar\u00e1 la mayor variedad de receptores de rastreo del mundo. Nada va m\u00e1s lejos que el Field Marshall, especialmente en ciudades o \u00e1reas de &#8220;ruido de radio no deseado&#8221;. Con una sensibilidad superior a -154dBm, el Field Marshall puede discernir las se\u00f1ales m\u00e1s d\u00e9biles.<\/p>\n<p><strong>SINTONIZACI\u00d3N F\u00c1CIL<\/strong><\/p>\n<p>La sintonizaci\u00f3n con la perilla de sintonizaci\u00f3n mejorada es amplia y est\u00e1 protegida contra el contacto accidental, por lo que no es f\u00e1cil desactivar la configuraci\u00f3n de sintonizaci\u00f3n al entrar y salir del veh\u00edculo.<\/p>\n<p><strong>PESO LIGERO<\/strong><br \/>\nEl uso de componentes electr\u00f3nicos de \u00faltima generaci\u00f3n, un yagi plegable y un empaque creativo nos permiten adaptar mucho a un espacio peque\u00f1o.<\/p>\n<p>Y, nuestro compromiso de utilizar aleaciones de aluminio que tengan la m\u00e1xima relaci\u00f3n resistencia \/ peso hace que este receptor sea lo m\u00e1s liviano y resistente posible desde el punto de vista t\u00e9cnico.<\/p>\n<p><strong>RESISTENTE AL AGUA<\/strong><\/p>\n<p>Casi. El receptor no est\u00e1 dise\u00f1ado para usarse en condiciones muy h\u00famedas, sin embargo, se mantendr\u00e1 en condiciones de lluvia ligera. Si se sumerge accidentalmente por accidente o ca\u00edda, se debe drenar y dejar secar antes de volver a usarlo.<\/p>\n<p><strong>OPCI\u00d3N DE UTILIZAR VEH\u00cdCULO PARA ENCENDER EL RECEPTOR<\/strong><\/p>\n<p>El adaptador para autom\u00f3vil est\u00e1 dise\u00f1ado para evitar las bater\u00edas y alimentar el receptor durante per\u00edodos prolongados dentro del veh\u00edculo para ahorrar bater\u00edas y preservarlas durante largas caminatas lejos del autom\u00f3vil. El adaptador del encendedor se puede encontrar en los accesorios. El Field Marshall utiliza bater\u00edas AAA comunes f\u00e1ciles de encontrar que no son recargables.<\/p>\n<p><strong>QU\u00c9 BATER\u00cdAS UTILIZAR<\/strong><\/p>\n<p>Para uso general, las bater\u00edas alcalinas AAA son las m\u00e1s rentables y proporcionan una buena vida \u00fatil, pero las bater\u00edas de litio AAA ofrecen el mejor rendimiento en climas fr\u00edos, son las m\u00e1s livianas y duran m\u00e1s. Recuerde quitar siempre las bater\u00edas de su receptor durante los per\u00edodos de almacenamiento prolongado (fuera de temporada). Las bater\u00edas recargables (como NiCad o NiMH) no deben usarse ya que no proporcionan un voltaje suficiente y constante para operar el receptor de manera efectiva. <\/p>\n<p> Utilice siempre bater\u00edas de marca (como Energizer o Duracell) con una garant\u00eda completa, en caso de que ocurra un accidente con las bater\u00edas reales dentro de su receptor.<\/p>\n<p><strong>OPCI\u00d3N DE USO CON ANTENA OMNI<\/strong><\/p>\n<p>El Field Marshall except\u00faa f\u00e1cilmente la entrada de una antena externa, simplemente retire el cable coaxial del cuerpo del receptor y enchufe el cable coaxial de su antena externa. El Field Marshall usa un conector &#8220;SMB&#8221;, la mayor\u00eda de las antenas omnidireccionales usan el conector &#8220;BNC&#8221; m\u00e1s grande. Se puede usar un adaptador simple (incluido con la compra de un omni de Marshall Radio) para conectar otras antenas montadas en el veh\u00edculo a su receptor Marshall.<\/p>\n<p><strong>ANTENA YAGI COLAPSIBLE DE TAMA\u00d1O COMPLETO<br \/>\n<\/strong><\/p>\n<p>El Field Marshall 4000 viene con una antena de yagi plegable de &#8220;tama\u00f1o completo&#8221; de serie. Ofrece una simplicidad robusta.<\/p>\n<p><strong>Cobertura<\/strong><\/p>\n<p>El Field Marshall 4000 cubre todos los canales en las Bandas 216-219 (216.000-219.999). Permitiendo la recepci\u00f3n de la mayor\u00eda de los collares de seguimiento.<\/p>\n","protected":false},"excerpt":{"rendered":"<p>El\u00a0<strong>Field Marshall<\/strong> 4000 puede rastrear cualquier collar en la banda de 216-219 MHz.<\/p>\n<p>El Field Marshall ofrece la mayor sensibilidad (rango) de cualquier receptor de seguimiento en el mercado. El FM4000 tiene un gran sonido (con altavoces en la parte superior e inferior), un dise\u00f1o s\u00f3lido y ultra compacto de la carcasa con un asa de &#8220;liberaci\u00f3n r\u00e1pida&#8221;, iluminaci\u00f3n de panel de control LED para uso nocturno y la \u00faltima generaci\u00f3n de la antena de yagi plegable exclusiva de Marshall. <\/p>\n<p>Adem\u00e1s, exclusivo del campo digital Marshall es la adici\u00f3n de filtros de fase polif\u00e1sica, nuestra nueva tecnolog\u00eda de reducci\u00f3n de ruido de fondo que reduce el ruido de fondo al tiempo que aumenta el alcance efectivo y la facilidad de seguimiento.<\/p>\n<p>FM4000 216-219<\/p>\n<p>Disponible con la antena Yagi plegable de tama\u00f1o completo para un tama\u00f1o m\u00e1s compacto.<\/p>\n<p>&nbsp;<\/p>\n<div class=\"read-more\"><a href=\"https:\/\/marshallradio.com\/ww\/producto\/field-marshall-receptor-de-seguimiento-perro\/?lang=es\">Read more <span class=\"screen-reader-text\">Field Marshall receptor de seguimiento (perro)<\/span><span class=\"meta-nav\"> &#8250;<\/span><\/a><\/div>\n<p><!-- end of .read-more --><\/p>\n","protected":false},"featured_media":42505,"template":"","meta":{"_acf_changed":false},"product_brand":[],"product_cat":[178],"product_tag":[],"class_list":{"0":"post-30872","1":"product","2":"type-product","3":"status-publish","4":"has-post-thumbnail","6":"product_cat-perros-deportivos","8":"first","9":"instock","10":"taxable","11":"shipping-taxable","12":"purchasable","13":"product-type-simple"},"acf":[],"_links":{"self":[{"href":"https:\/\/marshallradio.com\/ww\/wp-json\/wp\/v2\/product\/30872","targetHints":{"allow":["GET"]}}],"collection":[{"href":"https:\/\/marshallradio.com\/ww\/wp-json\/wp\/v2\/product"}],"about":[{"href":"https:\/\/marshallradio.com\/ww\/wp-json\/wp\/v2\/types\/product"}],"wp:featuredmedia":[{"embeddable":true,"href":"https:\/\/marshallradio.com\/ww\/wp-json\/wp\/v2\/media\/42505"}],"wp:attachment":[{"href":"https:\/\/marshallradio.com\/ww\/wp-json\/wp\/v2\/media?parent=30872"}],"wp:term":[{"taxonomy":"product_brand","embeddable":true,"href":"https:\/\/marshallradio.com\/ww\/wp-json\/wp\/v2\/product_brand?post=30872"},{"taxonomy":"product_cat","embeddable":true,"href":"https:\/\/marshallradio.com\/ww\/wp-json\/wp\/v2\/product_cat?post=30872"},{"taxonomy":"product_tag","embeddable":true,"href":"https:\/\/marshallradio.com\/ww\/wp-json\/wp\/v2\/product_tag?post=30872"}],"curies":[{"name":"wp","href":"https:\/\/api.w.org\/{rel}","templated":true}]}}