
{"id":30879,"date":"2018-07-03T20:29:04","date_gmt":"2018-07-03T20:29:04","guid":{"rendered":"http:\/\/marshallradio.com\/ww\/product\/field-marshall-receptor-de-seguimiento-digital-vhf\/"},"modified":"2023-11-29T20:14:21","modified_gmt":"2023-11-29T20:14:21","slug":"receptor-de-seguimiento-digital-field-marshall-4000-vhf","status":"publish","type":"product","link":"https:\/\/marshallradio.com\/ww\/producto\/receptor-de-seguimiento-digital-field-marshall-4000-vhf\/?lang=es","title":{"rendered":"Receptor de seguimiento digital Field Marshall 4000 VHF"},"content":{"rendered":"<p>&nbsp;<\/p>\n<p><strong>SENSIBILIDAD M\u00c1XIMA<\/strong><br \/>\nObtener el mejor rango requiere tener la mayor &#8220;sensibilidad \u00fatil&#8221; en un receptor. La combinaci\u00f3n del receptor, el cable correspondiente y la antena dise\u00f1ada espec\u00edficamente para \u00e9l constituyen un paquete completo que debe funcionar en armon\u00eda para lograr la mayor sensibilidad posible. El Digital Field Marshall le dar\u00e1 la mayor variedad de receptores de rastreo del mundo. Nada va m\u00e1s lejos que el Field Marshall, especialmente en ciudades o \u00e1reas de &#8220;ruido de radio no deseado&#8221;. Con una sensibilidad mejor que -154dBm, el Field Marshall puede discernir las se\u00f1ales m\u00e1s d\u00e9biles.<\/p>\n<p><strong>SINTONIZACI\u00d3N F\u00c1CIL<\/strong><\/p>\n<p>La sintonizaci\u00f3n con la perilla de sintonizaci\u00f3n mejorada es amplia y est\u00e1 protegida contra el contacto accidental, por lo que no se salta f\u00e1cilmente de la configuraci\u00f3n de sintonizaci\u00f3n al entrar y salir del veh\u00edculo.<\/p>\n<p><strong>PESO LIGERO<\/strong><br \/>\nEl uso de componentes electr\u00f3nicos de \u00faltima generaci\u00f3n, un yagi plegable y un empaque creativo nos permiten adaptar mucho a un espacio peque\u00f1o.<\/p>\n<p>Y nuestro compromiso de utilizar aleaciones de aluminio que tengan la relaci\u00f3n resistencia \/ peso m\u00e1xima hace que este receptor sea lo m\u00e1s liviano y resistente posible desde el punto de vista t\u00e9cnico.<\/p>\n<p><strong>RESISTENTE AL AGUA<\/strong><\/p>\n<p>Casi. El receptor no est\u00e1 dise\u00f1ado para usarse en condiciones muy h\u00famedas, sin embargo, se mantendr\u00e1 en condiciones de lluvia ligera. Si se sumerge accidentalmente por accidente o ca\u00edda, se debe drenar y dejar secar antes de volver a usarlo.<\/p>\n<p><strong>OPCI\u00d3N DE UTILIZAR VEH\u00cdCULO PARA ENCENDER EL RECEPTOR<\/strong><\/p>\n<p>El adaptador para autom\u00f3vil est\u00e1 dise\u00f1ado para evitar las bater\u00edas y alimentar el receptor durante per\u00edodos prolongados dentro del veh\u00edculo para ahorrar bater\u00edas y preservarlas durante largas caminatas lejos del autom\u00f3vil. El adaptador del encendedor se puede encontrar en los accesorios. El Field Marshall utiliza bater\u00edas AAA comunes f\u00e1ciles de encontrar que no son recargables.<\/p>\n<p><strong>QU\u00c9 BATER\u00cdAS UTILIZAR<\/strong><\/p>\n<p>Para uso general, las bater\u00edas alcalinas AAA son las m\u00e1s rentables y proporcionan una buena vida \u00fatil, pero las bater\u00edas de litio AAA ofrecen el mejor rendimiento en climas fr\u00edos, son las m\u00e1s livianas y duran m\u00e1s. Recuerde quitar siempre las bater\u00edas de su receptor durante los per\u00edodos de almacenamiento prolongado (fuera de temporada). Las bater\u00edas recargables (como NiCad o NiMH) no deben usarse ya que no proporcionan un voltaje suficiente y constante para operar el receptor de manera efectiva.<\/p>\n<p>Utilice siempre bater\u00edas de marca (como Energizer o Duracell) con una garant\u00eda completa, en caso de que ocurra un accidente con las bater\u00edas reales dentro de su receptor.<\/p>\n<p><strong>OPCI\u00d3N DE USO CON ANTENA OMNI<\/strong><\/p>\n<p>El Field Marshall except\u00faa f\u00e1cilmente la entrada de una antena externa, simplemente retire el cable coaxial del cuerpo del receptor y enchufe el cable coaxial de su antena externa. El Field Marshall usa un conector &#8220;SMB&#8221;, la mayor\u00eda de las antenas omnidireccionales usan el conector &#8220;BNC&#8221; m\u00e1s grande. Se puede usar un adaptador simple (incluido con la compra de un omni de Marshall Radio) para conectar otras antenas montadas en el veh\u00edculo a su receptor Marshall.<\/p>\n<p><strong>TAMA\u00d1O COMPLETO ANTENA YAGI<br \/>\n<\/strong><\/p>\n<p>El Field Marshall 4000 viene con una antena de yagi plegable de &#8220;tama\u00f1o completo&#8221; de serie. Ofrece una simplicidad robusta<\/p>\n<p><strong>Cobertura<\/strong><\/p>\n<p>El Field Marshall 4000 cubre 1000KHz de cada banda 216-219 (216,000-.999). <\/p>\n","protected":false},"excerpt":{"rendered":"<p>&nbsp;<\/p>\n<p>Nuestro Digital Field Marshall le brinda la mayor sensibilidad disponible en un receptor de rastreo.<\/p>\n<p>Este receptor premium ofrece m\u00e1s volumen (con altavoces en la parte superior e inferior), un dise\u00f1o de carcasa ultracompacto con un asa de &#8220;liberaci\u00f3n r\u00e1pida&#8221;, iluminaci\u00f3n LED para el seguimiento nocturno, resistencia al agua mejorada para usar en climas h\u00famedos y la \u00faltima generaci\u00f3n Antena de yagi plegable exclusiva de Marshall.<\/p>\n<p>Adem\u00e1s, exclusivo del Field Marshall es la adici\u00f3n de filtros polif\u00e1sicos, nuestra nueva tecnolog\u00eda de reducci\u00f3n de ruido de fondo que reduce el ruido de fondo al tiempo que aumenta el alcance efectivo y la facilidad de seguimiento.<\/p>\n<p>FM4000 (216-219) equipado con antena Yagi de tama\u00f1o completo<\/p>\n<div class=\"read-more\"><a href=\"https:\/\/marshallradio.com\/ww\/producto\/receptor-de-seguimiento-digital-field-marshall-4000-vhf\/?lang=es\">Read more <span class=\"screen-reader-text\">Receptor de seguimiento digital Field Marshall 4000 VHF<\/span><span class=\"meta-nav\"> &#8250;<\/span><\/a><\/div>\n<p><!-- end of .read-more --><\/p>\n","protected":false},"featured_media":42505,"template":"","meta":{"_acf_changed":false},"product_brand":[],"product_cat":[171],"product_tag":[],"class_list":{"0":"post-30879","1":"product","2":"type-product","3":"status-publish","4":"has-post-thumbnail","6":"product_cat-receptores","8":"first","9":"instock","10":"taxable","11":"shipping-taxable","12":"purchasable","13":"product-type-simple"},"acf":[],"_links":{"self":[{"href":"https:\/\/marshallradio.com\/ww\/wp-json\/wp\/v2\/product\/30879","targetHints":{"allow":["GET"]}}],"collection":[{"href":"https:\/\/marshallradio.com\/ww\/wp-json\/wp\/v2\/product"}],"about":[{"href":"https:\/\/marshallradio.com\/ww\/wp-json\/wp\/v2\/types\/product"}],"wp:featuredmedia":[{"embeddable":true,"href":"https:\/\/marshallradio.com\/ww\/wp-json\/wp\/v2\/media\/42505"}],"wp:attachment":[{"href":"https:\/\/marshallradio.com\/ww\/wp-json\/wp\/v2\/media?parent=30879"}],"wp:term":[{"taxonomy":"product_brand","embeddable":true,"href":"https:\/\/marshallradio.com\/ww\/wp-json\/wp\/v2\/product_brand?post=30879"},{"taxonomy":"product_cat","embeddable":true,"href":"https:\/\/marshallradio.com\/ww\/wp-json\/wp\/v2\/product_cat?post=30879"},{"taxonomy":"product_tag","embeddable":true,"href":"https:\/\/marshallradio.com\/ww\/wp-json\/wp\/v2\/product_tag?post=30879"}],"curies":[{"name":"wp","href":"https:\/\/api.w.org\/{rel}","templated":true}]}}