
{"id":30897,"date":"2018-07-02T22:07:42","date_gmt":"2018-07-02T22:07:42","guid":{"rendered":"http:\/\/marshallradio.com\/ww\/product\/campo-marshall-manual\/"},"modified":"2022-07-05T20:50:43","modified_gmt":"2022-07-05T20:50:43","slug":"campo-marshall-manual","status":"publish","type":"product","link":"https:\/\/marshallradio.com\/ww\/producto\/campo-marshall-manual\/?lang=es","title":{"rendered":"Campo Marshall Manual"},"content":{"rendered":"","protected":false},"excerpt":{"rendered":"<p>Este manual de 35 p\u00e1ginas se incluye con la compra de cada receptor Field Marshall. Est\u00e1 escrito por Dave Marshall y est\u00e1 lleno de consejos pr\u00e1cticos sobre el seguimiento b\u00e1sico. Los temas de propagaci\u00f3n de radio que incluyen polarizaci\u00f3n, reflexiones y difracci\u00f3n que a menudo causan confusi\u00f3n en el campo se explican y simplifican su comprensi\u00f3n.<\/p>\n<p>Puede <a href=\"https:\/\/marshallradio.com\/ww\/atencion-al-cliente\/el-manual-del-propietario\/?lang=es\">descargar<\/a> el manual completo para verlo (con Adobe Acrobat Reader) o solicitar su propia copia impresa.<\/p>\n<p>&nbsp;<\/p>\n<p>solo ingl\u00e9s<\/p>\n<div class=\"read-more\"><a href=\"https:\/\/marshallradio.com\/ww\/producto\/campo-marshall-manual\/?lang=es\">Read more <span class=\"screen-reader-text\">Campo Marshall Manual<\/span><span class=\"meta-nav\"> &#8250;<\/span><\/a><\/div>\n<p><!-- end of .read-more --><\/p>\n","protected":false},"featured_media":29027,"template":"","meta":{"_acf_changed":false},"product_brand":[],"product_cat":[33],"product_tag":[],"class_list":{"0":"post-30897","1":"product","2":"type-product","3":"status-publish","4":"has-post-thumbnail","6":"product_cat-sin-categorizar","8":"first","9":"outofstock","10":"taxable","11":"shipping-taxable","12":"purchasable","13":"product-type-simple"},"acf":[],"_links":{"self":[{"href":"https:\/\/marshallradio.com\/ww\/wp-json\/wp\/v2\/product\/30897","targetHints":{"allow":["GET"]}}],"collection":[{"href":"https:\/\/marshallradio.com\/ww\/wp-json\/wp\/v2\/product"}],"about":[{"href":"https:\/\/marshallradio.com\/ww\/wp-json\/wp\/v2\/types\/product"}],"wp:featuredmedia":[{"embeddable":true,"href":"https:\/\/marshallradio.com\/ww\/wp-json\/wp\/v2\/media\/29027"}],"wp:attachment":[{"href":"https:\/\/marshallradio.com\/ww\/wp-json\/wp\/v2\/media?parent=30897"}],"wp:term":[{"taxonomy":"product_brand","embeddable":true,"href":"https:\/\/marshallradio.com\/ww\/wp-json\/wp\/v2\/product_brand?post=30897"},{"taxonomy":"product_cat","embeddable":true,"href":"https:\/\/marshallradio.com\/ww\/wp-json\/wp\/v2\/product_cat?post=30897"},{"taxonomy":"product_tag","embeddable":true,"href":"https:\/\/marshallradio.com\/ww\/wp-json\/wp\/v2\/product_tag?post=30897"}],"curies":[{"name":"wp","href":"https:\/\/api.w.org\/{rel}","templated":true}]}}