
{"id":30930,"date":"2018-06-25T20:35:34","date_gmt":"2018-06-25T20:35:34","guid":{"rendered":"http:\/\/marshallradio.com\/ww\/product\/funda-acolchada-de-cordura\/"},"modified":"2022-04-04T21:53:03","modified_gmt":"2022-04-04T21:53:03","slug":"funda-acolchada-de-cordura","status":"publish","type":"product","link":"https:\/\/marshallradio.com\/ww\/producto\/funda-acolchada-de-cordura\/?lang=es","title":{"rendered":"Funda acolchada de Cordura"},"content":{"rendered":"","protected":false},"excerpt":{"rendered":"<p>Adaptado de un dise\u00f1o utilizado para proteger costosas armas de fuego, nuestra funda Cordura le permite mantener el receptor y los transmisores protegidos y todos juntos en un lugar conveniente.<\/p>\n<p>El inserto de espuma personalizado se adapta al perfil del receptor, y recortes adicionales y bolsillos internos para guardar todas las cosas peque\u00f1as donde puede encontrarlos: bater\u00edas adicionales, antenas, probador de bater\u00edas, adaptador para autom\u00f3vil, etc. Dise\u00f1ado para viajar con usted dentro del veh\u00edculo .<\/p>\n<p>Solo para 216 y 434 MHz<\/p>\n<p>&nbsp;<\/p>\n<div class=\"read-more\"><a href=\"https:\/\/marshallradio.com\/ww\/producto\/funda-acolchada-de-cordura\/?lang=es\">Read more <span class=\"screen-reader-text\">Funda acolchada de Cordura<\/span><span class=\"meta-nav\"> &#8250;<\/span><\/a><\/div>\n<p><!-- end of .read-more --><\/p>\n","protected":false},"featured_media":42435,"template":"","meta":{"_acf_changed":false},"product_brand":[],"product_cat":[150],"product_tag":[],"class_list":{"0":"post-30930","1":"product","2":"type-product","3":"status-publish","4":"has-post-thumbnail","6":"product_cat-mundial-accesorios","8":"first","9":"instock","10":"taxable","11":"shipping-taxable","12":"purchasable","13":"product-type-variable"},"acf":[],"_links":{"self":[{"href":"https:\/\/marshallradio.com\/ww\/wp-json\/wp\/v2\/product\/30930","targetHints":{"allow":["GET"]}}],"collection":[{"href":"https:\/\/marshallradio.com\/ww\/wp-json\/wp\/v2\/product"}],"about":[{"href":"https:\/\/marshallradio.com\/ww\/wp-json\/wp\/v2\/types\/product"}],"wp:featuredmedia":[{"embeddable":true,"href":"https:\/\/marshallradio.com\/ww\/wp-json\/wp\/v2\/media\/42435"}],"wp:attachment":[{"href":"https:\/\/marshallradio.com\/ww\/wp-json\/wp\/v2\/media?parent=30930"}],"wp:term":[{"taxonomy":"product_brand","embeddable":true,"href":"https:\/\/marshallradio.com\/ww\/wp-json\/wp\/v2\/product_brand?post=30930"},{"taxonomy":"product_cat","embeddable":true,"href":"https:\/\/marshallradio.com\/ww\/wp-json\/wp\/v2\/product_cat?post=30930"},{"taxonomy":"product_tag","embeddable":true,"href":"https:\/\/marshallradio.com\/ww\/wp-json\/wp\/v2\/product_tag?post=30930"}],"curies":[{"name":"wp","href":"https:\/\/api.w.org\/{rel}","templated":true}]}}