
{"id":30962,"date":"2018-06-25T18:42:44","date_gmt":"2018-06-25T18:42:44","guid":{"rendered":"http:\/\/marshallradio.com\/ww\/product\/precios-por-volumen-de-baterias\/"},"modified":"2023-03-10T21:40:37","modified_gmt":"2023-03-10T21:40:37","slug":"precios-por-volumen-de-baterias","status":"publish","type":"product","link":"https:\/\/marshallradio.com\/ww\/producto\/precios-por-volumen-de-baterias\/?lang=es","title":{"rendered":"Precios por volumen de bater\u00edas"},"content":{"rendered":"","protected":false},"excerpt":{"rendered":"<p>Los precios al por mayor que se muestran a continuaci\u00f3n se deben a los vol\u00famenes en los que compramos bater\u00edas tanto para las pruebas internas como para el quemado de cada transmisor y las ventas en todo el mundo. Per\u00edodo de validez de las bater\u00edas de litio: 5-7 a\u00f1os, por lo que es aconsejable abastecerse.<\/p>\n<div class=\"read-more\"><a href=\"https:\/\/marshallradio.com\/ww\/producto\/precios-por-volumen-de-baterias\/?lang=es\">Read more <span class=\"screen-reader-text\">Precios por volumen de bater\u00edas<\/span><span class=\"meta-nav\"> &#8250;<\/span><\/a><\/div>\n<p><!-- end of .read-more --><\/p>\n","protected":false},"featured_media":42659,"template":"","meta":{"_acf_changed":false},"product_brand":[],"product_cat":[150],"product_tag":[],"class_list":{"0":"post-30962","1":"product","2":"type-product","3":"status-publish","4":"has-post-thumbnail","6":"product_cat-mundial-accesorios","8":"first","9":"instock","10":"taxable","11":"shipping-taxable","12":"purchasable","13":"product-type-variable"},"acf":[],"_links":{"self":[{"href":"https:\/\/marshallradio.com\/ww\/wp-json\/wp\/v2\/product\/30962","targetHints":{"allow":["GET"]}}],"collection":[{"href":"https:\/\/marshallradio.com\/ww\/wp-json\/wp\/v2\/product"}],"about":[{"href":"https:\/\/marshallradio.com\/ww\/wp-json\/wp\/v2\/types\/product"}],"wp:featuredmedia":[{"embeddable":true,"href":"https:\/\/marshallradio.com\/ww\/wp-json\/wp\/v2\/media\/42659"}],"wp:attachment":[{"href":"https:\/\/marshallradio.com\/ww\/wp-json\/wp\/v2\/media?parent=30962"}],"wp:term":[{"taxonomy":"product_brand","embeddable":true,"href":"https:\/\/marshallradio.com\/ww\/wp-json\/wp\/v2\/product_brand?post=30962"},{"taxonomy":"product_cat","embeddable":true,"href":"https:\/\/marshallradio.com\/ww\/wp-json\/wp\/v2\/product_cat?post=30962"},{"taxonomy":"product_tag","embeddable":true,"href":"https:\/\/marshallradio.com\/ww\/wp-json\/wp\/v2\/product_tag?post=30962"}],"curies":[{"name":"wp","href":"https:\/\/api.w.org\/{rel}","templated":true}]}}