
{"id":30979,"date":"2018-06-25T18:13:35","date_gmt":"2018-06-25T18:13:35","guid":{"rendered":"http:\/\/marshallradio.com\/ww\/product\/repuestos-para-collares-de-rastreo-de-perros\/"},"modified":"2019-10-18T18:48:39","modified_gmt":"2019-10-18T18:48:39","slug":"repuestos-para-collares-de-rastreo-de-perros","status":"publish","type":"product","link":"https:\/\/marshallradio.com\/ww\/producto\/repuestos-para-collares-de-rastreo-de-perros\/?lang=es","title":{"rendered":"Repuestos para collares de rastreo de perros"},"content":{"rendered":"<p>A continuaci\u00f3n se muestra un breve video que explica c\u00f3mo instalar su nueva antena.<\/p>\n<p><iframe loading=\"lazy\" title=\"Replacing the Dog Collar Antenna\" src=\"https:\/\/player.vimeo.com\/video\/10794350?dnt=1&#038;app_id=122963\" width=\"640\" height=\"424\" frameborder=\"0\" allow=\"autoplay; fullscreen\" allowfullscreen><\/iframe><\/p>\n","protected":false},"excerpt":{"rendered":"<p>Una antena recta es importante para el proceso de producir una se\u00f1al fuerte. Si sus antenas est\u00e1n retorcidas, curvadas y enderezadas por \u00faltima vez, podr\u00eda considerar obtener una nueva para mantener el m\u00e1ximo rendimiento. Las antenas reemplazables en el campo se atornillan directamente al conector de la antena del transmisor.<\/p>\n<p>La tapa H3K viene con 2 tornillos para sujetar a su transmisor de collares.<\/p>\n<div class=\"read-more\"><a href=\"https:\/\/marshallradio.com\/ww\/producto\/repuestos-para-collares-de-rastreo-de-perros\/?lang=es\">Read more <span class=\"screen-reader-text\">Repuestos para collares de rastreo de perros<\/span><span class=\"meta-nav\"> &#8250;<\/span><\/a><\/div>\n<p><!-- end of .read-more --><\/p>\n","protected":false},"featured_media":29256,"template":"","meta":{"_acf_changed":false},"product_brand":[],"product_cat":[178],"product_tag":[],"class_list":{"0":"post-30979","1":"product","2":"type-product","3":"status-publish","4":"has-post-thumbnail","6":"product_cat-perros-deportivos","8":"first","9":"instock","10":"taxable","11":"shipping-taxable","12":"purchasable","13":"product-type-variable"},"acf":[],"_links":{"self":[{"href":"https:\/\/marshallradio.com\/ww\/wp-json\/wp\/v2\/product\/30979","targetHints":{"allow":["GET"]}}],"collection":[{"href":"https:\/\/marshallradio.com\/ww\/wp-json\/wp\/v2\/product"}],"about":[{"href":"https:\/\/marshallradio.com\/ww\/wp-json\/wp\/v2\/types\/product"}],"wp:featuredmedia":[{"embeddable":true,"href":"https:\/\/marshallradio.com\/ww\/wp-json\/wp\/v2\/media\/29256"}],"wp:attachment":[{"href":"https:\/\/marshallradio.com\/ww\/wp-json\/wp\/v2\/media?parent=30979"}],"wp:term":[{"taxonomy":"product_brand","embeddable":true,"href":"https:\/\/marshallradio.com\/ww\/wp-json\/wp\/v2\/product_brand?post=30979"},{"taxonomy":"product_cat","embeddable":true,"href":"https:\/\/marshallradio.com\/ww\/wp-json\/wp\/v2\/product_cat?post=30979"},{"taxonomy":"product_tag","embeddable":true,"href":"https:\/\/marshallradio.com\/ww\/wp-json\/wp\/v2\/product_tag?post=30979"}],"curies":[{"name":"wp","href":"https:\/\/api.w.org\/{rel}","templated":true}]}}