
{"id":30993,"date":"2018-06-25T16:27:34","date_gmt":"2018-06-25T16:27:34","guid":{"rendered":"http:\/\/marshallradio.com\/ww\/product\/aguas-de-cola\/"},"modified":"2022-04-07T20:36:51","modified_gmt":"2022-04-07T20:36:51","slug":"aguas-de-cola","status":"publish","type":"product","link":"https:\/\/marshallradio.com\/ww\/producto\/aguas-de-cola\/?lang=es","title":{"rendered":"Aguas de cola"},"content":{"rendered":"","protected":false},"excerpt":{"rendered":"<p>Puede cambiar f\u00e1cilmente un cable de resorte de cola da\u00f1ado si es necesario. Elija a continuaci\u00f3n el modelo de resorte que necesita para su transmisor.<\/p>\n<p>Los resortes del transmisor UHF anteriores a 2018 RT son fijos y deben ser enviados a su oficina local para reemplazarlos.<\/p>\n<p>El precio es por resorte de cola individual.<\/p>\n<div class=\"read-more\"><a href=\"https:\/\/marshallradio.com\/ww\/producto\/aguas-de-cola\/?lang=es\">Read more <span class=\"screen-reader-text\">Aguas de cola<\/span><span class=\"meta-nav\"> &#8250;<\/span><\/a><\/div>\n<p><!-- end of .read-more --><\/p>\n","protected":false},"featured_media":44082,"template":"","meta":{"_acf_changed":false},"product_brand":[],"product_cat":[150],"product_tag":[],"class_list":{"0":"post-30993","1":"product","2":"type-product","3":"status-publish","4":"has-post-thumbnail","6":"product_cat-mundial-accesorios","8":"first","9":"instock","10":"taxable","11":"shipping-taxable","12":"purchasable","13":"product-type-variable"},"acf":[],"_links":{"self":[{"href":"https:\/\/marshallradio.com\/ww\/wp-json\/wp\/v2\/product\/30993","targetHints":{"allow":["GET"]}}],"collection":[{"href":"https:\/\/marshallradio.com\/ww\/wp-json\/wp\/v2\/product"}],"about":[{"href":"https:\/\/marshallradio.com\/ww\/wp-json\/wp\/v2\/types\/product"}],"wp:featuredmedia":[{"embeddable":true,"href":"https:\/\/marshallradio.com\/ww\/wp-json\/wp\/v2\/media\/44082"}],"wp:attachment":[{"href":"https:\/\/marshallradio.com\/ww\/wp-json\/wp\/v2\/media?parent=30993"}],"wp:term":[{"taxonomy":"product_brand","embeddable":true,"href":"https:\/\/marshallradio.com\/ww\/wp-json\/wp\/v2\/product_brand?post=30993"},{"taxonomy":"product_cat","embeddable":true,"href":"https:\/\/marshallradio.com\/ww\/wp-json\/wp\/v2\/product_cat?post=30993"},{"taxonomy":"product_tag","embeddable":true,"href":"https:\/\/marshallradio.com\/ww\/wp-json\/wp\/v2\/product_tag?post=30993"}],"curies":[{"name":"wp","href":"https:\/\/api.w.org\/{rel}","templated":true}]}}