
{"id":31056,"date":"2018-06-25T16:22:21","date_gmt":"2018-06-25T16:22:21","guid":{"rendered":"http:\/\/marshallradio.com\/ww\/product\/tapas-de-repuesto-para-transmisores\/"},"modified":"2023-04-24T15:26:37","modified_gmt":"2023-04-24T15:26:37","slug":"tapas-de-repuesto-para-transmisores","status":"publish","type":"product","link":"https:\/\/marshallradio.com\/ww\/producto\/tapas-de-repuesto-para-transmisores\/?lang=es","title":{"rendered":"Tapas de repuesto para transmisores"},"content":{"rendered":"","protected":false},"excerpt":{"rendered":"<p>Aunque est\u00e1 dise\u00f1ado para durar para siempre, es posible que de vez en cuando necesite una tapa de reemplazo para su transmisor. Las tapas tambi\u00e9n pueden ser grabadas con l\u00e1ser a medida con PREMIOS o un n\u00famero de tel\u00e9fono por $ 10 adicionales.<\/p>\n<p>La Opci\u00f3n EZ Twist<\/p>\n<p>La forma m\u00e1s sencilla y r\u00e1pida de instalar un transmisor montado en la pata, o moverlo entre varias aves. Instalaci\u00f3n sencilla con una sola mano de su transmisor antes del vuelo, con unas pocas revoluciones, el transmisor est\u00e1 asegurado en su lugar en la pierna. La compra incluye el recept\u00e1culo. Disponible ahora para RT-GPS, as\u00ed como para todos los transmisores Marshall 1 \/ 3N alimentados por bater\u00eda, incluidos los modelos RT Standard, RT UHF y RT Plus (2005+)<\/p>\n<div class=\"read-more\"><a href=\"https:\/\/marshallradio.com\/ww\/producto\/tapas-de-repuesto-para-transmisores\/?lang=es\">Read more <span class=\"screen-reader-text\">Tapas de repuesto para transmisores<\/span><span class=\"meta-nav\"> &#8250;<\/span><\/a><\/div>\n<p><!-- end of .read-more --><\/p>\n","protected":false},"featured_media":42820,"template":"","meta":{"_acf_changed":false},"product_brand":[],"product_cat":[150],"product_tag":[],"class_list":{"0":"post-31056","1":"product","2":"type-product","3":"status-publish","4":"has-post-thumbnail","6":"product_cat-mundial-accesorios","8":"first","9":"instock","10":"taxable","11":"shipping-taxable","12":"purchasable","13":"product-type-variable"},"acf":[],"_links":{"self":[{"href":"https:\/\/marshallradio.com\/ww\/wp-json\/wp\/v2\/product\/31056","targetHints":{"allow":["GET"]}}],"collection":[{"href":"https:\/\/marshallradio.com\/ww\/wp-json\/wp\/v2\/product"}],"about":[{"href":"https:\/\/marshallradio.com\/ww\/wp-json\/wp\/v2\/types\/product"}],"wp:featuredmedia":[{"embeddable":true,"href":"https:\/\/marshallradio.com\/ww\/wp-json\/wp\/v2\/media\/42820"}],"wp:attachment":[{"href":"https:\/\/marshallradio.com\/ww\/wp-json\/wp\/v2\/media?parent=31056"}],"wp:term":[{"taxonomy":"product_brand","embeddable":true,"href":"https:\/\/marshallradio.com\/ww\/wp-json\/wp\/v2\/product_brand?post=31056"},{"taxonomy":"product_cat","embeddable":true,"href":"https:\/\/marshallradio.com\/ww\/wp-json\/wp\/v2\/product_cat?post=31056"},{"taxonomy":"product_tag","embeddable":true,"href":"https:\/\/marshallradio.com\/ww\/wp-json\/wp\/v2\/product_tag?post=31056"}],"curies":[{"name":"wp","href":"https:\/\/api.w.org\/{rel}","templated":true}]}}