
{"id":31110,"date":"2018-06-25T16:03:47","date_gmt":"2018-06-25T16:03:47","guid":{"rendered":"http:\/\/marshallradio.com\/ww\/product\/antena-de-repuesto\/"},"modified":"2024-07-31T17:13:50","modified_gmt":"2024-07-31T17:13:50","slug":"antena-de-repuesto","status":"publish","type":"product","link":"https:\/\/marshallradio.com\/ww\/producto\/antena-de-repuesto\/?lang=es","title":{"rendered":"Antena de repuesto"},"content":{"rendered":"<p>En el video a continuaci\u00f3n hay instrucciones para reemplazar una antena en transmisores con reducci\u00f3n de calor. Si su transmisor tiene un protector de antena, no necesitar\u00e1 aplicar una reducci\u00f3n de calor.<\/p>\n<p><iframe loading=\"lazy\" title=\"Replacing the antenna on a Transmitter\" src=\"https:\/\/player.vimeo.com\/video\/10494003?dnt=1&#038;app_id=122963\" width=\"640\" height=\"424\" frameborder=\"0\" allow=\"autoplay; fullscreen\" allowfullscreen><\/iframe><\/p>\n","protected":false},"excerpt":{"rendered":"<p>Una antena recta es importante para el proceso de producir una se\u00f1al fuerte. Si sus antenas est\u00e1n retorcidas, curvadas y enderezadas por \u00faltima vez, podr\u00eda considerar obtener una nueva para mantener el m\u00e1ximo rendimiento. Las antenas reemplazables en el campo se atornillan directamente al perno de la antena del transmisor.<\/p>\n<p>Disponible en calibre regular o grueso.<\/p>\n<p>Especifique en las notas para las antenas Pesado y \u00c1guila para qu\u00e9 transmisor est\u00e1 comprando.<\/p>\n<div class=\"read-more\"><a href=\"https:\/\/marshallradio.com\/ww\/producto\/antena-de-repuesto\/?lang=es\">Read more <span class=\"screen-reader-text\">Antena de repuesto<\/span><span class=\"meta-nav\"> &#8250;<\/span><\/a><\/div>\n<p><!-- end of .read-more --><\/p>\n","protected":false},"featured_media":35739,"template":"","meta":{"_acf_changed":false},"product_brand":[],"product_cat":[150],"product_tag":[],"class_list":{"0":"post-31110","1":"product","2":"type-product","3":"status-publish","4":"has-post-thumbnail","6":"product_cat-mundial-accesorios","8":"first","9":"instock","10":"taxable","11":"shipping-taxable","12":"purchasable","13":"product-type-variable"},"acf":[],"_links":{"self":[{"href":"https:\/\/marshallradio.com\/ww\/wp-json\/wp\/v2\/product\/31110","targetHints":{"allow":["GET"]}}],"collection":[{"href":"https:\/\/marshallradio.com\/ww\/wp-json\/wp\/v2\/product"}],"about":[{"href":"https:\/\/marshallradio.com\/ww\/wp-json\/wp\/v2\/types\/product"}],"wp:featuredmedia":[{"embeddable":true,"href":"https:\/\/marshallradio.com\/ww\/wp-json\/wp\/v2\/media\/35739"}],"wp:attachment":[{"href":"https:\/\/marshallradio.com\/ww\/wp-json\/wp\/v2\/media?parent=31110"}],"wp:term":[{"taxonomy":"product_brand","embeddable":true,"href":"https:\/\/marshallradio.com\/ww\/wp-json\/wp\/v2\/product_brand?post=31110"},{"taxonomy":"product_cat","embeddable":true,"href":"https:\/\/marshallradio.com\/ww\/wp-json\/wp\/v2\/product_cat?post=31110"},{"taxonomy":"product_tag","embeddable":true,"href":"https:\/\/marshallradio.com\/ww\/wp-json\/wp\/v2\/product_tag?post=31110"}],"curies":[{"name":"wp","href":"https:\/\/api.w.org\/{rel}","templated":true}]}}