
{"id":31125,"date":"2018-06-25T15:53:32","date_gmt":"2018-06-25T15:53:32","guid":{"rendered":"http:\/\/marshallradio.com\/ww\/product\/adaptador-de-encendedor-de-cigarrillos\/"},"modified":"2024-07-31T17:15:26","modified_gmt":"2024-07-31T17:15:26","slug":"adaptador-de-encendedor-de-cigarrillos","status":"publish","type":"product","link":"https:\/\/marshallradio.com\/ww\/producto\/adaptador-de-encendedor-de-cigarrillos\/?lang=es","title":{"rendered":"Adaptador de encendedor de cigarrillos"},"content":{"rendered":"","protected":false},"excerpt":{"rendered":"<p>Este peque\u00f1o accesorio se inserta en cualquier enchufe de autom\u00f3vil y ejecuta el receptor mientras pasa por alto (guarda) las bater\u00edas internas. Un elemento importante cuando se realizan persecuciones prolongadas en el autom\u00f3vil con el receptor conectado al OMNI.<\/p>\n<div class=\"read-more\"><a href=\"https:\/\/marshallradio.com\/ww\/producto\/adaptador-de-encendedor-de-cigarrillos\/?lang=es\">Read more <span class=\"screen-reader-text\">Adaptador de encendedor de cigarrillos<\/span><span class=\"meta-nav\"> &#8250;<\/span><\/a><\/div>\n<p><!-- end of .read-more --><\/p>\n","protected":false},"featured_media":42565,"template":"","meta":{"_acf_changed":false},"product_brand":[],"product_cat":[150],"product_tag":[],"class_list":{"0":"post-31125","1":"product","2":"type-product","3":"status-publish","4":"has-post-thumbnail","6":"product_cat-mundial-accesorios","8":"first","9":"instock","10":"taxable","11":"shipping-taxable","12":"purchasable","13":"product-type-simple"},"acf":[],"_links":{"self":[{"href":"https:\/\/marshallradio.com\/ww\/wp-json\/wp\/v2\/product\/31125","targetHints":{"allow":["GET"]}}],"collection":[{"href":"https:\/\/marshallradio.com\/ww\/wp-json\/wp\/v2\/product"}],"about":[{"href":"https:\/\/marshallradio.com\/ww\/wp-json\/wp\/v2\/types\/product"}],"wp:featuredmedia":[{"embeddable":true,"href":"https:\/\/marshallradio.com\/ww\/wp-json\/wp\/v2\/media\/42565"}],"wp:attachment":[{"href":"https:\/\/marshallradio.com\/ww\/wp-json\/wp\/v2\/media?parent=31125"}],"wp:term":[{"taxonomy":"product_brand","embeddable":true,"href":"https:\/\/marshallradio.com\/ww\/wp-json\/wp\/v2\/product_brand?post=31125"},{"taxonomy":"product_cat","embeddable":true,"href":"https:\/\/marshallradio.com\/ww\/wp-json\/wp\/v2\/product_cat?post=31125"},{"taxonomy":"product_tag","embeddable":true,"href":"https:\/\/marshallradio.com\/ww\/wp-json\/wp\/v2\/product_tag?post=31125"}],"curies":[{"name":"wp","href":"https:\/\/api.w.org\/{rel}","templated":true}]}}