
{"id":31129,"date":"2018-06-25T15:36:07","date_gmt":"2018-06-25T15:36:07","guid":{"rendered":"http:\/\/marshallradio.com\/ww\/product\/antena-direccional-omni-uhf\/"},"modified":"2022-04-04T21:44:36","modified_gmt":"2022-04-04T21:44:36","slug":"antena-direccional-omni-uhf","status":"publish","type":"product","link":"https:\/\/marshallradio.com\/ww\/producto\/antena-direccional-omni-uhf\/?lang=es","title":{"rendered":"Antena direccional omni UHF"},"content":{"rendered":"<p><iframe loading=\"lazy\" title=\"Omni and Yagi connections\" width=\"750\" height=\"422\" src=\"https:\/\/www.youtube.com\/embed\/_H2id2LEC9c?feature=oembed\" frameborder=\"0\" allow=\"accelerometer; autoplay; encrypted-media; gyroscope; picture-in-picture\" allowfullscreen><\/iframe><\/p>\n","protected":false},"excerpt":{"rendered":"<p> Los cetreros han usado OMNI durante muchos a\u00f1os para determinar la proximidad desde el interior de un autom\u00f3vil en movimiento mientras cubren un \u00e1rea que rastrea a sus aves. Este modelo es una versi\u00f3n de mayor calidad (un poco m\u00e1s de ganancia) del dise\u00f1o bien conocido. Viene con un cable coaxial de 10 pies y un conector SMB para usar con su receptor Field Marshall. <\/p>\n<p> &#038; nbsp; <\/p>\n<p> * Antena Omni mostrada en la parte superior del veh\u00edculo en la foto <\/p>\n<p>v<\/p>\n<div class=\"read-more\"><a href=\"https:\/\/marshallradio.com\/ww\/producto\/antena-direccional-omni-uhf\/?lang=es\">Read more <span class=\"screen-reader-text\">Antena direccional omni UHF<\/span><span class=\"meta-nav\"> &#8250;<\/span><\/a><\/div>\n<p><!-- end of .read-more --><\/p>\n","protected":false},"featured_media":42273,"template":"","meta":{"_acf_changed":false},"product_brand":[],"product_cat":[150,180],"product_tag":[],"class_list":{"0":"post-31129","1":"product","2":"type-product","3":"status-publish","4":"has-post-thumbnail","6":"product_cat-mundial-accesorios","7":"product_cat-sistema-gps","9":"first","10":"instock","11":"taxable","12":"shipping-taxable","13":"purchasable","14":"product-type-simple"},"acf":[],"_links":{"self":[{"href":"https:\/\/marshallradio.com\/ww\/wp-json\/wp\/v2\/product\/31129","targetHints":{"allow":["GET"]}}],"collection":[{"href":"https:\/\/marshallradio.com\/ww\/wp-json\/wp\/v2\/product"}],"about":[{"href":"https:\/\/marshallradio.com\/ww\/wp-json\/wp\/v2\/types\/product"}],"wp:featuredmedia":[{"embeddable":true,"href":"https:\/\/marshallradio.com\/ww\/wp-json\/wp\/v2\/media\/42273"}],"wp:attachment":[{"href":"https:\/\/marshallradio.com\/ww\/wp-json\/wp\/v2\/media?parent=31129"}],"wp:term":[{"taxonomy":"product_brand","embeddable":true,"href":"https:\/\/marshallradio.com\/ww\/wp-json\/wp\/v2\/product_brand?post=31129"},{"taxonomy":"product_cat","embeddable":true,"href":"https:\/\/marshallradio.com\/ww\/wp-json\/wp\/v2\/product_cat?post=31129"},{"taxonomy":"product_tag","embeddable":true,"href":"https:\/\/marshallradio.com\/ww\/wp-json\/wp\/v2\/product_tag?post=31129"}],"curies":[{"name":"wp","href":"https:\/\/api.w.org\/{rel}","templated":true}]}}