
{"id":31158,"date":"2018-06-20T18:21:18","date_gmt":"2018-06-20T18:21:18","guid":{"rendered":"http:\/\/marshallradio.com\/ww\/product\/sistema-de-montaje-trackpack\/"},"modified":"2024-03-18T20:06:14","modified_gmt":"2024-03-18T20:06:14","slug":"sistema-de-montaje-trackpack","status":"publish","type":"product","link":"https:\/\/marshallradio.com\/ww\/producto\/sistema-de-montaje-trackpack\/?lang=es","title":{"rendered":"Sistema de montaje TrackPack"},"content":{"rendered":"<p><strong>El m\u00e9todo de montaje en mochila ha sido utilizado de varias maneras por los bi\u00f3logos de investigaci\u00f3n durante muchos a\u00f1os, con algunos mejores que otros.<\/strong> Mark Williams de Alberta Canad\u00e1 refin\u00f3 el mejor dise\u00f1o b\u00e1sico y demostr\u00f3 su viabilidad para la cetrer\u00eda. Este enfoque en forma de ocho se simplific\u00f3 a\u00fan m\u00e1s y se puso en producci\u00f3n por Marshall Radio como el &#8220;Sistema de montaje TrackPack&#8221; para agregar un cuarto m\u00e9todo de montaje para elegir. En solo siete a\u00f1os se ha convertido en una opci\u00f3n de montaje ampliamente utilizada por los cetreros de todo el mundo. El TrackPack es el &#8216;kit listo para usar&#8217; para el m\u00e9todo de montaje de mochila. Comenzando con una placa de montaje suavemente curvada y fabricada con pl\u00e1stico Delrin protegido contra los rayos UV, agregamos 36 pulgadas de cinta tubular de tefl\u00f3n de peque\u00f1o ancho y un peque\u00f1o anillo de engarce de lat\u00f3n producido solo para este prop\u00f3sito, que est\u00e1 roscado internamente para obtener una mordida m\u00e1xima en la cinta al realizar el ajuste final .<\/p>\n<p>Vea los videos a continuaci\u00f3n para obtener instrucciones sobre c\u00f3mo instalar su trackpack<br \/>\n<a href=\"https:\/\/vimeo.com\/384648120\">Nuevo m\u00e9todo para instalar un Trackpack (espa\u00f1ol)<\/a><\/p>\n<p><a href=\"https:\/\/vimeo.com\/97752481\">C\u00f3mo instalar un TrackPack (espa\u00f1ol)\u00a0<\/a><\/p>\n<p><a href=\"https:\/\/vimeo.com\/235812712\">TrackPack en una paloma (espa\u00f1ol)\u00a0<\/a><\/p>\n<p>&nbsp;<\/p>\n<p>Caracter\u00edsticas clave<br \/>\n<strong>Solamente la cinta de tefl\u00f3n tubular utilizada<\/strong><\/p>\n<p>El material utilizado para el arn\u00e9s real es cr\u00edtico para la seguridad de la idea. La cinta tubular no tiene bordes para cortar o lesionar, y es inherentemente resbaladiza y suave. Este es el mismo material que ha sido seleccionado y utilizado durante muchos a\u00f1os por el Fondo Peregrino aqu\u00ed en los Estados Unidos y en todo el mundo para el uso de arneses en sus estudios de migraci\u00f3n.<\/p>\n<p><strong>Placa de montaje Delrin lisa y resbaladiza<\/strong><\/p>\n<p>Originalmente utilizamos una almohadilla de cuero simple con una pieza de aluminio de cola montada en ella para la placa de montaje. Lo que se aprendi\u00f3 es que el cuero, con el tiempo, desarrollar\u00eda una figura en forma de ocho mientras los lados se curvaban a trav\u00e9s de la presi\u00f3n entre los hombros durante los movimientos del ala ascendente.<\/p>\n<p>Reemplazamos el cuero con una pieza de forma similar de Delrin mecanizado cuyo ancho era estrecho y cuya longitud era suficiente para sujetar el resorte de cola y protegerlo de la parte inferior del transmisor. Delrin es un pl\u00e1stico mecanizable de alta resistencia y no actuar\u00e1 como termorretr\u00e1ctil ni causar\u00e1 irritaci\u00f3n en relaci\u00f3n con la temperatura.<\/p>\n<p>Todos los bordes son redondeados y suaves, y la forma general est\u00e1 suavemente curvada para adaptarse mejor a la forma de la espalda. Usamos un Delrin caro resistente a los rayos UV que est\u00e1 clasificado durante 20 a\u00f1os a la luz solar directa sin volverse quebradizo o quebradizo. Por lo tanto, es posible que sus hijos hereden sus placas de montaje usadas.<\/p>\n<p><strong>Longitud extra de la cinta para el tama\u00f1o y ajuste adicional<\/strong><\/p>\n<p>Comenzando con una longitud de 36 pulgadas, o 18 pulgadas por lado, permite suficiente espacio adicional en la mayor\u00eda de los Halcones y Halcones para tener alrededor de 5-7 pulgadas adicionales para usar en la manipulaci\u00f3n, decisiones de tama\u00f1o y manejo general.<\/p>\n<p><strong>Aro de engarce interno de lat\u00f3n con rosca interna<\/strong><\/p>\n<p>Tomamos tubos de lat\u00f3n y golpeamos un hilo para proporcionar una mejor mordida cuando est\u00e1 engarzado. Se ha probado, al colgar un balde con pesas, a aproximadamente 25 libras de fuerza de sujeci\u00f3n.<\/p>\n<p><strong>Tres tama\u00f1os<\/strong><\/p>\n<p>El TrackPack de tama\u00f1o Micro utiliza la cinta m\u00e1s peque\u00f1a y estrecha, y solo admite un resorte de tama\u00f1o Micro.<\/p>\n<p>El TrackPack de tama\u00f1o normal se adaptar\u00e1 a todos los transmisores, incluido el Micro, aunque no ser\u00e1 tan c\u00f3modo.<\/p>\n<p>El TrackPack de tama\u00f1o XL o \u00c1guila utiliza la cinta de 1\/4 de pulgada y una placa de montaje m\u00e1s larga ayuda a colocar la cinta m\u00e1s abajo en el torso. Esto tambi\u00e9n puede ser usado para Buteos grandes.<\/p>\n","protected":false},"excerpt":{"rendered":"<p>&nbsp;<\/p>\n<ul>\n<li><strong>Micro TrackPack:<\/strong> rapaces de tama\u00f1o peque\u00f1o (Merlin, Kestrel) utilizadas con micro transmisor<\/li>\n<li><strong>TrackPack regular &#8211;<\/strong> Rapaces de tama\u00f1o mediano a grande (Peregrine, Harris, Goshawks, Redtails)<\/li>\n<li><strong>TrackPack extragrande &#8211;<\/strong> Rapaces de tama\u00f1o extragrande (\u00e1guilas)<\/li>\n<\/ul>\n<div class=\"read-more\"><a href=\"https:\/\/marshallradio.com\/ww\/producto\/sistema-de-montaje-trackpack\/?lang=es\">Read more <span class=\"screen-reader-text\">Sistema de montaje TrackPack<\/span><span class=\"meta-nav\"> &#8250;<\/span><\/a><\/div>\n<p><!-- end of .read-more --><\/p>\n","protected":false},"featured_media":54086,"template":"","meta":{"_acf_changed":false},"product_brand":[],"product_cat":[150],"product_tag":[],"class_list":{"0":"post-31158","1":"product","2":"type-product","3":"status-publish","4":"has-post-thumbnail","6":"product_cat-mundial-accesorios","8":"first","9":"instock","10":"taxable","11":"shipping-taxable","12":"purchasable","13":"product-type-variable"},"acf":[],"_links":{"self":[{"href":"https:\/\/marshallradio.com\/ww\/wp-json\/wp\/v2\/product\/31158","targetHints":{"allow":["GET"]}}],"collection":[{"href":"https:\/\/marshallradio.com\/ww\/wp-json\/wp\/v2\/product"}],"about":[{"href":"https:\/\/marshallradio.com\/ww\/wp-json\/wp\/v2\/types\/product"}],"wp:featuredmedia":[{"embeddable":true,"href":"https:\/\/marshallradio.com\/ww\/wp-json\/wp\/v2\/media\/54086"}],"wp:attachment":[{"href":"https:\/\/marshallradio.com\/ww\/wp-json\/wp\/v2\/media?parent=31158"}],"wp:term":[{"taxonomy":"product_brand","embeddable":true,"href":"https:\/\/marshallradio.com\/ww\/wp-json\/wp\/v2\/product_brand?post=31158"},{"taxonomy":"product_cat","embeddable":true,"href":"https:\/\/marshallradio.com\/ww\/wp-json\/wp\/v2\/product_cat?post=31158"},{"taxonomy":"product_tag","embeddable":true,"href":"https:\/\/marshallradio.com\/ww\/wp-json\/wp\/v2\/product_tag?post=31158"}],"curies":[{"name":"wp","href":"https:\/\/api.w.org\/{rel}","templated":true}]}}