
{"id":31175,"date":"2018-06-20T17:18:12","date_gmt":"2018-06-20T17:18:12","guid":{"rendered":"http:\/\/marshallradio.com\/ww\/product\/kit-de-instalacion-marshall-de-pieza-de-cola\/"},"modified":"2023-02-27T21:30:21","modified_gmt":"2023-02-27T21:30:21","slug":"kit-de-instalacion-marshall-de-pieza-de-cola","status":"publish","type":"product","link":"https:\/\/marshallradio.com\/ww\/producto\/kit-de-instalacion-marshall-de-pieza-de-cola\/?lang=es","title":{"rendered":"Kit de instalaci\u00f3n Marshall de pieza de cola"},"content":{"rendered":"<p>Instalaci\u00f3n<\/p>\n<p>Primero, determina qu\u00e9 Pluma de Cubierta ser\u00e1 la superior. A menudo, usted piensa que esto es obvio y luego, despu\u00e9s del procedimiento, cambia. Con cuidado, coloque las coberteras hacia un lado para revelar la pluma de la cubierta y su \u00e1rea objetivo. Esto requiere un poco de pr\u00e1ctica para no contradecir a tu ave con esta nueva sensaci\u00f3n, jugueteando con los ejes de plumas en lo alto, mientras est\u00e1 echada e indefensa. Notar\u00e1 el tama\u00f1o de la pluma por encima de donde comienza la cinta, pero se reduce r\u00e1pidamente a medida que desciende. Por lo general, hay alrededor de 1\/2 pulgada hacia arriba o hacia abajo que es un lugar aceptable para elegir. Cuanto m\u00e1s bajo, m\u00e1s f\u00e1cil te resulta encontrar el &#8220;objetivo&#8221;. Cuanto m\u00e1s alto, m\u00e1s seguro estar\u00e1 el transmisor arriba y lejos, aunque tenga cuidado de no acercarse a la piel (\u00e1rea del fol\u00edculo) en absoluto, ya que habr\u00e1 resortes de cola de un transmisor que atraviesa la pieza de cola en esta direcci\u00f3n. S\u00e9 muy, muy conservador en esta direcci\u00f3n. Los resortes de los transmisores Marshall tienen una inclinaci\u00f3n pre-curvada, lateralmente, de modo que siguen la curva de la pluma en esta zona superior y, por lo tanto, se apoyan contra la pluma cuando est\u00e1n montados.<\/p>\n<p>Si es un instalador por primera vez, es posible que desee practicar con una pluma de cubierta fundida con una pieza de cola adicional. Mire detenidamente en qu\u00e9 direcci\u00f3n se encuentra: las ranuras de la pieza de cola est\u00e1n dise\u00f1adas para acunar los resortes de la cola del transmisor, por lo que deben estar orientados hacia adelante.<\/p>\n<p>Vuelva a colocar la pieza de cola en la herramienta, c\u00e9ntrela y luego b\u00e1jela sobre la pluma de la cola con la herramienta en lugar de la mano.<\/p>\n<p>Verifique que su herramienta se mantenga vertical respecto a la pluma plana (un \u00e1ngulo de 90 grados). La herramienta cerrada es de forma el\u00edptica (no circular), dise\u00f1ada para coincidir con las dimensiones de la pluma y debe haber un cierto enderezamiento al comenzar a rizar. Con el punto seleccionado y la herramienta en posici\u00f3n vertical, apri\u00e9telo suavemente hasta que sienta que un lado colapsa, luego el otro, pero no todo el camino. En esta etapa, est\u00e1 ajustado pero no apretado y a\u00fan se puede ajustar si est\u00e1 fuera del centro o demasiado bajo \/ demasiado alto.<\/p>\n<p>Realice los \u00faltimos ajustes y luego aplique la herramienta una vez m\u00e1s para el engarce final. No se preocupe por aplastar la pluma porque la herramienta se detiene mucho antes de ese punto, asumiendo que tiene el tama\u00f1o correcto para el p\u00e1jaro correcto.<\/p>\n<p>Ahora puede practicar la inserci\u00f3n de los resortes traseros del transmisor en el repuesto montado y pract\u00edquela nuevamente, tomando nota de c\u00f3mo funciona y c\u00f3mo se debe sentir cuando los resortes est\u00e1n en su lugar, hacia abajo en las ranuras. Apriete los resortes juntos y mueva el transmisor hacia adelante para que los peque\u00f1os ganchos salgan de la pieza de cola y se crucen entre s\u00ed para quitarlos.<\/p>\n<p>Si va a agregar una peque\u00f1a gota de epoxi a la pieza de cola, t\u00e9ngala mezclada y lista. Use un palillo para aplicarlo en el interior de la pieza de cola y minimice el riesgo de que quede algo en las plumas. La mayor\u00eda de las personas hoy en d\u00eda no usan epoxi, ya que hay peque\u00f1as crestas mecanizadas en el interior de la pieza de cola que efectivamente &#8220;muerden&#8221; la pluma y la sostienen firmemente una vez que se ha engarzado.<\/p>\n<p>Es \u00fatil cargar previamente la herramienta con la nueva pieza de cola, teniendo cuidado de observar en qu\u00e9 direcci\u00f3n est\u00e1n las ranuras (hacia la cabeza del ave, no hacia la cola) y tenerla lista para recogerla con un simple movimiento.<\/p>\n<p>&nbsp;<\/p>\n","protected":false},"excerpt":{"rendered":"<p>El kit incluye una herramienta de instalaci\u00f3n y una pieza de pluma de cola.<\/p>\n<ul>\n<strong>Micro-peque\u00f1o:<\/strong>Rapaces de tama\u00f1o peque\u00f1o (el tama\u00f1o original de Merlins, Spars, Aplomados) utilizados con Micro transmisor.<br \/>\n<strong>Micro-medio:<\/strong> Rapaces de tama\u00f1o mediano (Peregrine, Harris \u2019, Azores machos) donde se va a utilizar un Micro. Mediano en la parte inferior, con tama\u00f1o Micro en la parte superior.<br \/>\n<strong>Medio:<\/strong> Gyrkin, Peregrine, Harris \u2019, Azores machos<br \/>\n<strong>Grande:<\/strong> Gos hembra, gerifalte hembra<br \/>\n<strong>Extra Grande:<\/strong> Rapaces de tama\u00f1o extra grande (\u00e1guilas)\n<\/ul>\n<div class=\"read-more\"><a href=\"https:\/\/marshallradio.com\/ww\/producto\/kit-de-instalacion-marshall-de-pieza-de-cola\/?lang=es\">Read more <span class=\"screen-reader-text\">Kit de instalaci\u00f3n Marshall de pieza de cola<\/span><span class=\"meta-nav\"> &#8250;<\/span><\/a><\/div>\n<p><!-- end of .read-more --><\/p>\n","protected":false},"featured_media":51641,"template":"","meta":{"_acf_changed":false},"product_brand":[],"product_cat":[150],"product_tag":[],"class_list":{"0":"post-31175","1":"product","2":"type-product","3":"status-publish","4":"has-post-thumbnail","6":"product_cat-mundial-accesorios","8":"first","9":"instock","10":"taxable","11":"shipping-taxable","12":"purchasable","13":"product-type-variable"},"acf":[],"_links":{"self":[{"href":"https:\/\/marshallradio.com\/ww\/wp-json\/wp\/v2\/product\/31175","targetHints":{"allow":["GET"]}}],"collection":[{"href":"https:\/\/marshallradio.com\/ww\/wp-json\/wp\/v2\/product"}],"about":[{"href":"https:\/\/marshallradio.com\/ww\/wp-json\/wp\/v2\/types\/product"}],"wp:featuredmedia":[{"embeddable":true,"href":"https:\/\/marshallradio.com\/ww\/wp-json\/wp\/v2\/media\/51641"}],"wp:attachment":[{"href":"https:\/\/marshallradio.com\/ww\/wp-json\/wp\/v2\/media?parent=31175"}],"wp:term":[{"taxonomy":"product_brand","embeddable":true,"href":"https:\/\/marshallradio.com\/ww\/wp-json\/wp\/v2\/product_brand?post=31175"},{"taxonomy":"product_cat","embeddable":true,"href":"https:\/\/marshallradio.com\/ww\/wp-json\/wp\/v2\/product_cat?post=31175"},{"taxonomy":"product_tag","embeddable":true,"href":"https:\/\/marshallradio.com\/ww\/wp-json\/wp\/v2\/product_tag?post=31175"}],"curies":[{"name":"wp","href":"https:\/\/api.w.org\/{rel}","templated":true}]}}