
{"id":31197,"date":"2018-06-20T17:02:06","date_gmt":"2018-06-20T17:02:06","guid":{"rendered":"http:\/\/marshallradio.com\/ww\/product\/piezas-de-plumas-de-cola-de-aluminio-marshall\/"},"modified":"2023-03-14T16:36:22","modified_gmt":"2023-03-14T16:36:22","slug":"piezas-de-plumas-de-cola-de-aluminio-marshall","status":"publish","type":"product","link":"https:\/\/marshallradio.com\/ww\/producto\/piezas-de-plumas-de-cola-de-aluminio-marshall\/?lang=es","title":{"rendered":"Piezas de plumas de cola de aluminio Marshall"},"content":{"rendered":"<p>Estas son las piezas de repuesto de nueva generaci\u00f3n, ultraligeras, sin soldadura, de montaje en la cola que ahora utilizan muchos cetreros en todo el mundo. Mecanizados internamente aqu\u00ed en Marshall Radio a partir de una aleaci\u00f3n especial de aluminio para aviones, luego giraron para obtener una superficie lisa y anodizados para obtener color y protecci\u00f3n, son 1\/3 del peso del predecesor de lat\u00f3n soldado.<br \/>\nSi planea usar un montaje de cola en esta temporada, estas piezas peque\u00f1as y ligeras mecanizadas son la respuesta para la exactitud y la calidad. Y, utilizando la herramienta de instalaci\u00f3n original de Marshall, la instalaci\u00f3n es r\u00e1pida y f\u00e1cil<\/p>\n<p>&nbsp;<\/p>\n","protected":false},"excerpt":{"rendered":"<ul>\n<li><strong>Micro-peque\u00f1o:<\/strong>Rapaces de tama\u00f1o peque\u00f1o (el tama\u00f1o original de Merlins, Spars, Aplomados) utilizados con Micro transmisor.<\/li>\n<li><strong>Micro-medio:\u00a0<\/strong>Rapaces de tama\u00f1o mediano (Peregrine, Harris &#8216;, Azores machos) donde se va a utilizar un Micro. Mediano en la parte inferior, con tama\u00f1o Micro en la parte superior.<\/li>\n<li><strong>Micro-grande:\u00a0<\/strong>Rapaces de gran tama\u00f1o (hembras Gyrs, Redtails, Goshawks) donde se va a utilizar un Micro. Grande en la parte inferior, con tama\u00f1o Micro en la parte superior.<\/li>\n<li><strong>Medio<\/strong>: Gyrkin, Peregrine, Harris &#8216;, Azores macho<\/li>\n<li><strong>Grande<\/strong>: Gos hembra, gerifalte hembra<\/li>\n<li><strong>Extra<\/strong>\u00a0<strong>Grande<\/strong>: Rapaces de tama\u00f1o extra grande (\u00e1guilas)<\/li>\n<\/ul>\n<p>&nbsp;<\/p>\n<div class=\"read-more\"><a href=\"https:\/\/marshallradio.com\/ww\/producto\/piezas-de-plumas-de-cola-de-aluminio-marshall\/?lang=es\">Read more <span class=\"screen-reader-text\">Piezas de plumas de cola de aluminio Marshall<\/span><span class=\"meta-nav\"> &#8250;<\/span><\/a><\/div>\n<p><!-- end of .read-more --><\/p>\n","protected":false},"featured_media":29468,"template":"","meta":{"_acf_changed":false},"product_brand":[],"product_cat":[150],"product_tag":[],"class_list":{"0":"post-31197","1":"product","2":"type-product","3":"status-publish","4":"has-post-thumbnail","6":"product_cat-mundial-accesorios","8":"first","9":"instock","10":"taxable","11":"shipping-taxable","12":"purchasable","13":"product-type-variable"},"acf":[],"_links":{"self":[{"href":"https:\/\/marshallradio.com\/ww\/wp-json\/wp\/v2\/product\/31197","targetHints":{"allow":["GET"]}}],"collection":[{"href":"https:\/\/marshallradio.com\/ww\/wp-json\/wp\/v2\/product"}],"about":[{"href":"https:\/\/marshallradio.com\/ww\/wp-json\/wp\/v2\/types\/product"}],"wp:featuredmedia":[{"embeddable":true,"href":"https:\/\/marshallradio.com\/ww\/wp-json\/wp\/v2\/media\/29468"}],"wp:attachment":[{"href":"https:\/\/marshallradio.com\/ww\/wp-json\/wp\/v2\/media?parent=31197"}],"wp:term":[{"taxonomy":"product_brand","embeddable":true,"href":"https:\/\/marshallradio.com\/ww\/wp-json\/wp\/v2\/product_brand?post=31197"},{"taxonomy":"product_cat","embeddable":true,"href":"https:\/\/marshallradio.com\/ww\/wp-json\/wp\/v2\/product_cat?post=31197"},{"taxonomy":"product_tag","embeddable":true,"href":"https:\/\/marshallradio.com\/ww\/wp-json\/wp\/v2\/product_tag?post=31197"}],"curies":[{"name":"wp","href":"https:\/\/api.w.org\/{rel}","templated":true}]}}