
{"id":31227,"date":"2018-06-20T15:44:57","date_gmt":"2018-06-20T15:44:57","guid":{"rendered":"http:\/\/marshallradio.com\/ww\/product\/powerpoint-y-powermax-tracking-collar\/"},"modified":"2022-12-15T23:16:06","modified_gmt":"2022-12-15T23:16:06","slug":"powerpoint-y-powermax-tracking-collar","status":"publish","type":"product","link":"https:\/\/marshallradio.com\/ww\/producto\/powerpoint-y-powermax-tracking-collar\/?lang=es","title":{"rendered":"PowerPoint y PowerMax Tracking Collar"},"content":{"rendered":"<p>Uso previsto<\/p>\n<p>SABER LO QUE EST\u00c1 HACIENDO EL PERRO EN TODO MOMENTO<\/p>\n<p>Ya sea que se trate de un perro joven entusiasta que corre directamente hacia las colinas y se ha ido, o un accidente con un gran canal o una mina abierta en el oeste, tendr\u00e1 tranquilidad al menos al saber que ahora tiene el rastreo de mayor alcance. Collar disponible en \u00e9l para hacer una recuperaci\u00f3n.<\/p>\n<p>El dise\u00f1o de caso m\u00e1s dif\u00edcil<br \/>\nEl caso de PowerPoint y PowerMax no es de pl\u00e1stico, sino que est\u00e1 fabricado a partir de una aleaci\u00f3n de aluminio para aviones muy resistente. Es de construcci\u00f3n de una sola pieza &#8220;unibody&#8221;. Este collar se usa d\u00eda tras d\u00eda por entrenadores profesionales y evaluadores de campo en todo Estados Unidos que requieren que sea a prueba de bombas e impermeable.<\/p>\n<p>UTILIZA BATER\u00cdAS AA<\/p>\n<p>En lugar de requerir bater\u00edas especializadas y costosas, este collar de seguimiento est\u00e1 dise\u00f1ado para usar dos bater\u00edas AA comunes y f\u00e1ciles de encontrar, de las cuales la carcasa adquiere su forma y tama\u00f1o. Las bater\u00edas alcalinas est\u00e1n bien, pero las versiones de litio son a\u00fan mejores. Son muy ligeros y funcionan mejor en temperaturas muy fr\u00edas. Nunca dejar\u00e1 que el Collar se apague accidentalmente en el campo debido a que las bater\u00edas se agotan (sin carga), ya que cuando a\u00fan queden cinco d\u00edas de funcionamiento, escuchar\u00e1 un doble pitido en su receptor.<\/p>\n<p>El tama\u00f1o m\u00e1s peque\u00f1o<\/p>\n<p>El estuche para collares se ha reducido al tama\u00f1o m\u00e1s peque\u00f1o posible que a\u00fan puede acomodar dos bater\u00edas AA. Esto significa que tambi\u00e9n es muy ligero como un collar de seguimiento dise\u00f1ado para perros.<\/p>\n<p>Tiene un dise\u00f1o de perfil bajo, que abraza el cuello, que no atrapa ni impacta los objetos encontrados por el perro que corre en el campo.<\/p>\n<p>LUCES DE SEGURIDAD<\/p>\n<p>\u00a1Tres luces LED s\u00faper brillantes en el collar ayudan a ver a su perro en una carretera por la noche, hasta 3\/4 de milla de distancia! Estas luces brillantes se pueden encender o apagar con el toque de un im\u00e1n para que pueda apagarlas durante una B\u00fasqueda de Competici\u00f3n o si va a terminar de rastrear mucho antes de que se ponga el sol.<\/p>\n<p>DISE\u00d1O EXTRA\u00cdBLE<\/p>\n<p>La carcasa est\u00e1 unida al collar mediante cuatro peque\u00f1os tornillos. Esto significa que el collar se puede cambiar a otro collar si es necesario. Un ejemplo de esto es la cantidad de cetreros que colocan el PowerPoint en su Collar de entrenamiento para hacer un &#8220;Collar Combo&#8221; que ahorra espacio en el cuello del perro y les permite usar ambos dispositivos en uno.<\/p>\n<p>ANTENA REEMPLAZABLE DEL USUARIO<\/p>\n<p>Si la antena se desgasta o necesita ser reemplazada, este dise\u00f1o no requiere que env\u00ede el collar\u00edn para que se instale la nueva antena. Siguiendo instrucciones simples, la nueva antena se puede instalar en solo unos minutos.<\/p>\n<p>El rango mas largo<\/p>\n<p>Los ingenieros de Marshall descubrieron una forma \u00fanica de aumentar la potencia de este collar de seguimiento sin necesidad de correr a voltajes m\u00e1s altos (7v). Sin embargo, en innumerables comparaciones de pruebas de campo, el PowerPoint llega m\u00e1s lejos que cualquier otro collar de rastreo de perros en el mercado.<\/p>\n<p>&nbsp;<\/p>\n","protected":false},"excerpt":{"rendered":"<p>El Collar de PowerPoint es un collar de seguimiento de telemetr\u00eda de largo alcance con un interruptor de actividad que le permite saber cu\u00e1ndo el perro est\u00e1 en punto o corriendo.<\/p>\n<p>El collar PowerMax le permite saber cu\u00e1ndo su perro ha caminado o est\u00e1 corriendo.<\/p>\n<p>Los collares est\u00e1n dise\u00f1ados y producidos por Marshall Radio para que sean lo m\u00e1s peque\u00f1os y livianos posible, pero a la vez resistentes y confiables.<\/p>\n<p>Frecuencias disponibles: 216, 217<br \/>\nColores de cuello disponibles: naranja, verde, azul.<\/p>\n<p>En Checkout ponga en las notas el collar de color que le gustar\u00eda recibir.<\/p>\n<div class=\"read-more\"><a href=\"https:\/\/marshallradio.com\/ww\/producto\/powerpoint-y-powermax-tracking-collar\/?lang=es\">Read more <span class=\"screen-reader-text\">PowerPoint y PowerMax Tracking Collar<\/span><span class=\"meta-nav\"> &#8250;<\/span><\/a><\/div>\n<p><!-- end of .read-more --><\/p>\n","protected":false},"featured_media":42443,"template":"","meta":{"_acf_changed":false},"product_brand":[],"product_cat":[178],"product_tag":[],"class_list":{"0":"post-31227","1":"product","2":"type-product","3":"status-publish","4":"has-post-thumbnail","6":"product_cat-perros-deportivos","8":"first","9":"instock","10":"taxable","11":"shipping-taxable","12":"purchasable","13":"product-type-variable"},"acf":[],"_links":{"self":[{"href":"https:\/\/marshallradio.com\/ww\/wp-json\/wp\/v2\/product\/31227","targetHints":{"allow":["GET"]}}],"collection":[{"href":"https:\/\/marshallradio.com\/ww\/wp-json\/wp\/v2\/product"}],"about":[{"href":"https:\/\/marshallradio.com\/ww\/wp-json\/wp\/v2\/types\/product"}],"wp:featuredmedia":[{"embeddable":true,"href":"https:\/\/marshallradio.com\/ww\/wp-json\/wp\/v2\/media\/42443"}],"wp:attachment":[{"href":"https:\/\/marshallradio.com\/ww\/wp-json\/wp\/v2\/media?parent=31227"}],"wp:term":[{"taxonomy":"product_brand","embeddable":true,"href":"https:\/\/marshallradio.com\/ww\/wp-json\/wp\/v2\/product_brand?post=31227"},{"taxonomy":"product_cat","embeddable":true,"href":"https:\/\/marshallradio.com\/ww\/wp-json\/wp\/v2\/product_cat?post=31227"},{"taxonomy":"product_tag","embeddable":true,"href":"https:\/\/marshallradio.com\/ww\/wp-json\/wp\/v2\/product_tag?post=31227"}],"curies":[{"name":"wp","href":"https:\/\/api.w.org\/{rel}","templated":true}]}}