
{"id":31495,"date":"2019-06-14T16:53:29","date_gmt":"2019-07-09T20:51:34","guid":{"rendered":"http:\/\/marshallradio.com\/ww\/product\/rt-turbo-transmisor\/"},"modified":"2022-07-28T15:54:46","modified_gmt":"2022-07-28T15:54:46","slug":"rt-turbo-transmitter","status":"publish","type":"product","link":"https:\/\/marshallradio.com\/ww\/producto\/rt-turbo-transmitter\/?lang=es","title":{"rendered":"RT Turbo transmisor"},"content":{"rendered":"<p>&nbsp;<\/p>\n<p><strong>LA MAYOR GAMA POSIBLE<\/strong><br \/>\nEl Turbo ofrece la mayor variedad de transmisores de cetrer\u00eda en cualquier parte del mundo.<\/p>\n<p>Utilizando lo \u00faltimo en semiconductores de uni\u00f3n de arseniuro de galio combinados con transistores de heterouni\u00f3n Schottky y amplificadores de alta linealidad para crear un nuevo <strong>Modo Turbo.<\/strong><\/p>\n<p><strong>PREMIUM PACKAGING, MEJOR DISE\u00d1O DE CASO<\/strong><br \/>\nCuando maneje e inspeccione de cerca el transmisor Turbo, ver\u00e1 el nuevo dise\u00f1o de la carcasa y el color negro n\u00edquel, e inmediatamente se dar\u00e1 cuenta de que es muy diferente de cualquier otro transmisor disponible. Los estuches se mecanizan con precisi\u00f3n para tolerancias muy ajustadas y las roscas son siempre exactas, consistentes y suaves. Las bater\u00edas encajan c\u00f3modamente y se aseguran sin ruido. El metalizado y el coloreado son de alta calidad, por lo que las diferencias siempre se pueden ver y sentir.<\/p>\n<p><strong>DURACI\u00d3N DE LA BATER\u00cdA<\/strong><br \/>\nCon una bater\u00eda nueva, el Turbo funciona en modo Turbo durante 16 horas y luego otros 4,5 d\u00edas a una potencia est\u00e1ndar (5 d\u00edas de tiempo de funcionamiento total).<\/p>\n<p><strong>MUY SENCILLO DISE\u00d1O DE MONTAJE DE COLA. TAMBI\u00c9N DISPONIBLE EN LEG MOUNT.<\/strong><br \/>\nCada uno de los resortes de la cola se dobla uniformemente a tolerancias exactas y luego se tratan t\u00e9rmicamente para obtener la m\u00e1xima resistencia. Est\u00e1n dise\u00f1ados para coincidir exactamente con las piezas de la cola Marshall, asegur\u00e1ndolas en el halc\u00f3n y, al mismo tiempo, brindan el espacio necesario para que el halconero retire r\u00e1pidamente el transmisor con una acci\u00f3n suave y simple. Adem\u00e1s, el Turbo tambi\u00e9n funciona perfectamente en el Track Pack.<\/p>\n<p><strong>GARANT\u00cdA<\/strong><br \/>\nTodos los transmisores vienen con una Garant\u00eda de Satisfacci\u00f3n de 30 d\u00edas, y el Turbo caries tiene una Garant\u00eda de 5 a\u00f1os completa. Si el transmisor le falla por alguna raz\u00f3n, simplemente env\u00edenoslo directamente a nosotros oa un Distribuidor autorizado en su pa\u00eds y lo repararemos o reemplazaremos. Marshall Radio se ha ganado la reputaci\u00f3n de respaldar todos sus productos y mantener contentos a los Clientes.<\/p>\n","protected":false},"excerpt":{"rendered":"<p>&nbsp;<\/p>\n<p style=\"text-align: left;\">El RT Turbo es el transmisor de cetrer\u00eda m\u00e1s potente y avanzado jam\u00e1s realizado. En el modo Turbo<strong>,<\/strong> da una se\u00f1al con m\u00e1s de cuatro veces la potencia y utiliza la misma bater\u00eda de litio de 3 voltios 1 \/ 3N, lo que proporciona el doble del alcance del PowerMax. Basado en la \u00faltima tecnolog\u00eda y los mejores materiales, el Turbo es el transmisor m\u00e1s confiable jam\u00e1s hecho por Marshall Radio. \u00a1Nada ofrece mayor protecci\u00f3n para los halcones de largo alcance!<\/p>\n<p style=\"text-align: left;\">Frecuencias disponibles: 216, 218, 219 MHz<\/p>\n<p><strong>Los transmisores de telemetr\u00eda RT y RT Turbo son compatibles con nuestras bater\u00edas recargables.<\/strong><\/p>\n<p>Para agregar esta opci\u00f3n, puede hacer <a href=\"http:\/\/marshallradio.com\/ww\/producto\/rt-gps-rechargeable-battery-kit\/?lang=es\">clic aqu\u00ed para ver nuestros kits de cargador.<\/a> En las notas al finalizar la compra, tenga en cuenta si el kit de cargador es para su RT o RT Turbo para que podamos, en el mejor de los casos, igualar el color de su transmisor. Si ya tiene una base de cargador, simplemente puede comprar una <a href=\"http:\/\/marshallradio.com\/ww\/producto\/baterias-recargables\/?lang=es\">sola bater\u00eda recargable aqu\u00ed.<\/a><\/p>\n<div class=\"read-more\"><a href=\"https:\/\/marshallradio.com\/ww\/producto\/rt-turbo-transmitter\/?lang=es\">Read more <span class=\"screen-reader-text\">RT Turbo transmisor<\/span><span class=\"meta-nav\"> &#8250;<\/span><\/a><\/div>\n<p><!-- end of .read-more --><\/p>\n","protected":false},"featured_media":34372,"template":"","meta":{"_acf_changed":false},"product_brand":[],"product_cat":[165],"product_tag":[],"class_list":{"0":"post-31495","1":"product","2":"type-product","3":"status-publish","4":"has-post-thumbnail","6":"product_cat-transmisores","8":"first","9":"instock","10":"taxable","11":"shipping-taxable","12":"purchasable","13":"product-type-variable"},"acf":[],"_links":{"self":[{"href":"https:\/\/marshallradio.com\/ww\/wp-json\/wp\/v2\/product\/31495","targetHints":{"allow":["GET"]}}],"collection":[{"href":"https:\/\/marshallradio.com\/ww\/wp-json\/wp\/v2\/product"}],"about":[{"href":"https:\/\/marshallradio.com\/ww\/wp-json\/wp\/v2\/types\/product"}],"wp:featuredmedia":[{"embeddable":true,"href":"https:\/\/marshallradio.com\/ww\/wp-json\/wp\/v2\/media\/34372"}],"wp:attachment":[{"href":"https:\/\/marshallradio.com\/ww\/wp-json\/wp\/v2\/media?parent=31495"}],"wp:term":[{"taxonomy":"product_brand","embeddable":true,"href":"https:\/\/marshallradio.com\/ww\/wp-json\/wp\/v2\/product_brand?post=31495"},{"taxonomy":"product_cat","embeddable":true,"href":"https:\/\/marshallradio.com\/ww\/wp-json\/wp\/v2\/product_cat?post=31495"},{"taxonomy":"product_tag","embeddable":true,"href":"https:\/\/marshallradio.com\/ww\/wp-json\/wp\/v2\/product_tag?post=31495"}],"curies":[{"name":"wp","href":"https:\/\/api.w.org\/{rel}","templated":true}]}}