
{"id":31600,"date":"2018-06-18T17:22:49","date_gmt":"2019-07-09T23:02:52","guid":{"rendered":"http:\/\/marshallradio.com\/ww\/product\/transmisor-vhf-rt-plus\/"},"modified":"2022-12-08T23:40:40","modified_gmt":"2022-12-08T23:40:40","slug":"rt-plus-vhf-transmitter","status":"publish","type":"product","link":"https:\/\/marshallradio.com\/ww\/producto\/rt-plus-vhf-transmitter\/?lang=es","title":{"rendered":"Transmisor VHF RT Plus"},"content":{"rendered":"<p><strong>M\u00c9TODO DE MONTAJE<\/strong><br \/>\nUsando el dise\u00f1o de pinza de alambre, el RT Plus se puede montar en una de las plumas de la cubierta de un halc\u00f3n o halc\u00f3n grande. El resorte se puede quitar f\u00e1cilmente en el campo para hacer un cambio de emergencia a un soporte para la pierna.<\/p>\n<p><strong>Dise\u00f1o de caja<\/strong><br \/>\nTodav\u00eda mecanizados a partir de la aleaci\u00f3n de avi\u00f3n m\u00e1s fuerte disponible (7075), estos estuches cuidadosamente dise\u00f1ados protegen los circuitos internos al tiempo que protegen las bater\u00edas tambi\u00e9n. Para la RT, el aspecto general y el peso es similar. Pero, hay una nueva parte plana de &#8220;aleta&#8221; en la parte inferior que ahora le da un mejor apalancamiento y agarre al atornillar la tapa.<\/p>\n<p>&nbsp;<\/p>\n<p>&nbsp;<\/p>\n","protected":false},"excerpt":{"rendered":"<p>&nbsp;<\/p>\n<p>El RT Plus es el est\u00e1ndar por el cual se miden todos los dem\u00e1s transmisores de cetrer\u00eda. Dise\u00f1ado en torno a la confiable bater\u00eda de litio 1 \/ 3N que brinda una forma y tama\u00f1o \u00fanicos en general. Con una vida \u00fatil m\u00e1s prolongada de la bater\u00eda y una potente se\u00f1al, se desarroll\u00f3 para ser un soporte de pata principal para alas cortas m\u00e1s grandes y largas (aves de 18 oz y m\u00e1s). El RT PLUS fue el primero de una nueva generaci\u00f3n de transmisores con una antena corta, segura y de media longitud, y a\u00fan as\u00ed ofrece m\u00e1s potencia que otros que a\u00fan utilizan los largos. Tambi\u00e9n es ideal como transmisor secundario (de respaldo) para el soporte de mochila PowerMax.<\/p>\n<p>Frecuencias disponibles: 173, 216, 218<\/p>\n<p>&nbsp;<\/p>\n<div class=\"read-more\"><a href=\"https:\/\/marshallradio.com\/ww\/producto\/rt-plus-vhf-transmitter\/?lang=es\">Read more <span class=\"screen-reader-text\">Transmisor VHF RT Plus<\/span><span class=\"meta-nav\"> &#8250;<\/span><\/a><\/div>\n<p><!-- end of .read-more --><\/p>\n","protected":false},"featured_media":42383,"template":"","meta":{"_acf_changed":false},"product_brand":[],"product_cat":[33],"product_tag":[],"class_list":{"0":"post-31600","1":"product","2":"type-product","3":"status-publish","4":"has-post-thumbnail","6":"product_cat-sin-categorizar","8":"first","9":"outofstock","10":"taxable","11":"shipping-taxable","12":"purchasable","13":"product-type-variable"},"acf":[],"_links":{"self":[{"href":"https:\/\/marshallradio.com\/ww\/wp-json\/wp\/v2\/product\/31600","targetHints":{"allow":["GET"]}}],"collection":[{"href":"https:\/\/marshallradio.com\/ww\/wp-json\/wp\/v2\/product"}],"about":[{"href":"https:\/\/marshallradio.com\/ww\/wp-json\/wp\/v2\/types\/product"}],"wp:featuredmedia":[{"embeddable":true,"href":"https:\/\/marshallradio.com\/ww\/wp-json\/wp\/v2\/media\/42383"}],"wp:attachment":[{"href":"https:\/\/marshallradio.com\/ww\/wp-json\/wp\/v2\/media?parent=31600"}],"wp:term":[{"taxonomy":"product_brand","embeddable":true,"href":"https:\/\/marshallradio.com\/ww\/wp-json\/wp\/v2\/product_brand?post=31600"},{"taxonomy":"product_cat","embeddable":true,"href":"https:\/\/marshallradio.com\/ww\/wp-json\/wp\/v2\/product_cat?post=31600"},{"taxonomy":"product_tag","embeddable":true,"href":"https:\/\/marshallradio.com\/ww\/wp-json\/wp\/v2\/product_tag?post=31600"}],"curies":[{"name":"wp","href":"https:\/\/api.w.org\/{rel}","templated":true}]}}