
{"id":31631,"date":"2018-06-18T17:04:11","date_gmt":"2019-07-10T15:46:43","guid":{"rendered":"http:\/\/marshallradio.com\/ww\/product\/transmisor-scout-vhf\/"},"modified":"2022-08-08T22:49:40","modified_gmt":"2022-08-08T22:49:40","slug":"scout-vhf-transmitter-2","status":"publish","type":"product","link":"https:\/\/marshallradio.com\/ww\/producto\/scout-vhf-transmitter-2\/?lang=es","title":{"rendered":"Transmisor Scout VHF"},"content":{"rendered":"<p><strong>DISE\u00d1O<\/strong><br \/>\nEl nuevo Scout fue pensado para ser la opci\u00f3n de transmisor ideal para el Hawker de ala corta, ya que tiene la mejor combinaci\u00f3n de alcance, tama\u00f1o, larga duraci\u00f3n de la bater\u00eda y bajo costo que este grupo busca.<\/p>\n<p>Un objetivo clave del dise\u00f1o era &#8220;sintonizar cr\u00edticamente&#8221; una antena corta y segura de 7 pulgadas sin la correspondiente p\u00e9rdida de energ\u00eda que ocurre cuando simplemente corta la antena. Y, lograr antenas cortas sin utilizar frecuencias m\u00e1s altas ha sido un gran avance exclusivo de Marshall durante varios a\u00f1os.<\/p>\n<p><strong>Como un montaje de la pierna<\/strong><br \/>\nPara las aves m\u00e1s grandes como Harris &#8216;Hawks, Goshawks y Redtail Hawks, el Scout hace un montaje de pata ideal con su antena liviana y corta. Tambi\u00e9n puede pedir este soporte para usarlo como soporte de cuello.<\/p>\n<p>Hay una ranura Bewit de tama\u00f1o generoso en la parte superior y la carcasa es plana y lisa en ambos lados.<\/p>\n<p><strong>COMO UN MONTAJE EN COLA<\/strong><br \/>\nCuando ordena un Scout como un montaje de cola, viene con un peque\u00f1o resorte unido a la parte inferior de la caja. La caja est\u00e1 mecanizada con tres peque\u00f1os postes de retenci\u00f3n en la parte inferior que sostienen el resorte de cola en su lugar. Tambi\u00e9n puede solicitar este montaje para usar con un TrackPack.<\/p>\n<p>La forma plana y la antena corta de 7 pulgadas lo hacen ideal para un &#8220;montaje dorsal&#8221; como el Tail o el TrackPack.<\/p>\n<p>El accesorio de la ranura Bewit sigue siendo parte del estuche, por lo que en caso de emergencia (o si el resorte se rompe por alguna raz\u00f3n), a\u00fan podr\u00eda usar el transmisor como un soporte para la pierna temporalmente.<\/p>\n<p><strong>LARGA VIDA DE LA BATER\u00cdA: 30 d\u00edas.<\/strong><\/p>\n<p>Estos tiempos de ejecuci\u00f3n largos son rivalizados solo por los transmisores de investigaci\u00f3n. Sin embargo, estos transmisores de investigaci\u00f3n de larga duraci\u00f3n utilizados por los bi\u00f3logos logran su larga vida a trav\u00e9s del compromiso en una gran reducci\u00f3n en la producci\u00f3n de energ\u00eda.<\/p>\n<p>El Scout, por otro lado, es \u00fanico ya que no sacrifica el alcance por la duraci\u00f3n de la bater\u00eda. Es el primero de su tipo: un transmisor de mayor potencia para aves, no investigado pero de muy larga vida (VLL), profesionalmente empaquetado.<\/p>\n<p><strong>UNA GRAN NUEVA OPCI\u00d3N PARA JAMONES CON LICENCIA<\/strong><br \/>\nPara los clientes estadounidenses (EE. UU.\/Canad\u00e1\/M\u00e9xico) que tienen una licencia HAM, podemos asegurarnos de que cumpla con los requisitos para usar esta banda al programar su distintivo de llamada en el transmisor. Su indicativo de llamada se transmitir\u00e1 en c\u00f3digo Morse al inicio y una vez cada diez minutos, seg\u00fan lo exige la ley.<br \/>\nSi no tiene una licencia de radioaficionado, se sorprender\u00e1 de lo f\u00e1cil que es obtener una. Aprueba un examen sencillo, para el cual puedes estudiar todas las respuestas con anticipaci\u00f3n, paga diez d\u00f3lares y con un 80% de calificaci\u00f3n aprobatoria, tienes una licencia de diez a\u00f1os, nuevos conocimientos sobre Radio Telemetr\u00eda y la autorizaci\u00f3n para usar las bandas no comerciales. (como 433-434) no solo para seguimiento sino tambi\u00e9n para comunicaci\u00f3n y emergencias.<br \/>\nPara aquellos que deseen averiguar qu\u00e9 se requiere para obtener una licencia HAM, este es un excelente lugar para comenzar: <a href=\"https:\/\/www.eham.net\/\">C\u00f3mo obtener su licencia de radioaficionado<\/a><\/p>\n","protected":false},"excerpt":{"rendered":"<p>&nbsp;<\/p>\n<div class=\"k2IntroText\">\n<p>El transmisor Scout est\u00e1 dise\u00f1ado para usarse con los halcones m\u00e1s grandes, como Redtails, Goshawks y Harris &#8216;Hawks cuando se usa como soporte para patas o cola. Tambi\u00e9n se puede usar en aves m\u00e1s peque\u00f1as cuando se usa el TrackPack.<\/p>\n<p>Las caracter\u00edsticas clave son el bajo precio y la larga duraci\u00f3n de la bater\u00eda:<\/p>\n<ul>\n<li>El VHF Scout funciona m\u00e1s de veinte d\u00edas con una sola bater\u00eda<\/li>\n<li>El UHF Scout funciona durante 10 d\u00edas con una sola bater\u00eda<\/li>\n<li>Alcance de l\u00ednea de visi\u00f3n de cuarenta millas<\/li>\n<li>Pesa solo 9 gramos con bateria<\/li>\n<li>Utiliza una antena corta de 7 pulgadas.<\/li>\n<li>El transmisor de menor costo.<\/li>\n<li>Bater\u00eda de litio con moneda de 2032 ampliamente disponible en todas partes<\/li>\n<li>Frecuencias disponibles: 173, 216, 217, 218, 219, 433, 434<\/li>\n<\/ul>\n<\/div>\n<p>&nbsp;<\/p>\n<div class=\"itemFullText\">\n<div id=\"jwts_tab1\" class=\"jwts_tabberlive\"><\/div>\n<\/div>\n<div class=\"read-more\"><a href=\"https:\/\/marshallradio.com\/ww\/producto\/scout-vhf-transmitter-2\/?lang=es\">Read more <span class=\"screen-reader-text\">Transmisor Scout VHF<\/span><span class=\"meta-nav\"> &#8250;<\/span><\/a><\/div>\n<p><!-- end of .read-more --><\/p>\n","protected":false},"featured_media":42387,"template":"","meta":{"_acf_changed":false},"product_brand":[],"product_cat":[165],"product_tag":[],"class_list":{"0":"post-31631","1":"product","2":"type-product","3":"status-publish","4":"has-post-thumbnail","6":"product_cat-transmisores","8":"first","9":"instock","10":"taxable","11":"shipping-taxable","12":"purchasable","13":"product-type-variable"},"acf":[],"_links":{"self":[{"href":"https:\/\/marshallradio.com\/ww\/wp-json\/wp\/v2\/product\/31631","targetHints":{"allow":["GET"]}}],"collection":[{"href":"https:\/\/marshallradio.com\/ww\/wp-json\/wp\/v2\/product"}],"about":[{"href":"https:\/\/marshallradio.com\/ww\/wp-json\/wp\/v2\/types\/product"}],"wp:featuredmedia":[{"embeddable":true,"href":"https:\/\/marshallradio.com\/ww\/wp-json\/wp\/v2\/media\/42387"}],"wp:attachment":[{"href":"https:\/\/marshallradio.com\/ww\/wp-json\/wp\/v2\/media?parent=31631"}],"wp:term":[{"taxonomy":"product_brand","embeddable":true,"href":"https:\/\/marshallradio.com\/ww\/wp-json\/wp\/v2\/product_brand?post=31631"},{"taxonomy":"product_cat","embeddable":true,"href":"https:\/\/marshallradio.com\/ww\/wp-json\/wp\/v2\/product_cat?post=31631"},{"taxonomy":"product_tag","embeddable":true,"href":"https:\/\/marshallradio.com\/ww\/wp-json\/wp\/v2\/product_tag?post=31631"}],"curies":[{"name":"wp","href":"https:\/\/api.w.org\/{rel}","templated":true}]}}