
{"id":35276,"date":"2020-01-24T17:05:04","date_gmt":"2020-01-24T17:05:04","guid":{"rendered":"http:\/\/marshallradio.com\/ww\/product\/varita-magnetica\/"},"modified":"2021-04-09T18:41:38","modified_gmt":"2021-04-09T18:41:38","slug":"varita-magnetica","status":"publish","type":"product","link":"https:\/\/marshallradio.com\/ww\/producto\/varita-magnetica\/?lang=es","title":{"rendered":"Varita magn\u00e9tica"},"content":{"rendered":"","protected":false},"excerpt":{"rendered":"<p>La varilla magn\u00e9tica le permite encender y apagar sus transmisores de telemetr\u00eda.<br \/>\nTambi\u00e9n puede usar esto con el transmisor GPS para poner su transmisor en modo de suspensi\u00f3n o para reactivarlo. Los colores pueden estar limitados en stock.<\/p>\n<p>Si debe tener un color determinado, ingrese en las notas al finalizar la compra el color de su elecci\u00f3n. (Rojo, naranja, plata, negro)<\/p>\n<div class=\"read-more\"><a href=\"https:\/\/marshallradio.com\/ww\/producto\/varita-magnetica\/?lang=es\">Read more <span class=\"screen-reader-text\">Varita magn\u00e9tica<\/span><span class=\"meta-nav\"> &#8250;<\/span><\/a><\/div>\n<p><!-- end of .read-more --><\/p>\n","protected":false},"featured_media":42334,"template":"","meta":{"_acf_changed":false},"product_brand":[],"product_cat":[150,230],"product_tag":[],"class_list":{"0":"post-35276","1":"product","2":"type-product","3":"status-publish","4":"has-post-thumbnail","6":"product_cat-mundial-accesorios","7":"product_cat-productos-para-loros-es","9":"first","10":"instock","11":"taxable","12":"shipping-taxable","13":"purchasable","14":"product-type-simple"},"acf":[],"_links":{"self":[{"href":"https:\/\/marshallradio.com\/ww\/wp-json\/wp\/v2\/product\/35276","targetHints":{"allow":["GET"]}}],"collection":[{"href":"https:\/\/marshallradio.com\/ww\/wp-json\/wp\/v2\/product"}],"about":[{"href":"https:\/\/marshallradio.com\/ww\/wp-json\/wp\/v2\/types\/product"}],"wp:featuredmedia":[{"embeddable":true,"href":"https:\/\/marshallradio.com\/ww\/wp-json\/wp\/v2\/media\/42334"}],"wp:attachment":[{"href":"https:\/\/marshallradio.com\/ww\/wp-json\/wp\/v2\/media?parent=35276"}],"wp:term":[{"taxonomy":"product_brand","embeddable":true,"href":"https:\/\/marshallradio.com\/ww\/wp-json\/wp\/v2\/product_brand?post=35276"},{"taxonomy":"product_cat","embeddable":true,"href":"https:\/\/marshallradio.com\/ww\/wp-json\/wp\/v2\/product_cat?post=35276"},{"taxonomy":"product_tag","embeddable":true,"href":"https:\/\/marshallradio.com\/ww\/wp-json\/wp\/v2\/product_tag?post=35276"}],"curies":[{"name":"wp","href":"https:\/\/api.w.org\/{rel}","templated":true}]}}