
{"id":35646,"date":"2020-03-11T16:29:32","date_gmt":"2020-03-11T16:29:32","guid":{"rendered":"http:\/\/marshallradio.com\/ww\/product\/servicios-de-collar\/"},"modified":"2023-12-18T21:27:36","modified_gmt":"2023-12-18T21:27:36","slug":"servicios-de-collar","status":"publish","type":"product","link":"https:\/\/marshallradio.com\/ww\/producto\/servicios-de-collar\/?lang=es","title":{"rendered":"Servicios de collar"},"content":{"rendered":"<p><strong>Servicios de cuello<\/strong>: \u00bfSu collar de rastreo Marshall necesita mantenimiento? Si es as\u00ed, seleccione este Collar<br \/>\nRealice el mantenimiento y env\u00ede su collar. Si experimenta alg\u00fan problema espec\u00edfico con los collares,<br \/>\nproporcione esta informaci\u00f3n en las notas cuando realice el pago.<\/p>\n<p>Al llegar a nuestra f\u00e1brica, los t\u00e9cnicos limpiar\u00e1n su collar, limpiar\u00e1n o reemplazar\u00e1n la bater\u00eda<br \/>\ncontactos, reemplace el sello anular y reemplace su antena. Luego probar\u00e1n completamente su collar<br \/>\npara asegurarse de que est\u00e9 funcionando seg\u00fan las especificaciones. Si son necesarias piezas o reparaciones adicionales,<br \/>\nen contacto con usted para la autorizaci\u00f3n.  <\/p>\n<p>*Si alguno de los productos enviados para servicios se considera que no se puede reparar, la tarifa de servicio del collar puede ser<br \/>\naplicado a la compra de cualquier producto de Marshall Radio dentro de los 90 d\u00edas.*<\/p>\n<p>Ingrese la cantidad correcta de art\u00edculos que se env\u00edan. La tarifa de servicio del collar es por collar.<br \/>\nUsted ser\u00e1 responsable de enviar sus art\u00edculos para los servicios, le recomendamos que utilice un<br \/>\nm\u00e9todo de env\u00edo rastreable con un n\u00famero de seguimiento.<\/p>\n<p>Tenga en cuenta: si solicita art\u00edculos adicionales con su servicio de collar, estos art\u00edculos ser\u00e1n<br \/>\nenviado al mismo tiempo que su collar reparado. Si necesita art\u00edculos adicionales antes, por favor<br \/>\nhaga un pedido en l\u00ednea por separado para esos art\u00edculos.<\/p>\n<p><strong>Sugerencias entre temporadas<\/strong><br \/>\nEstos sencillos pasos para almacenar sus collares durante la temporada baja ayudar\u00e1n a prolongar la vida \u00fatil de su equipo de rastreo.<\/p>\n<p>Retire cualquier suciedad o escombros de la temporada anterior.<br \/>\nAlmacene los equipos en un lugar fresco y seco, donde no puedan acumular polvo, suciedad o mugre.<br \/>\n<strong>Importante<\/strong>: Retire las pilas antes de guardarlas. Bater\u00edas dejadas dentro del equipo por per\u00edodos prolongados<br \/>\npuede tener fugas e hincharse, causando da\u00f1os irreparables al equipo. Inspeccione sus antenas y<br \/>\nreemplace cualquiera que est\u00e9 severamente retorcido, da\u00f1ado o que muestre filamentos de metal expuestos.<\/p>\n<p>Todas las bater\u00edas deben almacenarse en un ambiente fresco y seco. Guarde las bater\u00edas en un recipiente a prueba de vapor si se encuentra en un entorno con mucha humedad o si existe riesgo de condensaci\u00f3n (incluso en el frigor\u00edfico). A\u00edsle las bater\u00edas para que no entren en contacto entre s\u00ed, lo que puede crear un corto y da\u00f1ar las bater\u00edas o generar un exceso de calor.<\/p>\n<p><strong>Si compra nuestros servicios, env\u00ede sus art\u00edculos a la siguiente direcci\u00f3n dentro de 3 a 4 semanas a partir de la fecha de compra.<\/strong> Si sus art\u00edculos no se reciben dentro de ese tiempo, intentaremos comunicarnos con usted para obtener actualizaciones. Las compras de servicios se reembolsar\u00e1n autom\u00e1ticamente en 4 semanas si no hemos recibido sus art\u00edculos dentro de ese tiempo y no hemos recibido una actualizaci\u00f3n. Si sus art\u00edculos se env\u00edan despu\u00e9s de que se haya procesado un reembolso, se le contactar\u00e1 para pagar los servicios recibidos.<\/p>\n<p>845 West Center Street<br \/>\nNorth Salt Lake, UT 84054<br \/>\nUSA<\/p>\n","protected":false},"excerpt":{"rendered":"<p>Cuando no necesite activamente su equipo, es un buen momento para que verifiquemos, limpiemos, probemos y reajustemos su equipo. Tambi\u00e9n puede usar este servicio para cualquier collar (es) que necesite reparar.<\/p>\n<div class=\"read-more\"><a href=\"https:\/\/marshallradio.com\/ww\/producto\/servicios-de-collar\/?lang=es\">Read more <span class=\"screen-reader-text\">Servicios de collar<\/span><span class=\"meta-nav\"> &#8250;<\/span><\/a><\/div>\n<p><!-- end of .read-more --><\/p>\n","protected":false},"featured_media":33729,"template":"","meta":{"_acf_changed":false},"product_brand":[],"product_cat":[224],"product_tag":[],"class_list":{"0":"post-35646","1":"product","2":"type-product","3":"status-publish","4":"has-post-thumbnail","6":"product_cat-servicios-es","8":"first","9":"instock","10":"taxable","11":"shipping-taxable","12":"purchasable","13":"product-type-simple"},"acf":[],"_links":{"self":[{"href":"https:\/\/marshallradio.com\/ww\/wp-json\/wp\/v2\/product\/35646","targetHints":{"allow":["GET"]}}],"collection":[{"href":"https:\/\/marshallradio.com\/ww\/wp-json\/wp\/v2\/product"}],"about":[{"href":"https:\/\/marshallradio.com\/ww\/wp-json\/wp\/v2\/types\/product"}],"wp:featuredmedia":[{"embeddable":true,"href":"https:\/\/marshallradio.com\/ww\/wp-json\/wp\/v2\/media\/33729"}],"wp:attachment":[{"href":"https:\/\/marshallradio.com\/ww\/wp-json\/wp\/v2\/media?parent=35646"}],"wp:term":[{"taxonomy":"product_brand","embeddable":true,"href":"https:\/\/marshallradio.com\/ww\/wp-json\/wp\/v2\/product_brand?post=35646"},{"taxonomy":"product_cat","embeddable":true,"href":"https:\/\/marshallradio.com\/ww\/wp-json\/wp\/v2\/product_cat?post=35646"},{"taxonomy":"product_tag","embeddable":true,"href":"https:\/\/marshallradio.com\/ww\/wp-json\/wp\/v2\/product_tag?post=35646"}],"curies":[{"name":"wp","href":"https:\/\/api.w.org\/{rel}","templated":true}]}}