
{"id":35981,"date":"2020-04-29T15:05:34","date_gmt":"2020-04-29T15:05:34","guid":{"rendered":"http:\/\/marshallradio.com\/ww\/product\/arandela-de-resorte\/"},"modified":"2021-04-09T19:29:44","modified_gmt":"2021-04-09T19:29:44","slug":"arandela-de-resorte","status":"publish","type":"product","link":"https:\/\/marshallradio.com\/ww\/producto\/arandela-de-resorte\/?lang=es","title":{"rendered":"Arandela de resorte"},"content":{"rendered":"","protected":false},"excerpt":{"rendered":"<p>Spring Washer es la parte de c\u00edrculo peque\u00f1o dise\u00f1ada para mantener el resorte de cola en su transmisor (modelos RT \/ GPS 2018 y posteriores). Se pasa el hilo y se ajusta en su lugar.<\/p>\n<p>El precio es por cada lavadora individual.<\/p>\n<div class=\"read-more\"><a href=\"https:\/\/marshallradio.com\/ww\/producto\/arandela-de-resorte\/?lang=es\">Read more <span class=\"screen-reader-text\">Arandela de resorte<\/span><span class=\"meta-nav\"> &#8250;<\/span><\/a><\/div>\n<p><!-- end of .read-more --><\/p>\n","protected":false},"featured_media":42338,"template":"","meta":{"_acf_changed":false},"product_brand":[],"product_cat":[150,230],"product_tag":[],"class_list":{"0":"post-35981","1":"product","2":"type-product","3":"status-publish","4":"has-post-thumbnail","6":"product_cat-mundial-accesorios","7":"product_cat-productos-para-loros-es","9":"first","10":"instock","11":"taxable","12":"shipping-taxable","13":"purchasable","14":"product-type-simple"},"acf":[],"_links":{"self":[{"href":"https:\/\/marshallradio.com\/ww\/wp-json\/wp\/v2\/product\/35981","targetHints":{"allow":["GET"]}}],"collection":[{"href":"https:\/\/marshallradio.com\/ww\/wp-json\/wp\/v2\/product"}],"about":[{"href":"https:\/\/marshallradio.com\/ww\/wp-json\/wp\/v2\/types\/product"}],"wp:featuredmedia":[{"embeddable":true,"href":"https:\/\/marshallradio.com\/ww\/wp-json\/wp\/v2\/media\/42338"}],"wp:attachment":[{"href":"https:\/\/marshallradio.com\/ww\/wp-json\/wp\/v2\/media?parent=35981"}],"wp:term":[{"taxonomy":"product_brand","embeddable":true,"href":"https:\/\/marshallradio.com\/ww\/wp-json\/wp\/v2\/product_brand?post=35981"},{"taxonomy":"product_cat","embeddable":true,"href":"https:\/\/marshallradio.com\/ww\/wp-json\/wp\/v2\/product_cat?post=35981"},{"taxonomy":"product_tag","embeddable":true,"href":"https:\/\/marshallradio.com\/ww\/wp-json\/wp\/v2\/product_tag?post=35981"}],"curies":[{"name":"wp","href":"https:\/\/api.w.org\/{rel}","templated":true}]}}