
{"id":36463,"date":"2020-06-01T16:46:45","date_gmt":"2020-06-01T16:46:45","guid":{"rendered":"http:\/\/marshallradio.com\/ww\/product\/protector-metalico-de-antena\/"},"modified":"2021-04-09T18:07:09","modified_gmt":"2021-04-09T18:07:09","slug":"protector-metalico-de-antena","status":"publish","type":"product","link":"https:\/\/marshallradio.com\/ww\/producto\/protector-metalico-de-antena\/?lang=es","title":{"rendered":"Protector Met\u00e1lico de Antena"},"content":{"rendered":"","protected":false},"excerpt":{"rendered":"<p><strong>ESTE PROTECTOR DE ANTENA ES PARA MORDEROS PERSISTENTES Y ESPECIES DE LOROS M\u00c1S GRANDES. EL RANGO DEL GPS PUEDE SER LIGERAMENTE REDUCIDO.<\/strong><\/p>\n<p>Los guacamayos m\u00e1s grandes tienen picaduras poderosas y pueden ser obsesivos para atacar objetos extra\u00f1os en su vecindad.<br \/>\nNuestros transmisores GPS Parrot vienen con el protector de antena est\u00e1ndar que es adecuado para loros m\u00e1s peque\u00f1os. Para las aves que tienen dificultades para dejar los objetos solos, hemos creado un protector de antena de aluminio mecanizado que resiste esas picaduras.<br \/>\nSin embargo, estos protectores met\u00e1licos pueden reducir ligeramente la recepci\u00f3n de la se\u00f1al del sat\u00e9lite y el alcance del sistema hasta en un 25%.<br \/>\nPara loros m\u00e1s peque\u00f1os o guacamayos con temperamentos m\u00e1s suaves, recomendamos el protector de antena est\u00e1ndar. Para aquellos con guacamayos m\u00e1s grandes, varios guacamayos y aquellos que practican el vuelo en Liberty, recomendamos el protector de aluminio mecanizado. Adem\u00e1s, el protector de aluminio puede usarse para acondicionamiento y luego cambiarse f\u00e1cilmente a la versi\u00f3n est\u00e1ndar para vuelo libre. <\/p>\n<div class=\"read-more\"><a href=\"https:\/\/marshallradio.com\/ww\/producto\/protector-metalico-de-antena\/?lang=es\">Read more <span class=\"screen-reader-text\">Protector Met\u00e1lico de Antena<\/span><span class=\"meta-nav\"> &#8250;<\/span><\/a><\/div>\n<p><!-- end of .read-more --><\/p>\n","protected":false},"featured_media":42322,"template":"","meta":{"_acf_changed":false},"product_brand":[],"product_cat":[230],"product_tag":[],"class_list":{"0":"post-36463","1":"product","2":"type-product","3":"status-publish","4":"has-post-thumbnail","6":"product_cat-productos-para-loros-es","8":"first","9":"instock","10":"taxable","11":"shipping-taxable","12":"purchasable","13":"product-type-simple"},"acf":[],"_links":{"self":[{"href":"https:\/\/marshallradio.com\/ww\/wp-json\/wp\/v2\/product\/36463","targetHints":{"allow":["GET"]}}],"collection":[{"href":"https:\/\/marshallradio.com\/ww\/wp-json\/wp\/v2\/product"}],"about":[{"href":"https:\/\/marshallradio.com\/ww\/wp-json\/wp\/v2\/types\/product"}],"wp:featuredmedia":[{"embeddable":true,"href":"https:\/\/marshallradio.com\/ww\/wp-json\/wp\/v2\/media\/42322"}],"wp:attachment":[{"href":"https:\/\/marshallradio.com\/ww\/wp-json\/wp\/v2\/media?parent=36463"}],"wp:term":[{"taxonomy":"product_brand","embeddable":true,"href":"https:\/\/marshallradio.com\/ww\/wp-json\/wp\/v2\/product_brand?post=36463"},{"taxonomy":"product_cat","embeddable":true,"href":"https:\/\/marshallradio.com\/ww\/wp-json\/wp\/v2\/product_cat?post=36463"},{"taxonomy":"product_tag","embeddable":true,"href":"https:\/\/marshallradio.com\/ww\/wp-json\/wp\/v2\/product_tag?post=36463"}],"curies":[{"name":"wp","href":"https:\/\/api.w.org\/{rel}","templated":true}]}}