
{"id":38192,"date":"2020-09-24T14:42:11","date_gmt":"2020-09-24T14:42:11","guid":{"rendered":"http:\/\/marshallradio.com\/ww\/product\/micro-tapas\/"},"modified":"2021-01-21T00:08:48","modified_gmt":"2021-01-21T00:08:48","slug":"micro-tapas","status":"publish","type":"product","link":"https:\/\/marshallradio.com\/ww\/producto\/micro-tapas\/?lang=es","title":{"rendered":"Micro tapas"},"content":{"rendered":"","protected":false},"excerpt":{"rendered":"<p>Aunque est\u00e1 dise\u00f1ado para durar para siempre, de vez en cuando es posible que necesite una tapa de repuesto para su transmisor. Las tapas tambi\u00e9n se pueden grabar con l\u00e1ser personalizado con RECOMPENSA o un n\u00famero de tel\u00e9fono por $ 10 adicionales.<\/p>\n<div class=\"read-more\"><a href=\"https:\/\/marshallradio.com\/ww\/producto\/micro-tapas\/?lang=es\">Read more <span class=\"screen-reader-text\">Micro tapas<\/span><span class=\"meta-nav\"> &#8250;<\/span><\/a><\/div>\n<p><!-- end of .read-more --><\/p>\n","protected":false},"featured_media":42326,"template":"","meta":{"_acf_changed":false},"product_brand":[],"product_cat":[230],"product_tag":[],"class_list":{"0":"post-38192","1":"product","2":"type-product","3":"status-publish","4":"has-post-thumbnail","6":"product_cat-productos-para-loros-es","8":"first","9":"instock","10":"taxable","11":"shipping-taxable","12":"purchasable","13":"product-type-simple"},"acf":[],"_links":{"self":[{"href":"https:\/\/marshallradio.com\/ww\/wp-json\/wp\/v2\/product\/38192","targetHints":{"allow":["GET"]}}],"collection":[{"href":"https:\/\/marshallradio.com\/ww\/wp-json\/wp\/v2\/product"}],"about":[{"href":"https:\/\/marshallradio.com\/ww\/wp-json\/wp\/v2\/types\/product"}],"wp:featuredmedia":[{"embeddable":true,"href":"https:\/\/marshallradio.com\/ww\/wp-json\/wp\/v2\/media\/42326"}],"wp:attachment":[{"href":"https:\/\/marshallradio.com\/ww\/wp-json\/wp\/v2\/media?parent=38192"}],"wp:term":[{"taxonomy":"product_brand","embeddable":true,"href":"https:\/\/marshallradio.com\/ww\/wp-json\/wp\/v2\/product_brand?post=38192"},{"taxonomy":"product_cat","embeddable":true,"href":"https:\/\/marshallradio.com\/ww\/wp-json\/wp\/v2\/product_cat?post=38192"},{"taxonomy":"product_tag","embeddable":true,"href":"https:\/\/marshallradio.com\/ww\/wp-json\/wp\/v2\/product_tag?post=38192"}],"curies":[{"name":"wp","href":"https:\/\/api.w.org\/{rel}","templated":true}]}}