
{"id":38205,"date":"2020-09-24T14:50:14","date_gmt":"2020-09-24T14:50:14","guid":{"rendered":"http:\/\/marshallradio.com\/ww\/product\/resortes-de-cola-de-repuesto\/"},"modified":"2021-04-27T17:06:55","modified_gmt":"2021-04-27T17:06:55","slug":"resortes-de-cola-de-repuesto","status":"publish","type":"product","link":"https:\/\/marshallradio.com\/ww\/producto\/resortes-de-cola-de-repuesto\/?lang=es","title":{"rendered":"Resortes de cola de repuesto"},"content":{"rendered":"","protected":false},"excerpt":{"rendered":"<p>Puede cambiar f\u00e1cilmente un cable de resorte trasero da\u00f1ado si es necesario. Elija a continuaci\u00f3n el modelo de resorte que necesita para su transmisor.<\/p>\n<p>El precio es por resorte de cola individual.<\/p>\n<div class=\"read-more\"><a href=\"https:\/\/marshallradio.com\/ww\/producto\/resortes-de-cola-de-repuesto\/?lang=es\">Read more <span class=\"screen-reader-text\">Resortes de cola de repuesto<\/span><span class=\"meta-nav\"> &#8250;<\/span><\/a><\/div>\n<p><!-- end of .read-more --><\/p>\n","protected":false},"featured_media":42573,"template":"","meta":{"_acf_changed":false},"product_brand":[],"product_cat":[230],"product_tag":[],"class_list":{"0":"post-38205","1":"product","2":"type-product","3":"status-publish","4":"has-post-thumbnail","6":"product_cat-productos-para-loros-es","8":"first","9":"instock","10":"taxable","11":"shipping-taxable","12":"purchasable","13":"product-type-variable"},"acf":[],"_links":{"self":[{"href":"https:\/\/marshallradio.com\/ww\/wp-json\/wp\/v2\/product\/38205","targetHints":{"allow":["GET"]}}],"collection":[{"href":"https:\/\/marshallradio.com\/ww\/wp-json\/wp\/v2\/product"}],"about":[{"href":"https:\/\/marshallradio.com\/ww\/wp-json\/wp\/v2\/types\/product"}],"wp:featuredmedia":[{"embeddable":true,"href":"https:\/\/marshallradio.com\/ww\/wp-json\/wp\/v2\/media\/42573"}],"wp:attachment":[{"href":"https:\/\/marshallradio.com\/ww\/wp-json\/wp\/v2\/media?parent=38205"}],"wp:term":[{"taxonomy":"product_brand","embeddable":true,"href":"https:\/\/marshallradio.com\/ww\/wp-json\/wp\/v2\/product_brand?post=38205"},{"taxonomy":"product_cat","embeddable":true,"href":"https:\/\/marshallradio.com\/ww\/wp-json\/wp\/v2\/product_cat?post=38205"},{"taxonomy":"product_tag","embeddable":true,"href":"https:\/\/marshallradio.com\/ww\/wp-json\/wp\/v2\/product_tag?post=38205"}],"curies":[{"name":"wp","href":"https:\/\/api.w.org\/{rel}","templated":true}]}}