
{"id":38217,"date":"2020-09-24T15:02:59","date_gmt":"2020-09-24T15:02:59","guid":{"rendered":"http:\/\/marshallradio.com\/ww\/product\/reemplazos-de-antena\/"},"modified":"2024-12-20T22:02:39","modified_gmt":"2024-12-20T22:02:39","slug":"reemplazos-de-antena","status":"publish","type":"product","link":"https:\/\/marshallradio.com\/ww\/producto\/reemplazos-de-antena\/?lang=es","title":{"rendered":"Reemplazos de antena"},"content":{"rendered":"<p>En el video a continuaci\u00f3n se muestran las instrucciones para reemplazar una antena en transmisores con termorretr\u00e1ctil. Los micro transmisores para el sistema de pitidos requieren el encogimiento por calor. Los transmisores GPS no requieren termorretr\u00e1ctil, sino que utilizan protectores de antena.<\/p>\n<p><iframe loading=\"lazy\" title=\"Replacing the antenna on a Transmitter\" src=\"https:\/\/player.vimeo.com\/video\/10494003?dnt=1&amp;app_id=122963\" width=\"640\" height=\"424\" frameborder=\"0\" allow=\"autoplay; fullscreen\" allowfullscreen><\/iframe><\/p>\n","protected":false},"excerpt":{"rendered":"<p>Una antena recta es importante para el proceso de producir una se\u00f1al fuerte. Si sus antenas est\u00e1n torcidas, enrolladas y se han enderezado por \u00faltima vez, podr\u00eda considerar comprar una nueva para mantener el m\u00e1ximo rendimiento. Las antenas reemplazables en campo se atornillan directamente al perno de la antena del transmisor.<\/p>\n<div class=\"read-more\"><a href=\"https:\/\/marshallradio.com\/ww\/producto\/reemplazos-de-antena\/?lang=es\">Read more <span class=\"screen-reader-text\">Reemplazos de antena<\/span><span class=\"meta-nav\"> &#8250;<\/span><\/a><\/div>\n<p><!-- end of .read-more --><\/p>\n","protected":false},"featured_media":35739,"template":"","meta":{"_acf_changed":false},"product_brand":[],"product_cat":[230],"product_tag":[],"class_list":{"0":"post-38217","1":"product","2":"type-product","3":"status-publish","4":"has-post-thumbnail","6":"product_cat-productos-para-loros-es","8":"first","9":"instock","10":"taxable","11":"shipping-taxable","12":"purchasable","13":"product-type-variable"},"acf":[],"_links":{"self":[{"href":"https:\/\/marshallradio.com\/ww\/wp-json\/wp\/v2\/product\/38217","targetHints":{"allow":["GET"]}}],"collection":[{"href":"https:\/\/marshallradio.com\/ww\/wp-json\/wp\/v2\/product"}],"about":[{"href":"https:\/\/marshallradio.com\/ww\/wp-json\/wp\/v2\/types\/product"}],"wp:featuredmedia":[{"embeddable":true,"href":"https:\/\/marshallradio.com\/ww\/wp-json\/wp\/v2\/media\/35739"}],"wp:attachment":[{"href":"https:\/\/marshallradio.com\/ww\/wp-json\/wp\/v2\/media?parent=38217"}],"wp:term":[{"taxonomy":"product_brand","embeddable":true,"href":"https:\/\/marshallradio.com\/ww\/wp-json\/wp\/v2\/product_brand?post=38217"},{"taxonomy":"product_cat","embeddable":true,"href":"https:\/\/marshallradio.com\/ww\/wp-json\/wp\/v2\/product_cat?post=38217"},{"taxonomy":"product_tag","embeddable":true,"href":"https:\/\/marshallradio.com\/ww\/wp-json\/wp\/v2\/product_tag?post=38217"}],"curies":[{"name":"wp","href":"https:\/\/api.w.org\/{rel}","templated":true}]}}