
{"id":49864,"date":"2022-09-20T20:45:33","date_gmt":"2022-09-20T20:45:33","guid":{"rendered":"https:\/\/marshallradio.com\/ww\/product\/chaqueta-the-one-para-mujer\/"},"modified":"2023-02-06T23:04:23","modified_gmt":"2023-02-06T23:04:23","slug":"chaqueta-the-one-para-mujer","status":"publish","type":"product","link":"https:\/\/marshallradio.com\/ww\/producto\/chaqueta-the-one-para-mujer\/?lang=es","title":{"rendered":"Chaqueta THE ONE para mujer"},"content":{"rendered":"<p>La chaqueta KUHL&#8217;S THE ONE tiene un bonito ajuste m\u00e1s ce\u00f1ido que cae hasta la cadera. Es una chaqueta ultraligera con regulaci\u00f3n t\u00e9rmica y stretch. Es un material silencioso con refuerzos tejidos en las axilas para mayor transpirabilidad. Para correr entre zarzas, recomendamos usar una chaqueta exterior, ya que el material exterior es m\u00e1s suave y agradable.<\/p>\n","protected":false},"excerpt":{"rendered":"<p>La CHAQUETA KUHL WOMEN&#8217;S THE ONE es ideal para las cetreras que necesitan una chaqueta que proporcione calor y movilidad. La chaqueta es a prueba de viento pero muy transpirable. Tiene un agradable forro de punto c\u00e1lido y es liviano. KUHL&#8217;S THE ONE cuenta con tecnolog\u00eda Aeroknit que regula la temperatura con tejido MIKRO AIR que es resistente al agua y se estira. El \u00fanico que querr\u00e1s.<\/p>\n<p>&nbsp;<\/p>\n<p>&nbsp;<\/p>\n<div class=\"read-more\"><a href=\"https:\/\/marshallradio.com\/ww\/producto\/chaqueta-the-one-para-mujer\/?lang=es\">Read more <span class=\"screen-reader-text\">Chaqueta THE ONE para mujer<\/span><span class=\"meta-nav\"> &#8250;<\/span><\/a><\/div>\n<p><!-- end of .read-more --><\/p>\n","protected":false},"featured_media":48311,"template":"","meta":{"_acf_changed":false},"product_brand":[],"product_cat":[173],"product_tag":[],"class_list":{"0":"post-49864","1":"product","2":"type-product","3":"status-publish","4":"has-post-thumbnail","6":"product_cat-vestir","8":"first","9":"instock","10":"taxable","11":"shipping-taxable","12":"purchasable","13":"product-type-variable"},"acf":[],"_links":{"self":[{"href":"https:\/\/marshallradio.com\/ww\/wp-json\/wp\/v2\/product\/49864","targetHints":{"allow":["GET"]}}],"collection":[{"href":"https:\/\/marshallradio.com\/ww\/wp-json\/wp\/v2\/product"}],"about":[{"href":"https:\/\/marshallradio.com\/ww\/wp-json\/wp\/v2\/types\/product"}],"wp:featuredmedia":[{"embeddable":true,"href":"https:\/\/marshallradio.com\/ww\/wp-json\/wp\/v2\/media\/48311"}],"wp:attachment":[{"href":"https:\/\/marshallradio.com\/ww\/wp-json\/wp\/v2\/media?parent=49864"}],"wp:term":[{"taxonomy":"product_brand","embeddable":true,"href":"https:\/\/marshallradio.com\/ww\/wp-json\/wp\/v2\/product_brand?post=49864"},{"taxonomy":"product_cat","embeddable":true,"href":"https:\/\/marshallradio.com\/ww\/wp-json\/wp\/v2\/product_cat?post=49864"},{"taxonomy":"product_tag","embeddable":true,"href":"https:\/\/marshallradio.com\/ww\/wp-json\/wp\/v2\/product_tag?post=49864"}],"curies":[{"name":"wp","href":"https:\/\/api.w.org\/{rel}","templated":true}]}}