
{"id":53612,"date":"2024-01-23T22:53:07","date_gmt":"2024-01-23T22:53:07","guid":{"rendered":"https:\/\/marshallradio.com\/ww\/product\/transmisor-de-entrenamiento\/"},"modified":"2024-01-23T22:53:07","modified_gmt":"2024-01-23T22:53:07","slug":"transmisor-de-entrenamiento","status":"publish","type":"product","link":"https:\/\/marshallradio.com\/ww\/producto\/transmisor-de-entrenamiento\/?lang=es","title":{"rendered":"Transmisor de entrenamiento"},"content":{"rendered":"<p>El transmisor de entrenamiento puede venir solo como opci\u00f3n de cola, como opci\u00f3n de montaje en patas y cola o como opci\u00f3n de montaje ez-twist y cola. El resorte trasero es muy sencillo de quitar para convertirlo en soporte para patas. Puede ver nuestros diferentes m\u00e9todos de montaje en productos &#8211; m\u00e9todos de montaje en el men\u00fa. *El estilo EZ Twist no viene con recept\u00e1culo (debe comprarse por separado).<\/p>\n<p>El alcance y la se\u00f1al de los transmisores GPS dependen de la antena. Si la antena est\u00e1 torcida o tiene un cable expuesto, es hora de reemplazarla, ya que puede reducir o disminuir el alcance y la se\u00f1al.<br \/>\nPara Guacamayos tenemos la versi\u00f3n &#8220;actualizada&#8221; que viene con un protector de antena met\u00e1lico y una antena m\u00e1s gruesa que puede soportar las picaduras por m\u00e1s tiempo. Para especies de loros m\u00e1s peque\u00f1os tenemos la versi\u00f3n normal que viene con el protector de antena no met\u00e1lico y la antena normal. Recomendamos encarecidamente la versi\u00f3n actualizada para guacamayos y otras especies de loros grandes, as\u00ed como para loros que tienden a morder objetos con frecuencia. <\/p>\n<p>En \u00faltima instancia, el objetivo del transmisor de entrenamiento es probar diferentes soportes para ver cu\u00e1l funciona mejor para su ave, as\u00ed como entrenarla para que ignore el transmisor una vez instalado. <\/p>\n","protected":false},"excerpt":{"rendered":"<p>Tambi\u00e9n conocido como transmisor &#8220;ficticio&#8221;, este transmisor GPS inoperable no tiene otra funcionalidad que entrenar a su p\u00e1jaro para que se acostumbre al transmisor antes de colocarle el transmisor GPS real.<\/p>\n<div class=\"read-more\"><a href=\"https:\/\/marshallradio.com\/ww\/producto\/transmisor-de-entrenamiento\/?lang=es\">Read more <span class=\"screen-reader-text\">Transmisor de entrenamiento<\/span><span class=\"meta-nav\"> &#8250;<\/span><\/a><\/div>\n<p><!-- end of .read-more --><\/p>\n","protected":false},"featured_media":53593,"template":"","meta":{"_acf_changed":false},"product_brand":[],"product_cat":[230],"product_tag":[],"class_list":{"0":"post-53612","1":"product","2":"type-product","3":"status-publish","4":"has-post-thumbnail","6":"product_cat-productos-para-loros-es","8":"first","9":"instock","10":"taxable","11":"shipping-taxable","12":"purchasable","13":"product-type-variable"},"acf":[],"_links":{"self":[{"href":"https:\/\/marshallradio.com\/ww\/wp-json\/wp\/v2\/product\/53612","targetHints":{"allow":["GET"]}}],"collection":[{"href":"https:\/\/marshallradio.com\/ww\/wp-json\/wp\/v2\/product"}],"about":[{"href":"https:\/\/marshallradio.com\/ww\/wp-json\/wp\/v2\/types\/product"}],"wp:featuredmedia":[{"embeddable":true,"href":"https:\/\/marshallradio.com\/ww\/wp-json\/wp\/v2\/media\/53593"}],"wp:attachment":[{"href":"https:\/\/marshallradio.com\/ww\/wp-json\/wp\/v2\/media?parent=53612"}],"wp:term":[{"taxonomy":"product_brand","embeddable":true,"href":"https:\/\/marshallradio.com\/ww\/wp-json\/wp\/v2\/product_brand?post=53612"},{"taxonomy":"product_cat","embeddable":true,"href":"https:\/\/marshallradio.com\/ww\/wp-json\/wp\/v2\/product_cat?post=53612"},{"taxonomy":"product_tag","embeddable":true,"href":"https:\/\/marshallradio.com\/ww\/wp-json\/wp\/v2\/product_tag?post=53612"}],"curies":[{"name":"wp","href":"https:\/\/api.w.org\/{rel}","templated":true}]}}